{"id":2,"date":"2023-01-11T08:19:07","date_gmt":"2023-01-11T08:19:07","guid":{"rendered":"http:\/\/tpohotelariaecasa.pt\/?page_id=2"},"modified":"2025-04-05T20:21:21","modified_gmt":"2025-04-05T20:21:21","slug":"sample-page","status":"publish","type":"page","link":"https:\/\/tpohotelariaecasa.pt\/index.php\/sample-page\/","title":{"rendered":"Quem somos?"},"content":{"rendered":"\n<p>Na TPO dedic\u00e1vamo-nos essencialmente ao servi\u00e7o de repara\u00e7\u00e3o de equipamentos dom\u00e9sticos e industriais. Com mais de trinta de anos de experi\u00eancia nessa mesma \u00e1rea, abrimos tamb\u00e9m as portas ao servi\u00e7o de vendas de equipamentos e acess\u00f3rios para o setor da Hotelaria Industrial e venda a retalho de Eletrodom\u00e9sticos.<\/p>\n\n\n\n<p><img loading=\"lazy\" decoding=\"async\" width=\"150\" height=\"200\" class=\"wp-image-9496762\" style=\"width: 150px;\" src=\"https:\/\/tpohotelariaecasa.pt\/wp-content\/uploads\/2025\/04\/ffc86624-61a9-4a7b-a83e-3752a2dddbd7.jpeg\" alt=\"\" srcset=\"https:\/\/tpohotelariaecasa.pt\/wp-content\/uploads\/2025\/04\/ffc86624-61a9-4a7b-a83e-3752a2dddbd7.jpeg 1200w, https:\/\/tpohotelariaecasa.pt\/wp-content\/uploads\/2025\/04\/ffc86624-61a9-4a7b-a83e-3752a2dddbd7-225x300.jpeg 225w, https:\/\/tpohotelariaecasa.pt\/wp-content\/uploads\/2025\/04\/ffc86624-61a9-4a7b-a83e-3752a2dddbd7-768x1024.jpeg 768w, https:\/\/tpohotelariaecasa.pt\/wp-content\/uploads\/2025\/04\/ffc86624-61a9-4a7b-a83e-3752a2dddbd7-1152x1536.jpeg 1152w, https:\/\/tpohotelariaecasa.pt\/wp-content\/uploads\/2025\/04\/ffc86624-61a9-4a7b-a83e-3752a2dddbd7-900x1200.jpeg 900w, https:\/\/tpohotelariaecasa.pt\/wp-content\/uploads\/2025\/04\/ffc86624-61a9-4a7b-a83e-3752a2dddbd7-557x743.jpeg 557w\" sizes=\"(max-width: 150px) 100vw, 150px\" \/><\/p>\n\n\n\n<p>O nosso modelo de neg\u00f3cio \u00e9 o B2C (business-to-consumer), uma vez que conduzimos os nossos servi\u00e7os diretamente para os consumidores finais.<\/p>\n\n\n\n<p>A filosofia da empresa &#8220;Aprendizagem do Dia-a-Dia &#8211; Fiabilidade empresarial&#8221; \u00e9 a base das nossas a\u00e7\u00f5es. Alcan\u00e7ar a confian\u00e7a dos nossos clientes \u00e9 a base das nossas opera\u00e7\u00f5es. A confian\u00e7a \u00e9 gerada pela credibilidade.<\/p>\n\n\n\n<p>Devido ao relacionamento pr\u00f3ximo com nossos clientes, muitas vezes eles recorrem ao nosso conhecimento t\u00e9cnico quando precisam adquirir novos equipamentos para sua atividade comercial.<\/p>\n\n\n\n<p>Alguns dos nossos clientes s\u00e3o:<\/p>\n\n\n\n<ul class=\"wp-block-list\">\n<li>Consumidores residenciais de eletrodom\u00e9sticos;<\/li>\n\n\n\n<li>Restaurantes, caf\u00e9s, padarias e bares;<\/li>\n\n\n\n<li>Associa\u00e7\u00f5es de Servi\u00e7o Social (ex. lares de idosos);<\/li>\n\n\n\n<li>Institui\u00e7\u00f5es educacionais;<\/li>\n\n\n\n<li>Institui\u00e7\u00f5es desportivas;<\/li>\n\n\n\n<li>Etc.<\/li>\n<\/ul>\n\n\n\n<p>Atrav\u00e9s da implementa\u00e7\u00e3o desta plataforma online com loja online integrada, procuramos dar a conhecer o nosso trabalho e fornecer as ferramentas necess\u00e1ria para que os nossos clientes possam adquirir os seus equipamentos el\u00e9tricos ou n\u00e3o el\u00e9tricos, para a sua casa ou empresa, sem terem de recorrer a cat\u00e1logos de papel desatualizados e desorganizados.<\/p>\n\n\n\n<p>Com isto, pretendemos garantir que a satisfa\u00e7\u00e3o das necessidades dos nossos clientes esteja \u00e0 dist\u00e2ncia de um clique.<\/p>\n\n\n\n<p>Eng\u00ba Tiago O.<\/p>\n\n\n\n<p><\/p>\n","protected":false},"excerpt":{"rendered":"<p>Na TPO dedic\u00e1vamo-nos essencialmente ao servi\u00e7o de repara\u00e7\u00e3o de equipamentos dom\u00e9sticos e industriais. Com mais de trinta de anos de experi\u00eancia nessa mesma \u00e1rea, abrimos tamb\u00e9m as portas ao servi\u00e7o de vendas de equipamentos e acess\u00f3rios para o setor da Hotelaria Industrial e venda a retalho de Eletrodom\u00e9sticos. O nosso modelo de neg\u00f3cio \u00e9 o [&hellip;]<\/p>\n","protected":false},"author":1,"featured_media":0,"parent":0,"menu_order":0,"comment_status":"closed","ping_status":"open","template":"","meta":{"footnotes":""},"class_list":["post-2","page","type-page","status-publish","hentry"],"_links":{"self":[{"href":"https:\/\/tpohotelariaecasa.pt\/index.php\/wp-json\/wp\/v2\/pages\/2"}],"collection":[{"href":"https:\/\/tpohotelariaecasa.pt\/index.php\/wp-json\/wp\/v2\/pages"}],"about":[{"href":"https:\/\/tpohotelariaecasa.pt\/index.php\/wp-json\/wp\/v2\/types\/page"}],"author":[{"embeddable":true,"href":"https:\/\/tpohotelariaecasa.pt\/index.php\/wp-json\/wp\/v2\/users\/1"}],"replies":[{"embeddable":true,"href":"https:\/\/tpohotelariaecasa.pt\/index.php\/wp-json\/wp\/v2\/comments?post=2"}],"version-history":[{"count":3,"href":"https:\/\/tpohotelariaecasa.pt\/index.php\/wp-json\/wp\/v2\/pages\/2\/revisions"}],"predecessor-version":[{"id":9496763,"href":"https:\/\/tpohotelariaecasa.pt\/index.php\/wp-json\/wp\/v2\/pages\/2\/revisions\/9496763"}],"wp:attachment":[{"href":"https:\/\/tpohotelariaecasa.pt\/index.php\/wp-json\/wp\/v2\/media?parent=2"}],"curies":[{"name":"wp","href":"https:\/\/api.w.org\/{rel}","templated":true}]}}