{"id":3,"date":"2023-01-11T08:19:07","date_gmt":"2023-01-11T08:19:07","guid":{"rendered":"http:\/\/tpohotelariaecasa.pt\/?page_id=3"},"modified":"2023-07-07T15:10:29","modified_gmt":"2023-07-07T15:10:29","slug":"privacy-policy","status":"publish","type":"page","link":"https:\/\/tpohotelariaecasa.pt\/index.php\/privacy-policy\/","title":{"rendered":"Pol\u00edtica de Privacidade e Cookies"},"content":{"rendered":"\n<h4 class=\"wp-block-heading\"><\/h4>\n\n\n\n<p>O Website de www.tpohotelariaecasa.pt \u00e9 propriedade de Tiago Miguel Pereira Oliveira Unipessoal, que \u00e9 uma respons\u00e1vel pelos seus dados pessoais.<\/p>\n\n\n\n<p>A presente Pol\u00edtica de Privacidade estabelece o compromisso da nossa empresa para com os nossos Clientes, no que diz respeito a mat\u00e9ria de prote\u00e7\u00e3o de dados pessoais. <\/p>\n\n\n\n<p>N\u00f3s adotamos esta Pol\u00edtica de Privacidade, que determina como processamos as informa\u00e7\u00f5es recolhidas por www.tpohotelariaecasa.pt e que tamb\u00e9m fornece os motivos pelos quais devemos recolher certos dados pessoais sobre si. Portanto, deve ler esta Pol\u00edtica de Privacidade antes de usar o Website www.tpohotelariaecasa.pt.<\/p>\n\n\n\n<p>A Tiago Miguel Pereira Oliveira Unipessoal, atua no restrito cumprimento dos princ\u00edpios descritos nesta pol\u00edtica, do Regulamento (UE) 2016\/679 (Regulamento Geral sobre a Prote\u00e7\u00e3o de Dados \u2013 RGPD) e da legisla\u00e7\u00e3o de prote\u00e7\u00e3o de dados aplic\u00e1vel, em todas as atividades de tratamento de dados pessoais que sejam da sua responsabilidade.<\/p>\n\n\n\n<p>Cuidamos dos seus dados pessoais e comprometemo-nos a garantir a sua confidencialidade e seguran\u00e7a.<\/p>\n\n\n\n<h4 class=\"wp-block-heading\"><strong>Informa\u00e7\u00f5es pessoais que recolhemos:<\/strong><\/h4>\n\n\n\n<p>Quando visita www.tpohotelariaecasa.pt, recolhemos automaticamente certas informa\u00e7\u00f5es sobre o seu dispositivo, incluindo informa\u00e7\u00f5es sobre o seu browser, endere\u00e7o IP, fuso hor\u00e1rio, e alguns dos cookies instalados no seu dispositivo. Al\u00e9m disso, conforme navega no  endere\u00e7o, recolhemos informa\u00e7\u00f5es sobre as p\u00e1ginas da web ou produtos individuais que visualiza, quais os Websites ou termos de pesquisa o direcionaram ao nosso  Website e como interage com o mesmo. Referimo-nos a essas informa\u00e7\u00f5es recolhidas automaticamente como \u201cInforma\u00e7\u00f5es do dispositivo\u201d. Al\u00e9m disso, podemos recolher os dados pessoais que nos fornece (incluindo, mas n\u00e3o se limitando a Nome, Apelido, Data de Nascimento, Email, Morada, N\u00famero de Identifica\u00e7\u00e3o Fiscal (NIF), Contacto Telef\u00f3nico,  Informa\u00e7\u00f5es de pagamento, Hist\u00f3rico de Encomendas e Fatura\u00e7\u00e3o, Prefer\u00eancias e Interesses, etc.) durante o registo ou compra de artigos, para que possa usufruir dos nossos servi\u00e7os ou produtos. Tamb\u00e9m poder\u00e3o ser requisitados registos fotogr\u00e1ficos ou v\u00eddeos de produtos adquiridos no caso de processos de garantia ou repara\u00e7\u00f5es.<\/p>\n\n\n\n<h4 class=\"wp-block-heading\"><strong>Porque processamos os seus dados e com quem podemos partilhar?<\/strong><\/h4>\n\n\n\n<p>Apenas tratamos dos seus dados pessoais ,mediante o seu consentimento, e apenas no acto de compra de um produto ou servi\u00e7o, utiliza\u00e7\u00e3o do nosso Website, ou para efeitos de marketing.<\/p>\n\n\n\n<p>A nossa principal prioridade \u00e9 a seguran\u00e7a dos dados do cliente e, como tal, podemos processar apenas dados m\u00ednimos do utilizador, apenas o que for absolutamente necess\u00e1rio para manter a nossa plataforma Online. As informa\u00e7\u00f5es recolhidas automaticamente s\u00e3o usadas apenas para identificar casos potenciais de abuso e estabelecer informa\u00e7\u00f5es estat\u00edsticas sobre o uso do Website. Essas informa\u00e7\u00f5es estat\u00edsticas n\u00e3o s\u00e3o agregadas de outra forma que identifiquem qualquer utilizador espec\u00edfico do sistema.<\/p>\n\n\n\n<p>Pode visitar o  nosso endere\u00e7o sem nos dizer quem \u00e9 ou revelar qualquer informa\u00e7\u00e3o, pela qual algu\u00e9m possa identific\u00e1-lo como um indiv\u00edduo espec\u00edfico e identific\u00e1vel. Se, no entanto, deseja utilizar alguns dos recursos do Website, ou deseja receber a nossa newsletter ou fornecer outros detalhes preenchendo um formul\u00e1rio, pode-nos fornecer dados pessoais, como o seu email, nome, apelido, cidade de resid\u00eancia, organiza\u00e7\u00e3o, n\u00famero de telefone. Pode optar por n\u00e3o nos fornecer os seus dados pessoais, mas talvez n\u00e3o consiga tirar proveito de alguns dos recursos da plataforma. Por exemplo, n\u00e3o poder\u00e1 receber o nosso boletim informativo ou entrar em contacto connosco diretamente do Website. Os utilizadores que n\u00e3o t\u00eam certeza sobre quais informa\u00e7\u00f5es s\u00e3o obrigat\u00f3rias podem entrar em contato connosco atrav\u00e9s de geral@tpohotelariaecasa.pt.<\/p>\n\n\n\n<p>De forma a conseguirmos servir os seus interesses da melhor forma poss\u00edvel e garantir o bom funcionamento da nossa plataforma, podemos partilhar os seus dados pessoais com terceiros, como por exemplo: Transportadoras , para efeitos de entregas , Autoridade Tribut\u00e1ria, para efeitos de fatura\u00e7\u00e3o, Entidades de pagamento, para gerir pagamentos das suas encomendas e  Plataformas de inqu\u00e9ritos ou opini\u00f5es verificadas.<\/p>\n\n\n\n<h4 class=\"wp-block-heading\"><strong>Prazo de conserva\u00e7\u00e3o de dados pessoais<\/strong> <\/h4>\n\n\n\n<p>A Tiago Miguel Pereira Oliveira Unipessoal ir\u00e1 proceder \u00e0 elimina\u00e7\u00e3o dos dados pessoais relativos \u00e0s transa\u00e7\u00f5es monet\u00e1rias realizadas pelos nossos clientes num prazo de 10 (dez) anos ap\u00f3s a data da \u00faltima transa\u00e7\u00e3o, correspondendo este per\u00edodo ao m\u00ednimo obrigat\u00f3rio para conserva\u00e7\u00e3o de documentos contabil\u00edsticos.<br><br>\u200bAs informa\u00e7\u00f5es pessoais recolhidas para efeitos da entrega dos produtos ser\u00e3o eliminadas no prazo de 3 (tr\u00eas) anos ap\u00f3s a entrega para cumprimento dos per\u00edodos de garantia dos artigos.<br><br>\u200bCaso o Cliente cancele a sua conta online ou retire o consentimento, os dados ser\u00e3o eliminados pela nossa empresa no prazo de um m\u00eas ap\u00f3s o cliente manifestar essa inten\u00e7\u00e3o de a cancelar. Neste caso, manter-se-\u00e1 apenas os dados de transa\u00e7\u00f5es para efeitos fiscais, durante o prazo previsto na Lei.<\/p>\n\n\n\n<p><\/p>\n\n\n\n<p><\/p>\n\n\n\n<h4 class=\"wp-block-heading\"><strong>Os seus direitos<\/strong><\/h4>\n\n\n\n<p>Se \u00e9 um residente europeu, tem os seguintes direitos relacionados aos seus dados pessoais:<\/p>\n\n\n\n<ul class=\"wp-block-list\">\n<li>O direito de ser informado.<\/li>\n\n\n\n<li>O direito de acesso.<\/li>\n\n\n\n<li>O direito \u00e0 retifica\u00e7\u00e3o.<\/li>\n\n\n\n<li>O direito de apagar.<\/li>\n\n\n\n<li>O direito de restringir o processamento.<\/li>\n\n\n\n<li>O direito \u00e0 portabilidade de dados.<\/li>\n\n\n\n<li>O direito de se opor.<\/li>\n\n\n\n<li>Direitos em rela\u00e7\u00e3o \u00e0 tomada de decis\u00e3o automatizada e defini\u00e7\u00e3o de perfis.<\/li>\n<\/ul>\n\n\n\n<p>Se desejar exercer esse direito, entre em contato connosco por meio das informa\u00e7\u00f5es de contacto abaixo.<\/p>\n\n\n\n<h4 class=\"wp-block-heading\"><strong>Links para outros Websites<\/strong><\/h4>\n\n\n\n<p>O nosso Website pode conter links para outros Websites que n\u00e3o s\u00e3o de nossa propriedade ou controlados por n\u00f3s. Esteja ciente de que n\u00e3o somos respons\u00e1veis por outros Websites ou pr\u00e1ticas de privacidade de terceiros. Incentivamos a estar atento ao sair do nosso Website e ler as declara\u00e7\u00f5es de privacidade de cada endere\u00e7o que possa recolher informa\u00e7\u00f5es pessoais.<\/p>\n\n\n\n<h4 class=\"wp-block-heading\"><strong>Seguran\u00e7a da informa\u00e7\u00e3o<\/strong><\/h4>\n\n\n\n<p>Protegemos as informa\u00e7\u00f5es que nos fornece nos servidores de computador num ambiente controlado e seguro, protegido contra acesso, uso ou divulga\u00e7\u00e3o n\u00e3o autorizados. Mantemos salvaguardas administrativas, t\u00e9cnicas e f\u00edsicas razo\u00e1veis para proteger contra acesso n\u00e3o autorizado, uso, modifica\u00e7\u00e3o e divulga\u00e7\u00e3o de dados pessoais no seu controlo e cust\u00f3dia. No entanto, nenhuma transmiss\u00e3o de dados pela Internet ou rede sem fio pode ser garantida.<\/p>\n\n\n\n<h4 class=\"wp-block-heading\"><strong>Divulga\u00e7\u00e3o legal<\/strong><\/h4>\n\n\n\n<p>Divulgaremos todas as informa\u00e7\u00f5es que recolhermos, usarmos ou recebermos se exigido ou permitido por lei, como para cumprir uma intima\u00e7\u00e3o ou processo legal semelhante, e quando acreditar de boa f\u00e9 que a divulga\u00e7\u00e3o \u00e9 necess\u00e1ria para proteger os nossos direitos, proteger a sua seguran\u00e7a ou a seguran\u00e7a de outras pessoas, investigar fraudes ou responder a uma solicita\u00e7\u00e3o governamental.<\/p>\n\n\n\n<h4 class=\"wp-block-heading\"><strong>Informa\u00e7\u00f5es de contacto<\/strong><\/h4>\n\n\n\n<p>Se desejar entrar em contacto connosco para entender mais sobre esta Pol\u00edtica ou se quiser falar sobre qualquer assunto relacionado aos direitos individuais e as suas informa\u00e7\u00f5es pessoais, pode enviar um email para geral@tpohotelariaecasa.pt.<\/p>\n\n\n\n<h3 class=\"wp-block-heading\"><strong>Cookies<\/strong><\/h3>\n\n\n\n<p>A Tiago Miguel Pereira Oliveira Unipessoal utiliza, no seu Website, cookies que permitem melhorar o desempenho e a experi\u00eancia de navega\u00e7\u00e3o dos seus utilizadores, para efeitos de aumento da rapidez e efici\u00eancia de resposta e ao mesmo tempo para eliminar a necessidade de introdu\u00e7\u00e3o repetida das mesmas informa\u00e7\u00f5es. A coloca\u00e7\u00e3o de cookies permite o reconhecimento do dispositivo do utilizador sempre que visitar o nosso endere\u00e7o e otimizar\u00e1 a navega\u00e7\u00e3o. Todos os browsers de navega\u00e7\u00e3o permitem ao seu utilizador a aceita\u00e7\u00e3o, a recusa ou elimina\u00e7\u00e3o de cookies atrav\u00e9s da defini\u00e7\u00f5es avan\u00e7adas do navegador. Um cookie n\u00e3o nos permite acessar a um computador ou qualquer informa\u00e7\u00e3o sobre quem o utiliza, com exce\u00e7\u00e3o dos dados que foram consentidos de ser partilhados pelos utilizadores.<\/p>\n\n\n\n<p><\/p>\n\n\n\n<p><\/p>\n\n\n\n<p><\/p>\n\n\n\n<p><\/p>\n\n\n\n<p><\/p>\n\n\n\n<p><\/p>\n\n\n\n<p><\/p>\n\n\n\n<p><\/p>\n\n\n\n<p><\/p>\n\n\n\n<p><\/p>\n\n\n\n<h2 class=\"wp-block-heading\"><\/h2>\n","protected":false},"excerpt":{"rendered":"<p>O Website de www.tpohotelariaecasa.pt \u00e9 propriedade de Tiago Miguel Pereira Oliveira Unipessoal, que \u00e9 uma respons\u00e1vel pelos seus dados pessoais. A presente Pol\u00edtica de Privacidade estabelece o compromisso da nossa empresa para com os nossos Clientes, no que diz respeito a mat\u00e9ria de prote\u00e7\u00e3o de dados pessoais. N\u00f3s adotamos esta Pol\u00edtica de Privacidade, que determina [&hellip;]<\/p>\n","protected":false},"author":1,"featured_media":0,"parent":0,"menu_order":0,"comment_status":"closed","ping_status":"open","template":"","meta":{"footnotes":""},"class_list":["post-3","page","type-page","status-publish","hentry"],"_links":{"self":[{"href":"https:\/\/tpohotelariaecasa.pt\/index.php\/wp-json\/wp\/v2\/pages\/3"}],"collection":[{"href":"https:\/\/tpohotelariaecasa.pt\/index.php\/wp-json\/wp\/v2\/pages"}],"about":[{"href":"https:\/\/tpohotelariaecasa.pt\/index.php\/wp-json\/wp\/v2\/types\/page"}],"author":[{"embeddable":true,"href":"https:\/\/tpohotelariaecasa.pt\/index.php\/wp-json\/wp\/v2\/users\/1"}],"replies":[{"embeddable":true,"href":"https:\/\/tpohotelariaecasa.pt\/index.php\/wp-json\/wp\/v2\/comments?post=3"}],"version-history":[{"count":13,"href":"https:\/\/tpohotelariaecasa.pt\/index.php\/wp-json\/wp\/v2\/pages\/3\/revisions"}],"predecessor-version":[{"id":9432239,"href":"https:\/\/tpohotelariaecasa.pt\/index.php\/wp-json\/wp\/v2\/pages\/3\/revisions\/9432239"}],"wp:attachment":[{"href":"https:\/\/tpohotelariaecasa.pt\/index.php\/wp-json\/wp\/v2\/media?parent=3"}],"curies":[{"name":"wp","href":"https:\/\/api.w.org\/{rel}","templated":true}]}}