{"id":9403934,"date":"2023-02-08T17:18:01","date_gmt":"2023-02-08T17:18:01","guid":{"rendered":"https:\/\/tpohotelariaecasa.pt\/index.php\/product\/mquina-de-embalagem-a-vcuo-mvac-400\/"},"modified":"2025-04-03T09:09:36","modified_gmt":"2025-04-03T09:09:36","slug":"mquina-de-embalagem-a-vcuo-mvac-400","status":"publish","type":"product","link":"https:\/\/tpohotelariaecasa.pt\/index.php\/product\/mquina-de-embalagem-a-vcuo-mvac-400\/","title":{"rendered":"M\u00e1quina de embalagem a v\u00e1cuo MVAC 400"},"content":{"rendered":"<ul>\n<li>Ciclo de embalagem totalmente autom\u00e1tico<\/li>\n<li>Modelo de mesa grande com belos acabamentos<\/li>\n<li>Caixa e c\u00e2mara em a\u00e7o inoxid\u00e1vel<\/li>\n<li>Painel de controlo digital<\/li>\n<li>Cobertura forte com curva<\/li>\n<li>Interruptor de seguran\u00e7a na tampa<\/li>\n<li>Standard com pacote de servi\u00e7os<\/li>\n<li>Fica em quatro p\u00e9s de borracha<\/li>\n<li>F\u00e1cil de limpar<\/li>\n<li>Totalmente program\u00e1vel: tempo de v\u00e1cuo ajust\u00e1vel, tempo de selagem ajust\u00e1vel, temperatura de selagem ajust\u00e1vel e tempo de arrefecimento ajust\u00e1vel<\/li>\n<li>Peso l\u00edquido: 67kg<\/li>\n<li>Dimens\u00f5es da barra de selagem: 44 x 0,8cm<\/li>\n<li>Dimens\u00f5es da c\u00e2mara: L46 x D46 x H22cm<\/li>\n<li>M\u00e1quina das dimens\u00f5es: L52 x D56 x H46cm<\/li>\n<li>Capacidade da bomba de v\u00e1cuo: 20m\u00b3 p\/h<\/li>\n<li>230V\/50Hz\/1Fase 900 Watt<\/li>\n<\/ul>\n","protected":false},"excerpt":{"rendered":"<p>Ciclo de embalagem totalmente autom\u00e1tico Modelo de mesa grande com belos acabamentos Caixa e c\u00e2mara em a\u00e7o inoxid\u00e1vel Painel de controlo digital Cobertura forte com curva Interruptor de seguran\u00e7a na tampa Standard com pacote de servi\u00e7os Fica em quatro p\u00e9s de borracha F\u00e1cil de limpar Totalmente program\u00e1vel: tempo de v\u00e1cuo ajust\u00e1vel, tempo de selagem ajust\u00e1vel, [&hellip;]<\/p>\n","protected":false},"featured_media":9403933,"comment_status":"open","ping_status":"closed","template":"","meta":[],"product_cat":[114],"product_tag":[],"class_list":["post-9403934","product","type-product","status-publish","has-post-thumbnail","hentry","product_cat-mquinas-de-vcuo","product_shipping_class-gph"],"_links":{"self":[{"href":"https:\/\/tpohotelariaecasa.pt\/index.php\/wp-json\/wp\/v2\/product\/9403934"}],"collection":[{"href":"https:\/\/tpohotelariaecasa.pt\/index.php\/wp-json\/wp\/v2\/product"}],"about":[{"href":"https:\/\/tpohotelariaecasa.pt\/index.php\/wp-json\/wp\/v2\/types\/product"}],"replies":[{"embeddable":true,"href":"https:\/\/tpohotelariaecasa.pt\/index.php\/wp-json\/wp\/v2\/comments?post=9403934"}],"wp:featuredmedia":[{"embeddable":true,"href":"https:\/\/tpohotelariaecasa.pt\/index.php\/wp-json\/wp\/v2\/media\/9403933"}],"wp:attachment":[{"href":"https:\/\/tpohotelariaecasa.pt\/index.php\/wp-json\/wp\/v2\/media?parent=9403934"}],"wp:term":[{"taxonomy":"product_cat","embeddable":true,"href":"https:\/\/tpohotelariaecasa.pt\/index.php\/wp-json\/wp\/v2\/product_cat?post=9403934"},{"taxonomy":"product_tag","embeddable":true,"href":"https:\/\/tpohotelariaecasa.pt\/index.php\/wp-json\/wp\/v2\/product_tag?post=9403934"}],"curies":[{"name":"wp","href":"https:\/\/api.w.org\/{rel}","templated":true}]}}