{"id":9403954,"date":"2023-02-08T17:18:06","date_gmt":"2023-02-08T17:18:06","guid":{"rendered":"https:\/\/tpohotelariaecasa.pt\/index.php\/product\/mquina-seladora-seladora-de-bandeja-grande-325-x-265-mm\/"},"modified":"2025-04-03T09:09:37","modified_gmt":"2025-04-03T09:09:37","slug":"mquina-seladora-seladora-de-bandeja-grande-325-x-265-mm","status":"publish","type":"product","link":"https:\/\/tpohotelariaecasa.pt\/index.php\/product\/mquina-seladora-seladora-de-bandeja-grande-325-x-265-mm\/","title":{"rendered":"M\u00e1quina Seladora \/ Seladora de Bandeja Grande 325 x 265 mm"},"content":{"rendered":"<p><strong>Caracter\u00edsticas<\/strong><\/p>\n<ul>\n<li>F\u00e1cil de limpar<\/li>\n<li>Moldes de alum\u00ednio de alta qualidade<\/li>\n<li>Constru\u00e7\u00e3o e tampa em a\u00e7o inoxid\u00e1vel<\/li>\n<li>F\u00e1cil de usar e f\u00e1cil de definir com precis\u00e3o<\/li>\n<li>Perfeito para manter as refei\u00e7\u00f5es quentes para entrega<\/li>\n<li>Os moldes s\u00e3o f\u00e1ceis de trocar e prender a pinos<\/li>\n<li>Adequado para armazenamento a frio e aquecimento no local<\/li>\n<li>Adequado para embalar diferentes produtos e refei\u00e7\u00f5es<\/li>\n<li>Suporte pr\u00e1tico para rolo de papel de alum\u00ednio na parte de tr\u00e1s da m\u00e1quina<\/li>\n<li>Equipado com um painel de controlo digital Omron de alta qualidade<\/li>\n<li>Tempo de selagem de apenas alguns segundos e corte directo do pl\u00e1stico<\/li>\n<li>Selador de topo compacto e semi-autom\u00e1tico para tabuleiros e recipientes de refei\u00e7\u00f5es<\/li>\n<li>Grande variedade de moldes de diferentes formas com 1, 2 ou 3 compartimentos<\/li>\n<\/ul>\n<p><strong>Especifica\u00e7\u00f5es do produto<\/strong><\/p>\n<ul>\n<li>Peso l\u00edquido: 17kg<\/li>\n<li>Dimens\u00f5es: W70,5 x D34,1 x H25cm<\/li>\n<li>Tamanho m\u00e1ximo da bandeja: 32,5 x 26,5 x 10cm<\/li>\n<li>Largura m\u00e1xima do filme: 26,5cm<\/li>\n<li>Tempo de aquecimento: 10 minutos<\/li>\n<li>Capacidade de selagem: 6-8 tabuleiros por minuto<\/li>\n<li>Temperatura m\u00e1xima de selagem: 180\u00baC<\/li>\n<li>Temperatura ideal de selagem CPET: 180\u00baC<\/li>\n<li>Temperatura ideal de selagem PP: 150\u00baC<\/li>\n<li>230V \/ 50Hz \/ 1 Fase 700W<\/li>\n<\/ul>\n<p><strong>Esta m\u00e1quina \u00e9 entregue sem molde.<\/strong><\/p>\n","protected":false},"excerpt":{"rendered":"<p>Caracter\u00edsticas F\u00e1cil de limpar Moldes de alum\u00ednio de alta qualidade Constru\u00e7\u00e3o e tampa em a\u00e7o inoxid\u00e1vel F\u00e1cil de usar e f\u00e1cil de definir com precis\u00e3o Perfeito para manter as refei\u00e7\u00f5es quentes para entrega Os moldes s\u00e3o f\u00e1ceis de trocar e prender a pinos Adequado para armazenamento a frio e aquecimento no local Adequado para embalar [&hellip;]<\/p>\n","protected":false},"featured_media":9403953,"comment_status":"open","ping_status":"closed","template":"","meta":[],"product_cat":[115],"product_tag":[],"class_list":["post-9403954","product","type-product","status-publish","has-post-thumbnail","hentry","product_cat-selagem-bandejas","product_shipping_class-pph"],"_links":{"self":[{"href":"https:\/\/tpohotelariaecasa.pt\/index.php\/wp-json\/wp\/v2\/product\/9403954"}],"collection":[{"href":"https:\/\/tpohotelariaecasa.pt\/index.php\/wp-json\/wp\/v2\/product"}],"about":[{"href":"https:\/\/tpohotelariaecasa.pt\/index.php\/wp-json\/wp\/v2\/types\/product"}],"replies":[{"embeddable":true,"href":"https:\/\/tpohotelariaecasa.pt\/index.php\/wp-json\/wp\/v2\/comments?post=9403954"}],"wp:featuredmedia":[{"embeddable":true,"href":"https:\/\/tpohotelariaecasa.pt\/index.php\/wp-json\/wp\/v2\/media\/9403953"}],"wp:attachment":[{"href":"https:\/\/tpohotelariaecasa.pt\/index.php\/wp-json\/wp\/v2\/media?parent=9403954"}],"wp:term":[{"taxonomy":"product_cat","embeddable":true,"href":"https:\/\/tpohotelariaecasa.pt\/index.php\/wp-json\/wp\/v2\/product_cat?post=9403954"},{"taxonomy":"product_tag","embeddable":true,"href":"https:\/\/tpohotelariaecasa.pt\/index.php\/wp-json\/wp\/v2\/product_tag?post=9403954"}],"curies":[{"name":"wp","href":"https:\/\/api.w.org\/{rel}","templated":true}]}}