{"id":9403974,"date":"2023-02-08T17:18:15","date_gmt":"2023-02-08T17:18:15","guid":{"rendered":"https:\/\/tpohotelariaecasa.pt\/index.php\/product\/amaciante-de-carne-27-x-2-125-mm\/"},"modified":"2025-04-03T09:09:52","modified_gmt":"2025-04-03T09:09:52","slug":"amaciante-de-carne-27-x-2-125-mm","status":"publish","type":"product","link":"https:\/\/tpohotelariaecasa.pt\/index.php\/product\/amaciante-de-carne-27-x-2-125-mm\/","title":{"rendered":"Amaciante de Carne 27 x 2 &#8211; 125 mm"},"content":{"rendered":"<ul>\n<li>Perfeito para amaciar a carne<\/li>\n<li>Adequado para uso profissional<\/li>\n<li>Base em a\u00e7o inoxid\u00e1vel est\u00e1vel e amov\u00edvel<\/li>\n<li>F\u00e1cil de desmontar e limpar<\/li>\n<li>O amaciador consiste em dois cilindros com 27 l\u00e2minas cada<\/li>\n<li>Adequado para diferentes tipos de carne<\/li>\n<li>A marinada e as ervas penetram mais profundamente na carne<\/li>\n<li>Encurtar o tempo de cozedura e torrefac\u00e7\u00e3o da carne<\/li>\n<li>Peso l\u00edquido: 7 kg<\/li>\n<li>Tr\u00e2nsito de carne: W125 x D25 mm<\/li>\n<li>Dimensions tenderizer: W215 x D170 x H260 mm<\/li>\n<li>M\u00e1quina das dimens\u00f5es: W245 x D320 x H435 mm<\/li>\n<\/ul>\n","protected":false},"excerpt":{"rendered":"<ul>\n<li>Perfeito para amaciar a carne<\/li>\n<li>Adequado para uso profissional<\/li>\n<li>Base em a\u00e7o inoxid\u00e1vel est\u00e1vel e amov\u00edvel<\/li>\n<li>F\u00e1cil de desmontar e limpar<\/li>\n<li>O amaciador consiste em dois cilindros com 27 l\u00e2minas cada<\/li>\n<li>Adequado para diferentes tipos de carne<\/li>\n<li>A marinada e as ervas penetram mais profundamente na carne<\/li>\n<li>Encurtar o tempo de cozedura e torrefac\u00e7\u00e3o da carne<\/li>\n<li>Peso l\u00edquido: 7 kg<\/li>\n<li>Tr\u00e2nsito de carne: W125 x D25 mm<\/li>\n<li>Dimensions tenderizer: W215 x D170 x H260 mm<\/li>\n<li>M\u00e1quina das dimens\u00f5es: W245 x D320 x H435 mm<\/li>\n<\/ul>\n<ul>\n<li>Peso l\u00edquido: 7kg<\/li>\n<li>Rendimento da carne: W12,5 x D2,5cm<\/li>\n<li>Dimens\u00f5es do proponente: W21,5 x D17 x H26cm<\/li>\n<li>Dimens\u00f5es da m\u00e1quina: W24,5 x D32 x H43,5cm<\/li>\n<\/ul>\n","protected":false},"featured_media":9432079,"comment_status":"open","ping_status":"closed","template":"","meta":[],"product_cat":[116],"product_tag":[],"class_list":["post-9403974","product","type-product","status-publish","has-post-thumbnail","hentry","product_cat-amaciador-de-carne","product_shipping_class-pph"],"_links":{"self":[{"href":"https:\/\/tpohotelariaecasa.pt\/index.php\/wp-json\/wp\/v2\/product\/9403974"}],"collection":[{"href":"https:\/\/tpohotelariaecasa.pt\/index.php\/wp-json\/wp\/v2\/product"}],"about":[{"href":"https:\/\/tpohotelariaecasa.pt\/index.php\/wp-json\/wp\/v2\/types\/product"}],"replies":[{"embeddable":true,"href":"https:\/\/tpohotelariaecasa.pt\/index.php\/wp-json\/wp\/v2\/comments?post=9403974"}],"wp:featuredmedia":[{"embeddable":true,"href":"https:\/\/tpohotelariaecasa.pt\/index.php\/wp-json\/wp\/v2\/media\/9432079"}],"wp:attachment":[{"href":"https:\/\/tpohotelariaecasa.pt\/index.php\/wp-json\/wp\/v2\/media?parent=9403974"}],"wp:term":[{"taxonomy":"product_cat","embeddable":true,"href":"https:\/\/tpohotelariaecasa.pt\/index.php\/wp-json\/wp\/v2\/product_cat?post=9403974"},{"taxonomy":"product_tag","embeddable":true,"href":"https:\/\/tpohotelariaecasa.pt\/index.php\/wp-json\/wp\/v2\/product_tag?post=9403974"}],"curies":[{"name":"wp","href":"https:\/\/api.w.org\/{rel}","templated":true}]}}