{"id":9403978,"date":"2023-02-08T17:18:16","date_gmt":"2023-02-08T17:18:16","guid":{"rendered":"https:\/\/tpohotelariaecasa.pt\/index.php\/product\/misturador-espiral-amassador-de-massa-misturador-de-massa-8l\/"},"modified":"2025-04-03T09:09:36","modified_gmt":"2025-04-03T09:09:36","slug":"misturador-espiral-amassador-de-massa-misturador-de-massa-8l","status":"publish","type":"product","link":"https:\/\/tpohotelariaecasa.pt\/index.php\/product\/misturador-espiral-amassador-de-massa-misturador-de-massa-8l\/","title":{"rendered":"Misturador espiral \/ Amassador de massa \/ Misturador de massa 8L"},"content":{"rendered":"<p><strong>Caracter\u00edsticas<\/strong><\/p>\n<ul>\n<li>Accionado por correias trapezoidais<\/li>\n<li>Eixo e espiral em a\u00e7o inoxid\u00e1vel<\/li>\n<li>Equipada com temporizador at\u00e9 60 minutos e modo manual<\/li>\n<li>Guarda met\u00e1lica de protec\u00e7\u00e3o<\/li>\n<li>Com interruptor de seguran\u00e7a<\/li>\n<\/ul>\n<p><strong>Caracter\u00edsticas do produto<\/strong><\/p>\n<ul>\n<li>Peso l\u00edquido: 36kg<\/li>\n<li>Capacidade: 8L<\/li>\n<li>Dimens\u00f5es da unidade: L30,2 x P49,5 x A38,5cm<\/li>\n<li>Dimens\u00f5es da ta\u00e7a: \u00f8 26 x H15cm<\/li>\n<li>Velocidade da espiral: 159RPM<\/li>\n<li>Velocidade da ta\u00e7a de mistura: 21RPM<\/li>\n<li>230V \/ 50Hz \/ 1Fase 450W<\/li>\n<li>Cor: Branco<\/li>\n<\/ul>\n<p><strong>Produ\u00e7\u00e3o<\/strong><\/p>\n<ul>\n<li>M\u00e1x. 3kg de farinha<\/li>\n<li>Max. 4.5kg de massa<\/li>\n<li>M\u00edn. 1.5 kg de massa<\/li>\n<\/ul>\n<p><strong>Nota:<\/strong>\u00a0A ta\u00e7a de mistura \u00e9 fixa e n\u00e3o pode ser retirada.<\/p>\n","protected":false},"excerpt":{"rendered":"<p><strong>Caracter\u00edsticas<\/strong><\/p>\n<ul>\n<li>Accionado por correias trapezoidais<\/li>\n<li>Eixo e espiral em a\u00e7o inoxid\u00e1vel<\/li>\n<li>Equipada com temporizador at\u00e9 60 minutos e modo manual<\/li>\n<li>Guarda met\u00e1lica de protec\u00e7\u00e3o<\/li>\n<li>Com interruptor de seguran\u00e7a<\/li>\n<\/ul>\n<p><strong>Caracter\u00edsticas do produto<\/strong><\/p>\n<ul>\n<li>Peso l\u00edquido: 36kg<\/li>\n<li>Capacidade: 8L<\/li>\n<li>Dimens\u00f5es da unidade: L30,2 x P49,5 x A38,5cm<\/li>\n<li>Dimens\u00f5es da ta\u00e7a: \u00f8 26 x H15cm<\/li>\n<li>Velocidade da espiral: 159RPM<\/li>\n<li>Velocidade da ta\u00e7a de mistura: 21RPM<\/li>\n<li>230V \/ 50Hz \/ 1Fase 450W<\/li>\n<li>Cor: Branco<\/li>\n<\/ul>\n<p><strong>Produ\u00e7\u00e3o<\/strong><\/p>\n<ul>\n<li>M\u00e1x. 3kg de farinha<\/li>\n<li>Max. 4.5kg de massa<\/li>\n<li>M\u00edn. 1.5 kg de massa<\/li>\n<\/ul>\n<p><strong>Nota:<\/strong>\u00a0A ta\u00e7a de mistura \u00e9 fixa e n\u00e3o pode ser retirada.<\/p>\n","protected":false},"featured_media":9403977,"comment_status":"open","ping_status":"closed","template":"","meta":[],"product_cat":[792,117],"product_tag":[],"class_list":["post-9403978","product","type-product","status-publish","has-post-thumbnail","hentry","product_cat-mais-vendidos","product_cat-amassadeiras","product_shipping_class-gph"],"_links":{"self":[{"href":"https:\/\/tpohotelariaecasa.pt\/index.php\/wp-json\/wp\/v2\/product\/9403978"}],"collection":[{"href":"https:\/\/tpohotelariaecasa.pt\/index.php\/wp-json\/wp\/v2\/product"}],"about":[{"href":"https:\/\/tpohotelariaecasa.pt\/index.php\/wp-json\/wp\/v2\/types\/product"}],"replies":[{"embeddable":true,"href":"https:\/\/tpohotelariaecasa.pt\/index.php\/wp-json\/wp\/v2\/comments?post=9403978"}],"wp:featuredmedia":[{"embeddable":true,"href":"https:\/\/tpohotelariaecasa.pt\/index.php\/wp-json\/wp\/v2\/media\/9403977"}],"wp:attachment":[{"href":"https:\/\/tpohotelariaecasa.pt\/index.php\/wp-json\/wp\/v2\/media?parent=9403978"}],"wp:term":[{"taxonomy":"product_cat","embeddable":true,"href":"https:\/\/tpohotelariaecasa.pt\/index.php\/wp-json\/wp\/v2\/product_cat?post=9403978"},{"taxonomy":"product_tag","embeddable":true,"href":"https:\/\/tpohotelariaecasa.pt\/index.php\/wp-json\/wp\/v2\/product_tag?post=9403978"}],"curies":[{"name":"wp","href":"https:\/\/api.w.org\/{rel}","templated":true}]}}