{"id":9403992,"date":"2023-02-08T17:18:25","date_gmt":"2023-02-08T17:18:25","guid":{"rendered":"https:\/\/tpohotelariaecasa.pt\/index.php\/product\/espiral-amassadeira-de-100-litros-2-velocidades-400v\/"},"modified":"2025-04-03T09:09:35","modified_gmt":"2025-04-03T09:09:35","slug":"espiral-amassadeira-de-100-litros-2-velocidades-400v","status":"publish","type":"product","link":"https:\/\/tpohotelariaecasa.pt\/index.php\/product\/espiral-amassadeira-de-100-litros-2-velocidades-400v\/","title":{"rendered":"Espiral Amassadeira de 100 Litros &#8211; 2 Velocidades &#8211; 400V"},"content":{"rendered":"<ul>\n<li>Amassadeira espiral robusta e pesada com p\u00e9s em a\u00e7o inoxid\u00e1vel para que n\u00e3o vibre quando em funcionamento<\/li>\n<li>Um motor forte e silencioso. Sem polui\u00e7\u00e3o sonora<\/li>\n<li>As pe\u00e7as em a\u00e7o inoxid\u00e1vel s\u00e3o f\u00e1ceis de limpar<\/li>\n<li>Condu\u00e7\u00e3o com cinto para uma vida mais longa<\/li>\n<li>Visor simples, f\u00e1cil de operar<\/li>\n<li>Peso l\u00edquido: 293kg<\/li>\n<li>Capacidade: 100L<\/li>\n<li>Dimens\u00f5es: L65 x D108 x H131,5cm<\/li>\n<li>Dimens\u00f5es da tigela de mistura: \u00f8 65 x H36cm<\/li>\n<li>Velocidades em espiral: 126 e 252RPM<\/li>\n<li>Velocidade da tigela de mistura: 12,6 e 25,2RPM<\/li>\n<li>Quantidade m\u00e1xima de farinha: 40kg<\/li>\n<li>Quantidade m\u00e1xima de massa: 64kg<\/li>\n<li>Quantidade m\u00ednima de massa: 30kg<\/li>\n<li>Pot\u00eancia el\u00e9ctrica total: 4,5kW<\/li>\n<li>400V\/50Hz\/3Fase 4500W<\/li>\n<\/ul>\n","protected":false},"excerpt":{"rendered":"<ul>\n<li>Amassadeira espiral robusta e pesada com p\u00e9s em a\u00e7o inoxid\u00e1vel para que n\u00e3o vibre quando em funcionamento<\/li>\n<li>Um motor forte e silencioso. Sem polui\u00e7\u00e3o sonora<\/li>\n<li>As pe\u00e7as em a\u00e7o inoxid\u00e1vel s\u00e3o f\u00e1ceis de limpar<\/li>\n<li>Condu\u00e7\u00e3o com cinto para uma vida mais longa<\/li>\n<li>Visor simples, f\u00e1cil de operar<\/li>\n<li>Peso l\u00edquido: 293kg<\/li>\n<li>Capacidade: 100L<\/li>\n<li>Dimens\u00f5es: L65 x D108 x H131,5cm<\/li>\n<li>Dimens\u00f5es da tigela de mistura: \u00f8 65 x H36cm<\/li>\n<li>Velocidades em espiral: 126 e 252RPM<\/li>\n<li>Velocidade da tigela de mistura: 12,6 e 25,2RPM<\/li>\n<li>Quantidade m\u00e1xima de farinha: 40kg<\/li>\n<li>Quantidade m\u00e1xima de massa: 64kg<\/li>\n<li>Quantidade m\u00ednima de massa: 30kg<\/li>\n<li>Pot\u00eancia el\u00e9ctrica total: 4,5kW<\/li>\n<li>400V\/50Hz\/3Fase 4500W<\/li>\n<\/ul>\n","protected":false},"featured_media":9403991,"comment_status":"open","ping_status":"closed","template":"","meta":[],"product_cat":[117],"product_tag":[],"class_list":["post-9403992","product","type-product","status-publish","has-post-thumbnail","hentry","product_cat-amassadeiras","product_shipping_class-gph"],"_links":{"self":[{"href":"https:\/\/tpohotelariaecasa.pt\/index.php\/wp-json\/wp\/v2\/product\/9403992"}],"collection":[{"href":"https:\/\/tpohotelariaecasa.pt\/index.php\/wp-json\/wp\/v2\/product"}],"about":[{"href":"https:\/\/tpohotelariaecasa.pt\/index.php\/wp-json\/wp\/v2\/types\/product"}],"replies":[{"embeddable":true,"href":"https:\/\/tpohotelariaecasa.pt\/index.php\/wp-json\/wp\/v2\/comments?post=9403992"}],"wp:featuredmedia":[{"embeddable":true,"href":"https:\/\/tpohotelariaecasa.pt\/index.php\/wp-json\/wp\/v2\/media\/9403991"}],"wp:attachment":[{"href":"https:\/\/tpohotelariaecasa.pt\/index.php\/wp-json\/wp\/v2\/media?parent=9403992"}],"wp:term":[{"taxonomy":"product_cat","embeddable":true,"href":"https:\/\/tpohotelariaecasa.pt\/index.php\/wp-json\/wp\/v2\/product_cat?post=9403992"},{"taxonomy":"product_tag","embeddable":true,"href":"https:\/\/tpohotelariaecasa.pt\/index.php\/wp-json\/wp\/v2\/product_tag?post=9403992"}],"curies":[{"name":"wp","href":"https:\/\/api.w.org\/{rel}","templated":true}]}}