{"id":9404004,"date":"2023-02-08T17:18:28","date_gmt":"2023-02-08T17:18:28","guid":{"rendered":"https:\/\/tpohotelariaecasa.pt\/index.php\/product\/batedeiras-planetrias-mpm-7l-rosa-pastel\/"},"modified":"2025-04-03T09:09:41","modified_gmt":"2025-04-03T09:09:41","slug":"batedeiras-planetrias-mpm-7l-rosa-pastel","status":"publish","type":"product","link":"https:\/\/tpohotelariaecasa.pt\/index.php\/product\/batedeiras-planetrias-mpm-7l-rosa-pastel\/","title":{"rendered":"Batedeiras Planet\u00e1rias MPM 7L rosa pastel"},"content":{"rendered":"<p><strong>Caracter\u00edsticas:<\/strong><\/p>\n<ul>\n<li>Transmiss\u00e3o forte com engrenagens met\u00e1licas<\/li>\n<li>Cabe\u00e7a inclin\u00e1vel com bot\u00e3o de fixa\u00e7\u00e3o<\/li>\n<li>Interruptor de seguran\u00e7a na cabe\u00e7a da m\u00e1quina<\/li>\n<li>Prote\u00e7\u00e3o de pl\u00e1stico com abertura de enchimento<\/li>\n<li>Caixa de ferro fundido com revestimento resistente a riscos<\/li>\n<\/ul>\n<p><strong>Caracter\u00edsticas do produto:<\/strong><\/p>\n<ul>\n<li>Peso l\u00edquido: 17 kg<\/li>\n<li>Dimens\u00f5es da unidade: L24 x P42,5 x A42,5cm<\/li>\n<li>Dimens\u00f5es da ta\u00e7a de mistura: \u00d8 22 x H21cm<\/li>\n<li>Pot\u00eancia: 230V \/ 50Hz \/ 1Phase 350W<\/li>\n<li>Cor: Cor-de-rosa<\/li>\n<\/ul>\n<p><strong>Produ\u00e7\u00e3o<\/strong><\/p>\n<ul>\n<li>Massa de pizza max. 2 kg de massa<\/li>\n<li>Massa de p\u00e3o m\u00e1x. 1,5 kg de massa<\/li>\n<li>Massa de p\u00e3o m\u00edn. 0,2 kg de massa<\/li>\n<\/ul>\n<p><em>Incluindo<\/em><\/p>\n<ul>\n<li><em>Ta\u00e7a de mistura de 6,5 L em a\u00e7o inoxid\u00e1vel<\/em><\/li>\n<li><em>Gancho para massa em a\u00e7o inoxid\u00e1vel<\/em><\/li>\n<li><em>Batedor plano em a\u00e7o inoxid\u00e1vel<\/em><\/li>\n<li><em>Batedor de ovos em a\u00e7o inoxid\u00e1vel<\/em><\/li>\n<\/ul>\n","protected":false},"excerpt":{"rendered":"<p>Caracter\u00edsticas: Transmiss\u00e3o forte com engrenagens met\u00e1licas Cabe\u00e7a inclin\u00e1vel com bot\u00e3o de fixa\u00e7\u00e3o Interruptor de seguran\u00e7a na cabe\u00e7a da m\u00e1quina Prote\u00e7\u00e3o de pl\u00e1stico com abertura de enchimento Caixa de ferro fundido com revestimento resistente a riscos Caracter\u00edsticas do produto: Peso l\u00edquido: 17 kg Dimens\u00f5es da unidade: L24 x P42,5 x A42,5cm Dimens\u00f5es da ta\u00e7a de mistura: [&hellip;]<\/p>\n","protected":false},"featured_media":9404003,"comment_status":"open","ping_status":"closed","template":"","meta":[],"product_cat":[792,119],"product_tag":[],"class_list":["post-9404004","product","type-product","status-publish","has-post-thumbnail","hentry","product_cat-mais-vendidos","product_cat-batedeiras-planetrias","product_shipping_class-pph"],"_links":{"self":[{"href":"https:\/\/tpohotelariaecasa.pt\/index.php\/wp-json\/wp\/v2\/product\/9404004"}],"collection":[{"href":"https:\/\/tpohotelariaecasa.pt\/index.php\/wp-json\/wp\/v2\/product"}],"about":[{"href":"https:\/\/tpohotelariaecasa.pt\/index.php\/wp-json\/wp\/v2\/types\/product"}],"replies":[{"embeddable":true,"href":"https:\/\/tpohotelariaecasa.pt\/index.php\/wp-json\/wp\/v2\/comments?post=9404004"}],"wp:featuredmedia":[{"embeddable":true,"href":"https:\/\/tpohotelariaecasa.pt\/index.php\/wp-json\/wp\/v2\/media\/9404003"}],"wp:attachment":[{"href":"https:\/\/tpohotelariaecasa.pt\/index.php\/wp-json\/wp\/v2\/media?parent=9404004"}],"wp:term":[{"taxonomy":"product_cat","embeddable":true,"href":"https:\/\/tpohotelariaecasa.pt\/index.php\/wp-json\/wp\/v2\/product_cat?post=9404004"},{"taxonomy":"product_tag","embeddable":true,"href":"https:\/\/tpohotelariaecasa.pt\/index.php\/wp-json\/wp\/v2\/product_tag?post=9404004"}],"curies":[{"name":"wp","href":"https:\/\/api.w.org\/{rel}","templated":true}]}}