{"id":9404024,"date":"2023-02-08T17:18:33","date_gmt":"2023-02-08T17:18:33","guid":{"rendered":"https:\/\/tpohotelariaecasa.pt\/index.php\/product\/cortador-de-carne-ms-220\/"},"modified":"2025-04-03T09:09:45","modified_gmt":"2025-04-03T09:09:45","slug":"cortador-de-carne-ms-220","status":"publish","type":"product","link":"https:\/\/tpohotelariaecasa.pt\/index.php\/product\/cortador-de-carne-ms-220\/","title":{"rendered":"Cortador de carne MS 220"},"content":{"rendered":"<ul>\n<li>Constru\u00e7\u00e3o robusta em alum\u00ednio<\/li>\n<li>L\u00e2mina oca em a\u00e7o inoxid\u00e1vel endurecido<\/li>\n<li>Inclui acess\u00f3rio para afiar<\/li>\n<li>Disposi\u00e7\u00e3o inclinada para um corte f\u00e1cil<\/li>\n<li>Adequado para queijo com a l\u00e2mina de Teflon opcional<\/li>\n<li>M\u00e1quina muito silenciosa<\/li>\n<li>Seguran\u00e7a no motor<\/li>\n<li>Apoia-se em quatro p\u00e9s de borracha<\/li>\n<li>F\u00e1cil de limpar<\/li>\n<li>Peso l\u00edquido: 14,1 kg<\/li>\n<li>Dimens\u00f5es: B45 x D28 x H32cm<\/li>\n<li>Dimens\u00f5es do escorrega: B18 x D23cm<\/li>\n<li>Altura m\u00e1xima de corte: 17cm<\/li>\n<li>Espessura de corte ajust\u00e1vel 1-12mm<\/li>\n<li>Velocidade de rota\u00e7\u00e3o da l\u00e2mina: 300 RPM<\/li>\n<li>Di\u00e2metro da l\u00e2mina: \u00d8 22cm<\/li>\n<li>230V\/50Hz\/1Fase 120W<\/li>\n<\/ul>\n","protected":false},"excerpt":{"rendered":"<ul>\n<li>Cortador profissional para restaura\u00e7\u00e3o<\/li>\n<li>Constru\u00e7\u00e3o robusta em alum\u00ednio<\/li>\n<li>L\u00e2mina oca em a\u00e7o inoxid\u00e1vel endurecido<\/li>\n<li>Inclui acess\u00f3rio para afiar<\/li>\n<li>Disposi\u00e7\u00e3o inclinada para um corte f\u00e1cil<\/li>\n<li>Adequado para queijo com a l\u00e2mina de Teflon opcional<\/li>\n<li>M\u00e1quina muito silenciosa<\/li>\n<li>Seguran\u00e7a no motor<\/li>\n<li>Apoia-se em quatro p\u00e9s de borracha<\/li>\n<li>F\u00e1cil de limpar<\/li>\n<li>Peso l\u00edquido: 14,1 kg<\/li>\n<li>Dimens\u00f5es: B45 x D28 x H32cm<\/li>\n<li>Dimens\u00f5es do escorrega: B18 x D23cm<\/li>\n<li>Altura m\u00e1xima de corte: 17cm<\/li>\n<li>Espessura de corte ajust\u00e1vel 1-12mm<\/li>\n<li>Velocidade de rota\u00e7\u00e3o da l\u00e2mina: 300 RPM<\/li>\n<li>Di\u00e2metro da l\u00e2mina: \u00d8 22cm<\/li>\n<li>230V\/50Hz\/1Fase 120W<\/li>\n<\/ul>\n","protected":false},"featured_media":9404023,"comment_status":"open","ping_status":"closed","template":"","meta":[],"product_cat":[120],"product_tag":[],"class_list":["post-9404024","product","type-product","status-publish","has-post-thumbnail","hentry","product_cat-fiambreiras","product_shipping_class-pph"],"_links":{"self":[{"href":"https:\/\/tpohotelariaecasa.pt\/index.php\/wp-json\/wp\/v2\/product\/9404024"}],"collection":[{"href":"https:\/\/tpohotelariaecasa.pt\/index.php\/wp-json\/wp\/v2\/product"}],"about":[{"href":"https:\/\/tpohotelariaecasa.pt\/index.php\/wp-json\/wp\/v2\/types\/product"}],"replies":[{"embeddable":true,"href":"https:\/\/tpohotelariaecasa.pt\/index.php\/wp-json\/wp\/v2\/comments?post=9404024"}],"wp:featuredmedia":[{"embeddable":true,"href":"https:\/\/tpohotelariaecasa.pt\/index.php\/wp-json\/wp\/v2\/media\/9404023"}],"wp:attachment":[{"href":"https:\/\/tpohotelariaecasa.pt\/index.php\/wp-json\/wp\/v2\/media?parent=9404024"}],"wp:term":[{"taxonomy":"product_cat","embeddable":true,"href":"https:\/\/tpohotelariaecasa.pt\/index.php\/wp-json\/wp\/v2\/product_cat?post=9404024"},{"taxonomy":"product_tag","embeddable":true,"href":"https:\/\/tpohotelariaecasa.pt\/index.php\/wp-json\/wp\/v2\/product_tag?post=9404024"}],"curies":[{"name":"wp","href":"https:\/\/api.w.org\/{rel}","templated":true}]}}