{"id":9404052,"date":"2023-02-08T17:18:46","date_gmt":"2023-02-08T17:18:46","guid":{"rendered":"https:\/\/tpohotelariaecasa.pt\/index.php\/product\/vc450-special-slicer-2-mm\/"},"modified":"2025-04-03T09:09:41","modified_gmt":"2025-04-03T09:09:41","slug":"vc450-special-slicer-2-mm","status":"publish","type":"product","link":"https:\/\/tpohotelariaecasa.pt\/index.php\/product\/vc450-special-slicer-2-mm\/","title":{"rendered":"VC450 Special Slicer 2 mm"},"content":{"rendered":"<p>Este cortador permite-lhe cortar legumes e fruta em fatias de 2 mm. O cortador pode ser inserido no cortador de legumes. Quando terminar, o disco do cortador pode ser retirado e limpo com \u00e1gua morna e sab\u00e3o. Certifique-se de que seca bem o disco do cortador e aplique um pouco de \u00f3leo vegetal nos discos de corte para uma manuten\u00e7\u00e3o adequada.<\/p>\n","protected":false},"excerpt":{"rendered":"<p>Este cortador permite-lhe cortar legumes e fruta em fatias de 2 mm. O cortador pode ser inserido no cortador de legumes. Quando terminar, o disco do cortador pode ser retirado e limpo com \u00e1gua morna e sab\u00e3o. Certifique-se de que seca bem o disco do cortador e aplique um pouco de \u00f3leo vegetal nos discos [&hellip;]<\/p>\n","protected":false},"featured_media":9404051,"comment_status":"open","ping_status":"closed","template":"","meta":[],"product_cat":[121],"product_tag":[],"class_list":["post-9404052","product","type-product","status-publish","has-post-thumbnail","hentry","product_cat-cortadora-de-legumes","product_shipping_class-pph"],"_links":{"self":[{"href":"https:\/\/tpohotelariaecasa.pt\/index.php\/wp-json\/wp\/v2\/product\/9404052"}],"collection":[{"href":"https:\/\/tpohotelariaecasa.pt\/index.php\/wp-json\/wp\/v2\/product"}],"about":[{"href":"https:\/\/tpohotelariaecasa.pt\/index.php\/wp-json\/wp\/v2\/types\/product"}],"replies":[{"embeddable":true,"href":"https:\/\/tpohotelariaecasa.pt\/index.php\/wp-json\/wp\/v2\/comments?post=9404052"}],"wp:featuredmedia":[{"embeddable":true,"href":"https:\/\/tpohotelariaecasa.pt\/index.php\/wp-json\/wp\/v2\/media\/9404051"}],"wp:attachment":[{"href":"https:\/\/tpohotelariaecasa.pt\/index.php\/wp-json\/wp\/v2\/media?parent=9404052"}],"wp:term":[{"taxonomy":"product_cat","embeddable":true,"href":"https:\/\/tpohotelariaecasa.pt\/index.php\/wp-json\/wp\/v2\/product_cat?post=9404052"},{"taxonomy":"product_tag","embeddable":true,"href":"https:\/\/tpohotelariaecasa.pt\/index.php\/wp-json\/wp\/v2\/product_tag?post=9404052"}],"curies":[{"name":"wp","href":"https:\/\/api.w.org\/{rel}","templated":true}]}}