{"id":9404062,"date":"2023-02-08T17:18:49","date_gmt":"2023-02-08T17:18:49","guid":{"rendered":"https:\/\/tpohotelariaecasa.pt\/index.php\/product\/mquina-para-descascar-batata-20kg-400kg-h-temporizador-embutido\/"},"modified":"2025-04-03T09:09:36","modified_gmt":"2025-04-03T09:09:36","slug":"mquina-para-descascar-batata-20kg-400kg-h-temporizador-embutido","status":"publish","type":"product","link":"https:\/\/tpohotelariaecasa.pt\/index.php\/product\/mquina-para-descascar-batata-20kg-400kg-h-temporizador-embutido\/","title":{"rendered":"M\u00e1quina para descascar batata 20kg &#8211; 400kg \/ h &#8211; Temporizador embutido"},"content":{"rendered":"<ul>\n<li>Capacidade de enchimento at\u00e9 20 kg<\/li>\n<li>Caixa, bandeja e pernas em a\u00e7o inoxid\u00e1vel<\/li>\n<li>A tampa superior \u00e9 transparente<\/li>\n<li>Tampa e bandeja f\u00e1ceis de remover<\/li>\n<li>Placa de descasque em a\u00e7o inoxid\u00e1vel robusta e resistente ao desgaste<\/li>\n<li>F\u00e1cil de remover a placa de descascar<\/li>\n<li>Parede raspadora de carborundum dur\u00e1vel<\/li>\n<li>Bot\u00e3o de arranque mec\u00e2nico e bot\u00e3o de paragem<\/li>\n<li>Equipado com bot\u00e3o temporizador girat\u00f3rio<\/li>\n<li>Bot\u00e3o especial para remover o produto<\/li>\n<li>Com liga\u00e7\u00e3o de \u00e1gua e mangueira de abastecimento<\/li>\n<li>Interruptor de seguran\u00e7a na tampa<\/li>\n<li>Interruptor de seguran\u00e7a na porta<\/li>\n<li>Um dreno para \u00e1gua e res\u00edduos<\/li>\n<li>Com cesto e filtro de a\u00e7o inoxid\u00e1vel<\/li>\n<li>De p\u00e9 sobre 4 pernas de a\u00e7o inoxid\u00e1vel com p\u00e9s de borracha<\/li>\n<li>F\u00e1cil de limpar<\/li>\n<li>Peso l\u00edquido: 64kg<\/li>\n<li>Capacidade de enchimento: 20kg<\/li>\n<li>Capacidade de raspagem: 400kg por hora<\/li>\n<li>Velocidade: 2-3 minutos por ciclo<\/li>\n<li>Dimens\u00f5es: W49,4 x D59 x H110,5cm<\/li>\n<li>230V\/50Hz\/1Fase 950W<\/li>\n<\/ul>\n<p>A utilizar para:<\/p>\n<ul>\n<li>Batatas<\/li>\n<li>Cenouras<\/li>\n<\/ul>\n<p>N\u00e3o adequado para:<\/p>\n<ul>\n<li>Cebolas<\/li>\n<\/ul>\n","protected":false},"excerpt":{"rendered":"<ul>\n<li>M\u00e1quina de descascar profissional de luxo<\/li>\n<li>Capacidade de enchimento at\u00e9 20 kg<\/li>\n<li>Caixa, bandeja e pernas em a\u00e7o inoxid\u00e1vel<\/li>\n<li>A tampa superior \u00e9 transparente<\/li>\n<li>Tampa e bandeja f\u00e1ceis de remover<\/li>\n<li>Placa de descasque em a\u00e7o inoxid\u00e1vel robusta e resistente ao desgaste<\/li>\n<li>F\u00e1cil de remover a placa de descascar<\/li>\n<li>Parede raspadora de carborundum dur\u00e1vel<\/li>\n<li>Bot\u00e3o de arranque mec\u00e2nico e bot\u00e3o de paragem<\/li>\n<li>Equipado com bot\u00e3o temporizador girat\u00f3rio<\/li>\n<li>Bot\u00e3o especial para remover o produto<\/li>\n<li>Com liga\u00e7\u00e3o de \u00e1gua e mangueira de abastecimento<\/li>\n<li>Interruptor de seguran\u00e7a na tampa<\/li>\n<li>Interruptor de seguran\u00e7a na porta<\/li>\n<li>Um dreno para \u00e1gua e res\u00edduos<\/li>\n<li>Com cesto e filtro de a\u00e7o inoxid\u00e1vel<\/li>\n<li>De p\u00e9 sobre 4 pernas de a\u00e7o inoxid\u00e1vel com p\u00e9s de borracha<\/li>\n<li>F\u00e1cil de limpar<\/li>\n<li>Peso l\u00edquido: 64kg<\/li>\n<li>Capacidade de enchimento: 20kg<\/li>\n<li>Capacidade de raspagem: 400kg por hora<\/li>\n<li>Velocidade: 2-3 minutos por ciclo<\/li>\n<li>Dimens\u00f5es: W49,4 x D59 x H110,5cm<\/li>\n<li>230V\/50Hz\/1Fase 950W<\/li>\n<\/ul>\n<p>A utilizar para:<\/p>\n<ul>\n<li>Batatas<\/li>\n<li>Cenouras<\/li>\n<\/ul>\n<p>N\u00e3o adequado para:<\/p>\n<ul>\n<li>Cebolas<\/li>\n<\/ul>\n","protected":false},"featured_media":9404061,"comment_status":"open","ping_status":"closed","template":"","meta":[],"product_cat":[122],"product_tag":[],"class_list":["post-9404062","product","type-product","status-publish","has-post-thumbnail","hentry","product_cat-descascadores-de-batatas","product_shipping_class-gph"],"_links":{"self":[{"href":"https:\/\/tpohotelariaecasa.pt\/index.php\/wp-json\/wp\/v2\/product\/9404062"}],"collection":[{"href":"https:\/\/tpohotelariaecasa.pt\/index.php\/wp-json\/wp\/v2\/product"}],"about":[{"href":"https:\/\/tpohotelariaecasa.pt\/index.php\/wp-json\/wp\/v2\/types\/product"}],"replies":[{"embeddable":true,"href":"https:\/\/tpohotelariaecasa.pt\/index.php\/wp-json\/wp\/v2\/comments?post=9404062"}],"wp:featuredmedia":[{"embeddable":true,"href":"https:\/\/tpohotelariaecasa.pt\/index.php\/wp-json\/wp\/v2\/media\/9404061"}],"wp:attachment":[{"href":"https:\/\/tpohotelariaecasa.pt\/index.php\/wp-json\/wp\/v2\/media?parent=9404062"}],"wp:term":[{"taxonomy":"product_cat","embeddable":true,"href":"https:\/\/tpohotelariaecasa.pt\/index.php\/wp-json\/wp\/v2\/product_cat?post=9404062"},{"taxonomy":"product_tag","embeddable":true,"href":"https:\/\/tpohotelariaecasa.pt\/index.php\/wp-json\/wp\/v2\/product_tag?post=9404062"}],"curies":[{"name":"wp","href":"https:\/\/api.w.org\/{rel}","templated":true}]}}