{"id":9404066,"date":"2023-02-08T17:18:55","date_gmt":"2023-02-08T17:18:55","guid":{"rendered":"https:\/\/tpohotelariaecasa.pt\/index.php\/product\/mquina-churros-fabricante-churros-5l-vertical-ao-inoxidvel\/"},"modified":"2025-04-03T09:09:45","modified_gmt":"2025-04-03T09:09:45","slug":"mquina-churros-fabricante-churros-5l-vertical-ao-inoxidvel","status":"publish","type":"product","link":"https:\/\/tpohotelariaecasa.pt\/index.php\/product\/mquina-churros-fabricante-churros-5l-vertical-ao-inoxidvel\/","title":{"rendered":"M\u00e1quina Churros \/ Fabricante Churros 5L &#8211; Vertical &#8211; A\u00e7o Inoxid\u00e1vel"},"content":{"rendered":"<ul>\n<li>Capacidade de enchimento de at\u00e9 5L<\/li>\n<li>Caixa e placa base em a\u00e7o inoxid\u00e1vel<\/li>\n<li>Cilindro, eixo e placa de prensagem em a\u00e7o inoxid\u00e1vel<\/li>\n<li>Anel de parafuso e tubos de enchimento em a\u00e7o inoxid\u00e1vel<\/li>\n<li>Porcas, parafusos e porcas de a\u00e7o inoxid\u00e1vel<\/li>\n<li>Placa de prensagem com orif\u00edcio para desabafar<\/li>\n<li>Placa de prensagem perfeitamente selada com selo<\/li>\n<li>A sec\u00e7\u00e3o de sa\u00edda pode ser removida de uma s\u00f3 vez<\/li>\n<li>2 velocidades para uma dosagem perfeita<\/li>\n<li>Fica em quatro p\u00e9s de borracha<\/li>\n<li>F\u00e1cil de limpar<\/li>\n<li>Peso l\u00edquido: 12 kg<\/li>\n<li>Dimens\u00f5es dos cilindros: \u00d8140 x 320 mm<\/li>\n<li>Di\u00e2metro do cilindro de sa\u00edda: \u00d850 mm<\/li>\n<li>Dimens\u00f5es da unidade: H690 x L340 x D300 mm<\/li>\n<\/ul>\n","protected":false},"excerpt":{"rendered":"<ul>\n<li>Capacidade de enchimento de at\u00e9 5L<\/li>\n<li>Caixa e placa base em a\u00e7o inoxid\u00e1vel<\/li>\n<li>Cilindro, eixo e placa de prensagem em a\u00e7o inoxid\u00e1vel<\/li>\n<li>Anel de parafuso e tubos de enchimento em a\u00e7o inoxid\u00e1vel<\/li>\n<li>Porcas, parafusos e porcas de a\u00e7o inoxid\u00e1vel<\/li>\n<li>Placa de prensagem com orif\u00edcio para desabafar<\/li>\n<li>Placa de prensagem perfeitamente selada com selo<\/li>\n<li>A sec\u00e7\u00e3o de sa\u00edda pode ser removida de uma s\u00f3 vez<\/li>\n<li>2 velocidades para uma dosagem perfeita<\/li>\n<li>Fica em quatro p\u00e9s de borracha<\/li>\n<li>F\u00e1cil de limpar<\/li>\n<li>Peso l\u00edquido: 12 kg<\/li>\n<li>Dimens\u00f5es dos cilindros: \u00d8140 x 320 mm<\/li>\n<li>Di\u00e2metro do cilindro de sa\u00edda: \u00d850 mm<\/li>\n<li>Dimens\u00f5es da unidade: H690 x L340 x D300 mm<\/li>\n<\/ul>\n<ul>\n<li>Peso l\u00edquido: 12kg<\/li>\n<li>Dimens\u00f5es dos cilindros: \u00d814 x 32cm<\/li>\n<li>Di\u00e2metro do cilindro de sa\u00edda: \u00d85cm<\/li>\n<li>Capacidade de enchimento: 7L<\/li>\n<li>Dispositivo de dimens\u00f5es: L34 x D30 x H69cm<\/li>\n<\/ul>\n","protected":false},"featured_media":9432060,"comment_status":"open","ping_status":"closed","template":"","meta":[],"product_cat":[92],"product_tag":[],"class_list":["post-9404066","product","type-product","status-publish","has-post-thumbnail","hentry","product_cat-mquina-de-churros","product_shipping_class-pph"],"_links":{"self":[{"href":"https:\/\/tpohotelariaecasa.pt\/index.php\/wp-json\/wp\/v2\/product\/9404066"}],"collection":[{"href":"https:\/\/tpohotelariaecasa.pt\/index.php\/wp-json\/wp\/v2\/product"}],"about":[{"href":"https:\/\/tpohotelariaecasa.pt\/index.php\/wp-json\/wp\/v2\/types\/product"}],"replies":[{"embeddable":true,"href":"https:\/\/tpohotelariaecasa.pt\/index.php\/wp-json\/wp\/v2\/comments?post=9404066"}],"wp:featuredmedia":[{"embeddable":true,"href":"https:\/\/tpohotelariaecasa.pt\/index.php\/wp-json\/wp\/v2\/media\/9432060"}],"wp:attachment":[{"href":"https:\/\/tpohotelariaecasa.pt\/index.php\/wp-json\/wp\/v2\/media?parent=9404066"}],"wp:term":[{"taxonomy":"product_cat","embeddable":true,"href":"https:\/\/tpohotelariaecasa.pt\/index.php\/wp-json\/wp\/v2\/product_cat?post=9404066"},{"taxonomy":"product_tag","embeddable":true,"href":"https:\/\/tpohotelariaecasa.pt\/index.php\/wp-json\/wp\/v2\/product_tag?post=9404066"}],"curies":[{"name":"wp","href":"https:\/\/api.w.org\/{rel}","templated":true}]}}