{"id":9404094,"date":"2023-02-08T17:19:03","date_gmt":"2023-02-08T17:19:03","guid":{"rendered":"https:\/\/tpohotelariaecasa.pt\/index.php\/product\/misturador-de-carne-40l-manual-eixo-duplo-carne-30kg\/"},"modified":"2025-04-03T09:09:37","modified_gmt":"2025-04-03T09:09:37","slug":"misturador-de-carne-40l-manual-eixo-duplo-carne-30kg","status":"publish","type":"product","link":"https:\/\/tpohotelariaecasa.pt\/index.php\/product\/misturador-de-carne-40l-manual-eixo-duplo-carne-30kg\/","title":{"rendered":"Misturador de Carne 40L &#8211; Manual &#8211; Eixo Duplo &#8211; Carne 30kg"},"content":{"rendered":"<ul>\n<li>Misturador de carne profissional e robusto<\/li>\n<li>Caixa de a\u00e7o inoxid\u00e1vel, asas de mistura e tampa<\/li>\n<li>Apresenta eixos duplos<\/li>\n<li>Pegas de tor\u00e7\u00e3o dur\u00e1veis e pr\u00e1ticas<\/li>\n<li>Asas e pegas misturadoras s\u00e3o f\u00e1ceis de remover<\/li>\n<li>O misturador pode virar-se em duas direc\u00e7\u00f5es<\/li>\n<li>Equipado com rolamentos de esferas com selo<\/li>\n<li>Fica em 4 p\u00e9s de borracha<\/li>\n<li>Funciona suavemente e mistura-se perfeitamente<\/li>\n<li>Ideal para misturar carne com ervas arom\u00e1ticas<\/li>\n<li>F\u00e1cil de limpar<\/li>\n<\/ul>\n<p><strong>Especifica\u00e7\u00f5es do produto<\/strong><\/p>\n<ul>\n<li>Peso l\u00edquido: 19kg<\/li>\n<li>Dimens\u00f5es: L52 x D39,5 x H36,5cm<\/li>\n<li>Capacidade: 26 &#8211; 35kg (dependendo da estrutura da carne)<\/li>\n<li>Capacidade: m\u00e1ximo 40L<\/li>\n<\/ul>\n","protected":false},"excerpt":{"rendered":"<ul>\n<li>Misturador de carne profissional e robusto<\/li>\n<li>Caixa de a\u00e7o inoxid\u00e1vel, asas de mistura e tampa<\/li>\n<li>Apresenta eixos duplos<\/li>\n<li>Pegas de tor\u00e7\u00e3o dur\u00e1veis e pr\u00e1ticas<\/li>\n<li>Asas e pegas misturadoras s\u00e3o f\u00e1ceis de remover<\/li>\n<li>O misturador pode virar-se em duas direc\u00e7\u00f5es<\/li>\n<li>Equipado com rolamentos de esferas com selo<\/li>\n<li>Fica em 4 p\u00e9s de borracha<\/li>\n<li>Funciona suavemente e mistura-se perfeitamente<\/li>\n<li>Ideal para misturar carne com ervas arom\u00e1ticas<\/li>\n<li>F\u00e1cil de limpar<\/li>\n<\/ul>\n<p><strong>Especifica\u00e7\u00f5es do produto<\/strong><\/p>\n<ul>\n<li>Peso l\u00edquido: 19kg<\/li>\n<li>Dimens\u00f5es: L52 x D39,5 x H36,5cm<\/li>\n<li>Capacidade: 26 &#8211; 35kg (dependendo da estrutura da carne)<\/li>\n<li>Capacidade: m\u00e1ximo 40L<\/li>\n<\/ul>\n","protected":false},"featured_media":9404093,"comment_status":"open","ping_status":"closed","template":"","meta":[],"product_cat":[123],"product_tag":[],"class_list":["post-9404094","product","type-product","status-publish","has-post-thumbnail","hentry","product_cat-misturador-de-carne","product_shipping_class-pph"],"_links":{"self":[{"href":"https:\/\/tpohotelariaecasa.pt\/index.php\/wp-json\/wp\/v2\/product\/9404094"}],"collection":[{"href":"https:\/\/tpohotelariaecasa.pt\/index.php\/wp-json\/wp\/v2\/product"}],"about":[{"href":"https:\/\/tpohotelariaecasa.pt\/index.php\/wp-json\/wp\/v2\/types\/product"}],"replies":[{"embeddable":true,"href":"https:\/\/tpohotelariaecasa.pt\/index.php\/wp-json\/wp\/v2\/comments?post=9404094"}],"wp:featuredmedia":[{"embeddable":true,"href":"https:\/\/tpohotelariaecasa.pt\/index.php\/wp-json\/wp\/v2\/media\/9404093"}],"wp:attachment":[{"href":"https:\/\/tpohotelariaecasa.pt\/index.php\/wp-json\/wp\/v2\/media?parent=9404094"}],"wp:term":[{"taxonomy":"product_cat","embeddable":true,"href":"https:\/\/tpohotelariaecasa.pt\/index.php\/wp-json\/wp\/v2\/product_cat?post=9404094"},{"taxonomy":"product_tag","embeddable":true,"href":"https:\/\/tpohotelariaecasa.pt\/index.php\/wp-json\/wp\/v2\/product_tag?post=9404094"}],"curies":[{"name":"wp","href":"https:\/\/api.w.org\/{rel}","templated":true}]}}