{"id":9404104,"date":"2023-02-08T17:19:06","date_gmt":"2023-02-08T17:19:06","guid":{"rendered":"https:\/\/tpohotelariaecasa.pt\/index.php\/product\/moedor-de-carne-mmm-22\/"},"modified":"2025-04-03T09:09:37","modified_gmt":"2025-04-03T09:09:37","slug":"moedor-de-carne-mmm-22","status":"publish","type":"product","link":"https:\/\/tpohotelariaecasa.pt\/index.php\/product\/moedor-de-carne-mmm-22\/","title":{"rendered":"Moedor de Carne MMM 22"},"content":{"rendered":"<ul>\n<li>Moedor de carne profissional potente<\/li>\n<li>Caixa e tabuleiro em a\u00e7o inoxid\u00e1vel<\/li>\n<li>Engrenagem sem-fim e anel roscado em a\u00e7o inoxid\u00e1vel<\/li>\n<li>Facas e placas em a\u00e7o temperado<\/li>\n<li>A parte de moagem pode ser removida num s\u00f3 movimento<\/li>\n<li>2 velocidades: para a frente e para tr\u00e1s<\/li>\n<li>Interruptor de prote\u00e7\u00e3o do motor<\/li>\n<li>Apoia-se em quatro p\u00e9s de borracha<\/li>\n<li>F\u00e1cil de limpar<\/li>\n<\/ul>\n<p><strong>Especifica\u00e7\u00f5es do produto<\/strong><\/p>\n<ul>\n<li>Peso l\u00edquido: 28 kg<\/li>\n<li>Capacidade: m\u00e1ximo 220kg\/h<\/li>\n<li>Dimens\u00f5es do tabuleiro: B21,5 x D32,5 x H4,5cm<\/li>\n<li>Dimens\u00f5es da m\u00e1quina: B24 x D44 x H46cm<\/li>\n<li>Di\u00e2metro de entrada (exceto tabuleiro): 5,5 cm<\/li>\n<li>Di\u00e2metro de sa\u00edda: 8,2cm<\/li>\n<li>N\u00famero do modelo: 22<\/li>\n<li>220V\/50Hz\/1Fase 1100W<\/li>\n<\/ul>\n<p><em>Inclui<\/em><\/p>\n<ul>\n<li>1 empurrador<\/li>\n<li>1 enchedor de salsichas &#8211; \u00d8 20 mm<\/li>\n<li>2 facas transversais<\/li>\n<li>Placa de moagem 6 mm<\/li>\n<li>Placa de moagem 8 mm<\/li>\n<\/ul>\n","protected":false},"excerpt":{"rendered":"<p>Moedor de carne profissional potente Caixa e tabuleiro em a\u00e7o inoxid\u00e1vel Engrenagem sem-fim e anel roscado em a\u00e7o inoxid\u00e1vel Facas e placas em a\u00e7o temperado A parte de moagem pode ser removida num s\u00f3 movimento 2 velocidades: para a frente e para tr\u00e1s Interruptor de prote\u00e7\u00e3o do motor Apoia-se em quatro p\u00e9s de borracha F\u00e1cil [&hellip;]<\/p>\n","protected":false},"featured_media":9404103,"comment_status":"open","ping_status":"closed","template":"","meta":[],"product_cat":[124],"product_tag":[],"class_list":["post-9404104","product","type-product","status-publish","has-post-thumbnail","hentry","product_cat-moedor-de-carne","product_shipping_class-gph"],"_links":{"self":[{"href":"https:\/\/tpohotelariaecasa.pt\/index.php\/wp-json\/wp\/v2\/product\/9404104"}],"collection":[{"href":"https:\/\/tpohotelariaecasa.pt\/index.php\/wp-json\/wp\/v2\/product"}],"about":[{"href":"https:\/\/tpohotelariaecasa.pt\/index.php\/wp-json\/wp\/v2\/types\/product"}],"replies":[{"embeddable":true,"href":"https:\/\/tpohotelariaecasa.pt\/index.php\/wp-json\/wp\/v2\/comments?post=9404104"}],"wp:featuredmedia":[{"embeddable":true,"href":"https:\/\/tpohotelariaecasa.pt\/index.php\/wp-json\/wp\/v2\/media\/9404103"}],"wp:attachment":[{"href":"https:\/\/tpohotelariaecasa.pt\/index.php\/wp-json\/wp\/v2\/media?parent=9404104"}],"wp:term":[{"taxonomy":"product_cat","embeddable":true,"href":"https:\/\/tpohotelariaecasa.pt\/index.php\/wp-json\/wp\/v2\/product_cat?post=9404104"},{"taxonomy":"product_tag","embeddable":true,"href":"https:\/\/tpohotelariaecasa.pt\/index.php\/wp-json\/wp\/v2\/product_tag?post=9404104"}],"curies":[{"name":"wp","href":"https:\/\/api.w.org\/{rel}","templated":true}]}}