{"id":9404124,"date":"2023-02-08T17:19:16","date_gmt":"2023-02-08T17:19:16","guid":{"rendered":"https:\/\/tpohotelariaecasa.pt\/index.php\/product\/enchedor-de-salsicha-7l-vertical-ao-inoxidvel-4-tubos-de-enchimento\/"},"modified":"2025-04-03T09:09:45","modified_gmt":"2025-04-03T09:09:45","slug":"enchedor-de-salsicha-7l-vertical-ao-inoxidvel-4-tubos-de-enchimento","status":"publish","type":"product","link":"https:\/\/tpohotelariaecasa.pt\/index.php\/product\/enchedor-de-salsicha-7l-vertical-ao-inoxidvel-4-tubos-de-enchimento\/","title":{"rendered":"Enchedor de salsicha 7L &#8211; Vertical &#8211; A\u00e7o Inoxid\u00e1vel &#8211; 4 tubos de enchimento"},"content":{"rendered":"<ul>\n<li>Caixa de a\u00e7o inoxid\u00e1vel e placa de base<\/li>\n<li>Cilindro, eixo e chapa de prensagem em a\u00e7o inoxid\u00e1vel<\/li>\n<li>Anel de parafuso e tubos de enchimento em a\u00e7o inoxid\u00e1vel<\/li>\n<li>Porcas, parafusos e porcas de a\u00e7o inoxid\u00e1vel<\/li>\n<li>Placa de prensagem com orif\u00edcio para desabafar<\/li>\n<li>Placa de prensagem perfeitamente selada com selo<\/li>\n<li>A sec\u00e7\u00e3o de sa\u00edda pode ser removida de uma s\u00f3 vez<\/li>\n<li>2 velocidades para uma dosagem perfeita<\/li>\n<li>Fica em quatro p\u00e9s de borracha<\/li>\n<li>F\u00e1cil de limpar<\/li>\n<li>Peso l\u00edquido: 13kg<\/li>\n<li>Capacidade de enchimento: 7L<\/li>\n<li>Dimens\u00f5es dos cilindros: \u00d814 x 46cm<\/li>\n<li>Dimens\u00f5es do dispositivo: L34 x D30 x H83cm<\/li>\n<li>Di\u00e2metro do cilindro de sa\u00edda: \u00d85cm<\/li>\n<li>Quatro tubos de enchimento em a\u00e7o inoxid\u00e1vel de \u00d816mm, \u00d822mm, \u00d832mm e \u00d838mm<\/li>\n<\/ul>\n","protected":false},"excerpt":{"rendered":"<p>Caixa de a\u00e7o inoxid\u00e1vel e placa de base Cilindro, eixo e chapa de prensagem em a\u00e7o inoxid\u00e1vel Anel de parafuso e tubos de enchimento em a\u00e7o inoxid\u00e1vel Porcas, parafusos e porcas de a\u00e7o inoxid\u00e1vel Placa de prensagem com orif\u00edcio para desabafar Placa de prensagem perfeitamente selada com selo A sec\u00e7\u00e3o de sa\u00edda pode ser removida [&hellip;]<\/p>\n","protected":false},"featured_media":9404123,"comment_status":"open","ping_status":"closed","template":"","meta":[],"product_cat":[127],"product_tag":[],"class_list":["post-9404124","product","type-product","status-publish","has-post-thumbnail","hentry","product_cat-recheador-de-salsichas","product_shipping_class-pph"],"_links":{"self":[{"href":"https:\/\/tpohotelariaecasa.pt\/index.php\/wp-json\/wp\/v2\/product\/9404124"}],"collection":[{"href":"https:\/\/tpohotelariaecasa.pt\/index.php\/wp-json\/wp\/v2\/product"}],"about":[{"href":"https:\/\/tpohotelariaecasa.pt\/index.php\/wp-json\/wp\/v2\/types\/product"}],"replies":[{"embeddable":true,"href":"https:\/\/tpohotelariaecasa.pt\/index.php\/wp-json\/wp\/v2\/comments?post=9404124"}],"wp:featuredmedia":[{"embeddable":true,"href":"https:\/\/tpohotelariaecasa.pt\/index.php\/wp-json\/wp\/v2\/media\/9404123"}],"wp:attachment":[{"href":"https:\/\/tpohotelariaecasa.pt\/index.php\/wp-json\/wp\/v2\/media?parent=9404124"}],"wp:term":[{"taxonomy":"product_cat","embeddable":true,"href":"https:\/\/tpohotelariaecasa.pt\/index.php\/wp-json\/wp\/v2\/product_cat?post=9404124"},{"taxonomy":"product_tag","embeddable":true,"href":"https:\/\/tpohotelariaecasa.pt\/index.php\/wp-json\/wp\/v2\/product_tag?post=9404124"}],"curies":[{"name":"wp","href":"https:\/\/api.w.org\/{rel}","templated":true}]}}