{"id":9404128,"date":"2023-02-08T17:19:17","date_gmt":"2023-02-08T17:19:17","guid":{"rendered":"https:\/\/tpohotelariaecasa.pt\/index.php\/product\/enchedor-de-salsichas-12l-vertical-ao-inoxidvel-4-tubos-de-enchimento\/"},"modified":"2025-04-03T09:09:43","modified_gmt":"2025-04-03T09:09:43","slug":"enchedor-de-salsichas-12l-vertical-ao-inoxidvel-4-tubos-de-enchimento","status":"publish","type":"product","link":"https:\/\/tpohotelariaecasa.pt\/index.php\/product\/enchedor-de-salsichas-12l-vertical-ao-inoxidvel-4-tubos-de-enchimento\/","title":{"rendered":"Enchedor de salsichas 12L &#8211; Vertical &#8211; A\u00e7o Inoxid\u00e1vel &#8211; 4 tubos de enchimento"},"content":{"rendered":"<ul>\n<li>Capacidade de enchimento de at\u00e9 12L<\/li>\n<li>Caixa e placa base em a\u00e7o inoxid\u00e1vel<\/li>\n<li>Cilindro, eixo e placa de prensagem em a\u00e7o inoxid\u00e1vel<\/li>\n<li>Anel de parafuso e tubos de enchimento em a\u00e7o inoxid\u00e1vel<\/li>\n<li>Porcas, parafusos e porcas de a\u00e7o inoxid\u00e1vel<\/li>\n<li>Placa de prensagem com orif\u00edcio para desabafar<\/li>\n<li>Placa de prensagem perfeitamente selada com selo<\/li>\n<li>A sec\u00e7\u00e3o de sa\u00edda pode ser removida de uma s\u00f3 vez<\/li>\n<li>2 velocidades para uma dosagem perfeita<\/li>\n<li>Fica em quatro p\u00e9s de borracha<\/li>\n<li>F\u00e1cil de limpar<\/li>\n<li>Peso l\u00edquido: 15 kg<\/li>\n<li>Dimens\u00f5es dos cilindros: \u00d8219 x 320 mm<\/li>\n<li>Di\u00e2metro do cilindro de sa\u00edda: \u00d850 mm<\/li>\n<li>Dimens\u00f5es da unidade: H630 x L330 x D300 mm<\/li>\n<\/ul>\n<p>Padr\u00e3o inclu\u00eddo:<\/p>\n<ul>\n<li>Tubo de enchimento em a\u00e7o inoxid\u00e1vel \u00d816 mm<\/li>\n<li>Tubo de enchimento em a\u00e7o inoxid\u00e1vel \u00d822 mm<\/li>\n<li>Tubo de enchimento em a\u00e7o inoxid\u00e1vel \u00d832 mm<\/li>\n<li>Tubo de enchimento em a\u00e7o inoxid\u00e1vel \u00d838 mm<\/li>\n<\/ul>\n","protected":false},"excerpt":{"rendered":"<p>Capacidade de enchimento de at\u00e9 12L Caixa e placa base em a\u00e7o inoxid\u00e1vel Cilindro, eixo e placa de prensagem em a\u00e7o inoxid\u00e1vel Anel de parafuso e tubos de enchimento em a\u00e7o inoxid\u00e1vel Porcas, parafusos e porcas de a\u00e7o inoxid\u00e1vel Placa de prensagem com orif\u00edcio para desabafar Placa de prensagem perfeitamente selada com selo A sec\u00e7\u00e3o [&hellip;]<\/p>\n","protected":false},"featured_media":9404127,"comment_status":"open","ping_status":"closed","template":"","meta":[],"product_cat":[127],"product_tag":[],"class_list":["post-9404128","product","type-product","status-publish","has-post-thumbnail","hentry","product_cat-recheador-de-salsichas","product_shipping_class-pph"],"_links":{"self":[{"href":"https:\/\/tpohotelariaecasa.pt\/index.php\/wp-json\/wp\/v2\/product\/9404128"}],"collection":[{"href":"https:\/\/tpohotelariaecasa.pt\/index.php\/wp-json\/wp\/v2\/product"}],"about":[{"href":"https:\/\/tpohotelariaecasa.pt\/index.php\/wp-json\/wp\/v2\/types\/product"}],"replies":[{"embeddable":true,"href":"https:\/\/tpohotelariaecasa.pt\/index.php\/wp-json\/wp\/v2\/comments?post=9404128"}],"wp:featuredmedia":[{"embeddable":true,"href":"https:\/\/tpohotelariaecasa.pt\/index.php\/wp-json\/wp\/v2\/media\/9404127"}],"wp:attachment":[{"href":"https:\/\/tpohotelariaecasa.pt\/index.php\/wp-json\/wp\/v2\/media?parent=9404128"}],"wp:term":[{"taxonomy":"product_cat","embeddable":true,"href":"https:\/\/tpohotelariaecasa.pt\/index.php\/wp-json\/wp\/v2\/product_cat?post=9404128"},{"taxonomy":"product_tag","embeddable":true,"href":"https:\/\/tpohotelariaecasa.pt\/index.php\/wp-json\/wp\/v2\/product_tag?post=9404128"}],"curies":[{"name":"wp","href":"https:\/\/api.w.org\/{rel}","templated":true}]}}