{"id":9404154,"date":"2023-02-08T17:19:23","date_gmt":"2023-02-08T17:19:23","guid":{"rendered":"https:\/\/tpohotelariaecasa.pt\/index.php\/product\/rolo-de-massa-duplo-rolo-de-massa-para-pizza-42-pizza-40-cm\/"},"modified":"2025-04-03T09:09:36","modified_gmt":"2025-04-03T09:09:36","slug":"rolo-de-massa-duplo-rolo-de-massa-para-pizza-42-pizza-40-cm","status":"publish","type":"product","link":"https:\/\/tpohotelariaecasa.pt\/index.php\/product\/rolo-de-massa-duplo-rolo-de-massa-para-pizza-42-pizza-40-cm\/","title":{"rendered":"Rolo de Massa Duplo \/ Rolo de Massa para Pizza 42 Pizza 40 cm"},"content":{"rendered":"<p><strong>Caracter\u00edsticas<\/strong><\/p>\n<ul>\n<li>M\u00e1quina de enrolar massa profissional<\/li>\n<li>Equipado com dois pinos rolantes<\/li>\n<li>R\u00e1pido e f\u00e1cil de lan\u00e7ar<\/li>\n<li>Pino rolante com motor forte<\/li>\n<li>Unidade dur\u00e1vel e potente<\/li>\n<li>Equipado com duas posi\u00e7\u00f5es<\/li>\n<li>Caixa luxuosa totalmente em a\u00e7o inoxid\u00e1vel<\/li>\n<li>Bela capa de pl\u00e1stico transparente<\/li>\n<li>Com interruptor de seguran\u00e7a<\/li>\n<li>Ajust\u00e1vel com bot\u00e3o simples<\/li>\n<li>Bot\u00e3o de alimenta\u00e7\u00e3o separada<\/li>\n<li>Muito simples de usar<\/li>\n<li>F\u00e1cil de limpar<\/li>\n<\/ul>\n<p><strong>Especifica\u00e7\u00f5es do produto<\/strong><\/p>\n<ul>\n<li>Peso l\u00edquido: 36kg<\/li>\n<li>Dimens\u00f5es: L58 x D46,5 x H78cm<\/li>\n<li>Peso m\u00e1ximo da massa: 210-700g<\/li>\n<li>Di\u00e2metro m\u00e1ximo da massa de pizza: 26-40cm<\/li>\n<li>Di\u00e2metro \/ espessura ajust\u00e1veis: at\u00e9 4mm<\/li>\n<li>230V \/ 50Hz \/ 1 Fase 250W<\/li>\n<\/ul>\n<p><strong>Opcional<\/strong><\/p>\n<ul>\n<li>Pedal<\/li>\n<\/ul>\n","protected":false},"excerpt":{"rendered":"<p>Caracter\u00edsticas M\u00e1quina de enrolar massa profissional Equipado com dois pinos rolantes R\u00e1pido e f\u00e1cil de lan\u00e7ar Pino rolante com motor forte Unidade dur\u00e1vel e potente Equipado com duas posi\u00e7\u00f5es Caixa luxuosa totalmente em a\u00e7o inoxid\u00e1vel Bela capa de pl\u00e1stico transparente Com interruptor de seguran\u00e7a Ajust\u00e1vel com bot\u00e3o simples Bot\u00e3o de alimenta\u00e7\u00e3o separada Muito simples de [&hellip;]<\/p>\n","protected":false},"featured_media":9404153,"comment_status":"open","ping_status":"closed","template":"","meta":[],"product_cat":[128],"product_tag":[],"class_list":["post-9404154","product","type-product","status-publish","has-post-thumbnail","hentry","product_cat-rolos-de-massa","product_shipping_class-gph"],"_links":{"self":[{"href":"https:\/\/tpohotelariaecasa.pt\/index.php\/wp-json\/wp\/v2\/product\/9404154"}],"collection":[{"href":"https:\/\/tpohotelariaecasa.pt\/index.php\/wp-json\/wp\/v2\/product"}],"about":[{"href":"https:\/\/tpohotelariaecasa.pt\/index.php\/wp-json\/wp\/v2\/types\/product"}],"replies":[{"embeddable":true,"href":"https:\/\/tpohotelariaecasa.pt\/index.php\/wp-json\/wp\/v2\/comments?post=9404154"}],"wp:featuredmedia":[{"embeddable":true,"href":"https:\/\/tpohotelariaecasa.pt\/index.php\/wp-json\/wp\/v2\/media\/9404153"}],"wp:attachment":[{"href":"https:\/\/tpohotelariaecasa.pt\/index.php\/wp-json\/wp\/v2\/media?parent=9404154"}],"wp:term":[{"taxonomy":"product_cat","embeddable":true,"href":"https:\/\/tpohotelariaecasa.pt\/index.php\/wp-json\/wp\/v2\/product_cat?post=9404154"},{"taxonomy":"product_tag","embeddable":true,"href":"https:\/\/tpohotelariaecasa.pt\/index.php\/wp-json\/wp\/v2\/product_tag?post=9404154"}],"curies":[{"name":"wp","href":"https:\/\/api.w.org\/{rel}","templated":true}]}}