{"id":9404160,"date":"2023-02-08T17:19:24","date_gmt":"2023-02-08T17:19:24","guid":{"rendered":"https:\/\/tpohotelariaecasa.pt\/index.php\/product\/modelo-de-piso-para-folha-de-massa-38-cm\/"},"modified":"2025-04-03T09:09:35","modified_gmt":"2025-04-03T09:09:35","slug":"modelo-de-piso-para-folha-de-massa-38-cm","status":"publish","type":"product","link":"https:\/\/tpohotelariaecasa.pt\/index.php\/product\/modelo-de-piso-para-folha-de-massa-38-cm\/","title":{"rendered":"Modelo de Piso para Folha de Massa &#8211; 38 cm"},"content":{"rendered":"<ul>\n<li>Robusto e f\u00e1cil de operar<\/li>\n<li>Esteira transportadora adequada para a transforma\u00e7\u00e3o de alimentos<\/li>\n<li>Espessura da massa ajust\u00e1vel 0-35 mm<\/li>\n<li>Pega para mover a massa<\/li>\n<li>Recipiente de massa<\/li>\n<li>Equipado com bot\u00e3o de emerg\u00eancia<\/li>\n<li>Equipado com grelhas de seguran\u00e7a<\/li>\n<li>Dobr\u00e1vel<\/li>\n<li>P\u00e1ra em rod\u00edzios com trav\u00f5es<\/li>\n<li>Constru\u00e7\u00e3o muito dur\u00e1vel<\/li>\n<li>Desenho higi\u00e9nico<\/li>\n<\/ul>\n<p>Especifica\u00e7\u00f5es do produto<\/p>\n<ul>\n<li>Peso l\u00edquido: 170 kg<\/li>\n<li>Dimens\u00f5es do rolo: \u00d8 88 x 380 mm<\/li>\n<li>Altura de trabalho: 850 mm<\/li>\n<li>Dimens\u00f5es do dispositivo dobrado: W700 x D730 x H 1300 mm<\/li>\n<li>Dimens\u00f5es do dispositivo: L1630 x D730 x H1225 mm<\/li>\n<li>Pot\u00eancia el\u00e9ctrica total: 0,75 kW<\/li>\n<li>Pot\u00eancia: 230V \/ 50Hz \/ 1Fase 750 Watt<\/li>\n<\/ul>\n","protected":false},"excerpt":{"rendered":"<p>Robusto e f\u00e1cil de operar Esteira transportadora adequada para a transforma\u00e7\u00e3o de alimentos Espessura da massa ajust\u00e1vel 0-35 mm Pega para mover a massa Recipiente de massa Equipado com bot\u00e3o de emerg\u00eancia Equipado com grelhas de seguran\u00e7a Dobr\u00e1vel P\u00e1ra em rod\u00edzios com trav\u00f5es Constru\u00e7\u00e3o muito dur\u00e1vel Desenho higi\u00e9nico Especifica\u00e7\u00f5es do produto Peso l\u00edquido: 170 kg [&hellip;]<\/p>\n","protected":false},"featured_media":9404159,"comment_status":"open","ping_status":"closed","template":"","meta":[],"product_cat":[128],"product_tag":[],"class_list":["post-9404160","product","type-product","status-publish","has-post-thumbnail","hentry","product_cat-rolos-de-massa","product_shipping_class-gph"],"_links":{"self":[{"href":"https:\/\/tpohotelariaecasa.pt\/index.php\/wp-json\/wp\/v2\/product\/9404160"}],"collection":[{"href":"https:\/\/tpohotelariaecasa.pt\/index.php\/wp-json\/wp\/v2\/product"}],"about":[{"href":"https:\/\/tpohotelariaecasa.pt\/index.php\/wp-json\/wp\/v2\/types\/product"}],"replies":[{"embeddable":true,"href":"https:\/\/tpohotelariaecasa.pt\/index.php\/wp-json\/wp\/v2\/comments?post=9404160"}],"wp:featuredmedia":[{"embeddable":true,"href":"https:\/\/tpohotelariaecasa.pt\/index.php\/wp-json\/wp\/v2\/media\/9404159"}],"wp:attachment":[{"href":"https:\/\/tpohotelariaecasa.pt\/index.php\/wp-json\/wp\/v2\/media?parent=9404160"}],"wp:term":[{"taxonomy":"product_cat","embeddable":true,"href":"https:\/\/tpohotelariaecasa.pt\/index.php\/wp-json\/wp\/v2\/product_cat?post=9404160"},{"taxonomy":"product_tag","embeddable":true,"href":"https:\/\/tpohotelariaecasa.pt\/index.php\/wp-json\/wp\/v2\/product_tag?post=9404160"}],"curies":[{"name":"wp","href":"https:\/\/api.w.org\/{rel}","templated":true}]}}