{"id":9404178,"date":"2023-02-08T17:19:28","date_gmt":"2023-02-08T17:19:28","guid":{"rendered":"https:\/\/tpohotelariaecasa.pt\/index.php\/product\/varinha-mgica-410-mm\/"},"modified":"2025-04-03T09:09:52","modified_gmt":"2025-04-03T09:09:52","slug":"varinha-mgica-410-mm","status":"publish","type":"product","link":"https:\/\/tpohotelariaecasa.pt\/index.php\/product\/varinha-mgica-410-mm\/","title":{"rendered":"Varinha M\u00e1gica &#8211; 410 mm"},"content":{"rendered":"<ul>\n<li>Motor potente e duradouro, adequado para utiliza\u00e7\u00e3o profissional<\/li>\n<li>Motor ventilado com prote\u00e7\u00e3o t\u00e9rmica contra sobrecargas<\/li>\n<li>Haste em a\u00e7o inoxid\u00e1vel com veio interior de rolamento duplo e alojamento da l\u00e2mina<\/li>\n<li>Acoplamentos resistentes ao desgaste na haste e no bloco do motor para mudan\u00e7as r\u00e1pidas de acess\u00f3rios<\/li>\n<li>Interruptor de controlo de velocidade vari\u00e1vel<\/li>\n<li>Resultados \u00f3ptimos de batimento e mistura<\/li>\n<li>Constru\u00e7\u00e3o muito dur\u00e1vel<\/li>\n<li>Design higi\u00e9nico<\/li>\n<\/ul>\n<p><strong>Especifica\u00e7\u00f5es do produto:<\/strong><\/p>\n<ul>\n<li>Velocidade: 8.000 &#8211; 18.000 RPM<\/li>\n<li>Capacidade de processamento: 140L<\/li>\n<li>Barra de profundidade de inser\u00e7\u00e3o: 305 mm<\/li>\n<li>Di\u00e2metro do p\u00e9: \u2205 80 mm<\/li>\n<li>Peso l\u00edquido: 4,8 kg<\/li>\n<li>Dimens\u00f5es do aparelho: L860 x P255 x A120 mm<\/li>\n<li>Pot\u00eancia el\u00e9ctrica total: 0,65 kW<\/li>\n<li>Pot\u00eancia: 230V \/ 50Hz \/ 1Phase 650 Watt<\/li>\n<\/ul>\n","protected":false},"excerpt":{"rendered":"<p>Motor potente e duradouro, adequado para utiliza\u00e7\u00e3o profissional Motor ventilado com prote\u00e7\u00e3o t\u00e9rmica contra sobrecargas Haste em a\u00e7o inoxid\u00e1vel com veio interior de rolamento duplo e alojamento da l\u00e2mina Acoplamentos resistentes ao desgaste na haste e no bloco do motor para mudan\u00e7as r\u00e1pidas de acess\u00f3rios Interruptor de controlo de velocidade vari\u00e1vel Resultados \u00f3ptimos de batimento [&hellip;]<\/p>\n","protected":false},"featured_media":9404177,"comment_status":"open","ping_status":"closed","template":"","meta":[],"product_cat":[130],"product_tag":[],"class_list":["post-9404178","product","type-product","status-publish","has-post-thumbnail","hentry","product_cat-varinhas","product_shipping_class-pph"],"_links":{"self":[{"href":"https:\/\/tpohotelariaecasa.pt\/index.php\/wp-json\/wp\/v2\/product\/9404178"}],"collection":[{"href":"https:\/\/tpohotelariaecasa.pt\/index.php\/wp-json\/wp\/v2\/product"}],"about":[{"href":"https:\/\/tpohotelariaecasa.pt\/index.php\/wp-json\/wp\/v2\/types\/product"}],"replies":[{"embeddable":true,"href":"https:\/\/tpohotelariaecasa.pt\/index.php\/wp-json\/wp\/v2\/comments?post=9404178"}],"wp:featuredmedia":[{"embeddable":true,"href":"https:\/\/tpohotelariaecasa.pt\/index.php\/wp-json\/wp\/v2\/media\/9404177"}],"wp:attachment":[{"href":"https:\/\/tpohotelariaecasa.pt\/index.php\/wp-json\/wp\/v2\/media?parent=9404178"}],"wp:term":[{"taxonomy":"product_cat","embeddable":true,"href":"https:\/\/tpohotelariaecasa.pt\/index.php\/wp-json\/wp\/v2\/product_cat?post=9404178"},{"taxonomy":"product_tag","embeddable":true,"href":"https:\/\/tpohotelariaecasa.pt\/index.php\/wp-json\/wp\/v2\/product_tag?post=9404178"}],"curies":[{"name":"wp","href":"https:\/\/api.w.org\/{rel}","templated":true}]}}