{"id":9404184,"date":"2023-02-08T17:19:34","date_gmt":"2023-02-08T17:19:34","guid":{"rendered":"https:\/\/tpohotelariaecasa.pt\/index.php\/product\/aquecedor-de-xcaras-72-ao-inoxidvel\/"},"modified":"2025-04-03T09:09:45","modified_gmt":"2025-04-03T09:09:45","slug":"aquecedor-de-xcaras-72-ao-inoxidvel","status":"publish","type":"product","link":"https:\/\/tpohotelariaecasa.pt\/index.php\/product\/aquecedor-de-xcaras-72-ao-inoxidvel\/","title":{"rendered":"Aquecedor de x\u00edcaras 72 A\u00e7o Inoxid\u00e1vel"},"content":{"rendered":"<ul>\n<li>Funcionamento simples da m\u00e1quina<\/li>\n<li>Aquecedor de copos compacto com espa\u00e7o para 72 copos<\/li>\n<li>Em cima do espa\u00e7o do dispositivo para pratos<\/li>\n<li>2 andares para empilhar as ta\u00e7as de forma est\u00e1vel<\/li>\n<li>Aquecimento constante at\u00e9 65 graus Celsius<\/li>\n<li>F\u00e1cil de limpar<\/li>\n<li>Equipado com p\u00e9s de borracha<\/li>\n<li>Peso l\u00edquido: 11,5 kg<\/li>\n<li>Tamanho interior: W280 x D290 x H170 mm<\/li>\n<li>Dimens\u00f5es: W320 x D380 x H560 mm<\/li>\n<li>230V\/50Hz\/1Fase 140 Watt<\/li>\n<\/ul>\n<ul>\n<li>Peso l\u00edquido: 11,5kg<\/li>\n<li>Dimens\u00f5es interiores: L28 x D29 x H17cm<\/li>\n<li>Dimens\u00f5es: L32 x D38 x H56cm<\/li>\n<li>230V\/50Hz\/1Fase 140W<\/li>\n<\/ul>\n","protected":false},"excerpt":{"rendered":"<ul>\n<li>Funcionamento simples da m\u00e1quina<\/li>\n<li>Aquecedor de copos compacto com espa\u00e7o para 72 copos<\/li>\n<li>Em cima do espa\u00e7o do dispositivo para pratos<\/li>\n<li>2 andares para empilhar as ta\u00e7as de forma est\u00e1vel<\/li>\n<li>Aquecimento constante at\u00e9 65 graus Celsius<\/li>\n<li>F\u00e1cil de limpar<\/li>\n<li>Equipado com p\u00e9s de borracha<\/li>\n<li>Peso l\u00edquido: 11,5 kg<\/li>\n<li>Tamanho interior: W280 x D290 x H170 mm<\/li>\n<li>Dimens\u00f5es: W320 x D380 x H560 mm<\/li>\n<li>230V\/50Hz\/1Fase 140 Watt<\/li>\n<\/ul>\n<ul>\n<li>Peso l\u00edquido: 11,5kg<\/li>\n<li>Dimens\u00f5es interiores: L28 x D29 x H17cm<\/li>\n<li>Dimens\u00f5es: L32 x D38 x H56cm<\/li>\n<li>230V\/50Hz\/1Fase 140W<\/li>\n<\/ul>\n","protected":false},"featured_media":9404183,"comment_status":"open","ping_status":"closed","template":"","meta":[],"product_cat":[131],"product_tag":[],"class_list":["post-9404184","product","type-product","status-publish","has-post-thumbnail","hentry","product_cat-aquecedor-de-pratos","product_shipping_class-pph"],"_links":{"self":[{"href":"https:\/\/tpohotelariaecasa.pt\/index.php\/wp-json\/wp\/v2\/product\/9404184"}],"collection":[{"href":"https:\/\/tpohotelariaecasa.pt\/index.php\/wp-json\/wp\/v2\/product"}],"about":[{"href":"https:\/\/tpohotelariaecasa.pt\/index.php\/wp-json\/wp\/v2\/types\/product"}],"replies":[{"embeddable":true,"href":"https:\/\/tpohotelariaecasa.pt\/index.php\/wp-json\/wp\/v2\/comments?post=9404184"}],"wp:featuredmedia":[{"embeddable":true,"href":"https:\/\/tpohotelariaecasa.pt\/index.php\/wp-json\/wp\/v2\/media\/9404183"}],"wp:attachment":[{"href":"https:\/\/tpohotelariaecasa.pt\/index.php\/wp-json\/wp\/v2\/media?parent=9404184"}],"wp:term":[{"taxonomy":"product_cat","embeddable":true,"href":"https:\/\/tpohotelariaecasa.pt\/index.php\/wp-json\/wp\/v2\/product_cat?post=9404184"},{"taxonomy":"product_tag","embeddable":true,"href":"https:\/\/tpohotelariaecasa.pt\/index.php\/wp-json\/wp\/v2\/product_tag?post=9404184"}],"curies":[{"name":"wp","href":"https:\/\/api.w.org\/{rel}","templated":true}]}}