{"id":9404186,"date":"2023-02-08T17:19:34","date_gmt":"2023-02-08T17:19:34","guid":{"rendered":"https:\/\/tpohotelariaecasa.pt\/index.php\/product\/armrio-de-aquecimento-de-pratos-aquecedor-de-pratos-30\/"},"modified":"2025-04-03T09:09:36","modified_gmt":"2025-04-03T09:09:36","slug":"armrio-de-aquecimento-de-pratos-aquecedor-de-pratos-30","status":"publish","type":"product","link":"https:\/\/tpohotelariaecasa.pt\/index.php\/product\/armrio-de-aquecimento-de-pratos-aquecedor-de-pratos-30\/","title":{"rendered":"Arm\u00e1rio de aquecimento de pratos \/ Aquecedor de pratos 30"},"content":{"rendered":"<ul>\n<li>Opera\u00e7\u00e3o conveniente e f\u00e1cil de manusear<\/li>\n<li>Passagem espa\u00e7osa para placas at\u00e9 32 cm<\/li>\n<li>Temperatura ajust\u00e1vel entre 30-85 graus Celsius<\/li>\n<li>Caixa de a\u00e7o inoxid\u00e1vel f\u00e1cil de manter limpa<\/li>\n<li>Altura interm\u00e9dia ajust\u00e1vel<\/li>\n<li>Peso l\u00edquido: 21kg<\/li>\n<li>Capacidade: 30 pratos<\/li>\n<li>Dimens\u00f5es: L40 x D45 x H57,5cm<\/li>\n<li>Dimens\u00f5es da c\u00e2mara: L36 x D36 x H42cm<\/li>\n<li>230V \/ 50Hz \/ 1-fase 400W<\/li>\n<\/ul>\n","protected":false},"excerpt":{"rendered":"<ul>\n<li>Opera\u00e7\u00e3o conveniente e f\u00e1cil de manusear<\/li>\n<li>Passagem espa\u00e7osa para placas at\u00e9 32 cm<\/li>\n<li>Temperatura ajust\u00e1vel entre 30-85 graus Celsius<\/li>\n<li>Caixa de a\u00e7o inoxid\u00e1vel f\u00e1cil de manter limpa<\/li>\n<li>Altura interm\u00e9dia ajust\u00e1vel<\/li>\n<li>Peso l\u00edquido: 21kg<\/li>\n<li>Capacidade: 30 pratos<\/li>\n<li>Dimens\u00f5es: L40 x D45 x H57,5cm<\/li>\n<li>Dimens\u00f5es da c\u00e2mara: L36 x D36 x H42cm<\/li>\n<li>230V \/ 50Hz \/ 1-fase 400W<\/li>\n<\/ul>\n","protected":false},"featured_media":9404185,"comment_status":"open","ping_status":"closed","template":"","meta":[],"product_cat":[131],"product_tag":[],"class_list":["post-9404186","product","type-product","status-publish","has-post-thumbnail","hentry","product_cat-aquecedor-de-pratos","product_shipping_class-gph"],"_links":{"self":[{"href":"https:\/\/tpohotelariaecasa.pt\/index.php\/wp-json\/wp\/v2\/product\/9404186"}],"collection":[{"href":"https:\/\/tpohotelariaecasa.pt\/index.php\/wp-json\/wp\/v2\/product"}],"about":[{"href":"https:\/\/tpohotelariaecasa.pt\/index.php\/wp-json\/wp\/v2\/types\/product"}],"replies":[{"embeddable":true,"href":"https:\/\/tpohotelariaecasa.pt\/index.php\/wp-json\/wp\/v2\/comments?post=9404186"}],"wp:featuredmedia":[{"embeddable":true,"href":"https:\/\/tpohotelariaecasa.pt\/index.php\/wp-json\/wp\/v2\/media\/9404185"}],"wp:attachment":[{"href":"https:\/\/tpohotelariaecasa.pt\/index.php\/wp-json\/wp\/v2\/media?parent=9404186"}],"wp:term":[{"taxonomy":"product_cat","embeddable":true,"href":"https:\/\/tpohotelariaecasa.pt\/index.php\/wp-json\/wp\/v2\/product_cat?post=9404186"},{"taxonomy":"product_tag","embeddable":true,"href":"https:\/\/tpohotelariaecasa.pt\/index.php\/wp-json\/wp\/v2\/product_tag?post=9404186"}],"curies":[{"name":"wp","href":"https:\/\/api.w.org\/{rel}","templated":true}]}}