{"id":9404202,"date":"2023-02-08T17:19:38","date_gmt":"2023-02-08T17:19:38","guid":{"rendered":"https:\/\/tpohotelariaecasa.pt\/index.php\/product\/banho-maria-com-torneira-incluindo-conjunto-gn-3-x-1-3\/"},"modified":"2025-04-03T09:09:37","modified_gmt":"2025-04-03T09:09:37","slug":"banho-maria-com-torneira-incluindo-conjunto-gn-3-x-1-3","status":"publish","type":"product","link":"https:\/\/tpohotelariaecasa.pt\/index.php\/product\/banho-maria-com-torneira-incluindo-conjunto-gn-3-x-1-3\/","title":{"rendered":"Banho-maria com torneira incluindo conjunto GN 3 x 1\/3"},"content":{"rendered":"<p><strong>Caracter\u00edsticas<\/strong><\/p>\n<ul>\n<li>Acabamento elegante<\/li>\n<li>Muito f\u00e1cil de limpar<\/li>\n<li>Soldado sem costuras<\/li>\n<li>Bot\u00e3o de alimenta\u00e7\u00e3o protegido<\/li>\n<li>Equipado com v\u00e1lvula de drenagem<\/li>\n<li>Apoia-se em quatro p\u00e9s de borracha<\/li>\n<li>Indicadores luminosos de temperatura<\/li>\n<li>Banho-maria totalmente em a\u00e7o inoxid\u00e1vel<\/li>\n<li>Compat\u00edvel com recipientes GN<\/li>\n<\/ul>\n<p><strong>Caracter\u00edsticas do produto<\/strong><\/p>\n<ul>\n<li>Peso l\u00edquido: 8kg<\/li>\n<li>Dimens\u00f5es: L33,8 x P54 x A24,8cm<\/li>\n<li>Gama de temperaturas: 31-95\u00baC<\/li>\n<li>Capacidade GN: 3 x 1\/3 GN<\/li>\n<li>230V \/ 50Hz \/ 1 Fase 1200W<\/li>\n<\/ul>\n<p><em>Inclui<\/em><\/p>\n<ul>\n<li>3 x 1\/3 GN recipientes e tampas (15cm de profundidade)<\/li>\n<\/ul>\n","protected":false},"excerpt":{"rendered":"<p>Caracter\u00edsticas Acabamento elegante Muito f\u00e1cil de limpar Soldado sem costuras Bot\u00e3o de alimenta\u00e7\u00e3o protegido Equipado com v\u00e1lvula de drenagem Apoia-se em quatro p\u00e9s de borracha Indicadores luminosos de temperatura Banho-maria totalmente em a\u00e7o inoxid\u00e1vel Compat\u00edvel com recipientes GN Caracter\u00edsticas do produto Peso l\u00edquido: 8kg Dimens\u00f5es: L33,8 x P54 x A24,8cm Gama de temperaturas: 31-95\u00baC Capacidade [&hellip;]<\/p>\n","protected":false},"featured_media":9404201,"comment_status":"open","ping_status":"closed","template":"","meta":[],"product_cat":[132],"product_tag":[],"class_list":["post-9404202","product","type-product","status-publish","has-post-thumbnail","hentry","product_cat-banho-maria","product_shipping_class-pph"],"_links":{"self":[{"href":"https:\/\/tpohotelariaecasa.pt\/index.php\/wp-json\/wp\/v2\/product\/9404202"}],"collection":[{"href":"https:\/\/tpohotelariaecasa.pt\/index.php\/wp-json\/wp\/v2\/product"}],"about":[{"href":"https:\/\/tpohotelariaecasa.pt\/index.php\/wp-json\/wp\/v2\/types\/product"}],"replies":[{"embeddable":true,"href":"https:\/\/tpohotelariaecasa.pt\/index.php\/wp-json\/wp\/v2\/comments?post=9404202"}],"wp:featuredmedia":[{"embeddable":true,"href":"https:\/\/tpohotelariaecasa.pt\/index.php\/wp-json\/wp\/v2\/media\/9404201"}],"wp:attachment":[{"href":"https:\/\/tpohotelariaecasa.pt\/index.php\/wp-json\/wp\/v2\/media?parent=9404202"}],"wp:term":[{"taxonomy":"product_cat","embeddable":true,"href":"https:\/\/tpohotelariaecasa.pt\/index.php\/wp-json\/wp\/v2\/product_cat?post=9404202"},{"taxonomy":"product_tag","embeddable":true,"href":"https:\/\/tpohotelariaecasa.pt\/index.php\/wp-json\/wp\/v2\/product_tag?post=9404202"}],"curies":[{"name":"wp","href":"https:\/\/api.w.org\/{rel}","templated":true}]}}