{"id":9404212,"date":"2023-02-08T17:19:40","date_gmt":"2023-02-08T17:19:40","guid":{"rendered":"https:\/\/tpohotelariaecasa.pt\/index.php\/product\/banho-maria-heavy-duty-individual-eltrico\/"},"modified":"2025-04-03T09:09:37","modified_gmt":"2025-04-03T09:09:37","slug":"banho-maria-heavy-duty-individual-eltrico","status":"publish","type":"product","link":"https:\/\/tpohotelariaecasa.pt\/index.php\/product\/banho-maria-heavy-duty-individual-eltrico\/","title":{"rendered":"Banho-maria Heavy Duty &#8211; Individual &#8211; El\u00e9trico"},"content":{"rendered":"<ul>\n<li>Caixa completa em a\u00e7o inoxid\u00e1vel<\/li>\n<li>Perfeito para manter os produtos quentes<\/li>\n<li>Enchimento manual de \u00e1gua<\/li>\n<li>Bacia hidrogr\u00e1fica monobloco totalmente estanque<\/li>\n<li>Drenagem f\u00e1cil e r\u00e1pida por v\u00e1lvula de \u00e1gua rotativa<\/li>\n<li>Aquecimento eficiente e r\u00e1pido<\/li>\n<li>Compat\u00edvel com contentores GN 1\/1 (n\u00e3o inclu\u00eddos)<\/li>\n<li>Tampo soldado sem costura<\/li>\n<li>Componentes pesados<\/li>\n<li>Term\u00f3stato m\u00e1x. 90 graus Celsius<\/li>\n<li>Constru\u00e7\u00e3o muito dur\u00e1vel<\/li>\n<li>Desenho higi\u00e9nico<\/li>\n<li>F\u00e1cil de limpar<\/li>\n<li>Caracter\u00edsticas ergon\u00f3micas<\/li>\n<li>Peso L\u00edquido: 20 kg<\/li>\n<li>Dimens\u00f5es: L400 x D700 x H280 mm<\/li>\n<li>Pot\u00eancia total: 1.0 kW<\/li>\n<li>230V \/ 50Hz \/ 1Fase 1000 Watt<\/li>\n<\/ul>\n","protected":false},"excerpt":{"rendered":"<p>Caixa completa em a\u00e7o inoxid\u00e1vel Perfeito para manter os produtos quentes Enchimento manual de \u00e1gua Bacia hidrogr\u00e1fica monobloco totalmente estanque Drenagem f\u00e1cil e r\u00e1pida por v\u00e1lvula de \u00e1gua rotativa Aquecimento eficiente e r\u00e1pido Compat\u00edvel com contentores GN 1\/1 (n\u00e3o inclu\u00eddos) Tampo soldado sem costura Componentes pesados Term\u00f3stato m\u00e1x. 90 graus Celsius Constru\u00e7\u00e3o muito dur\u00e1vel Desenho [&hellip;]<\/p>\n","protected":false},"featured_media":9404211,"comment_status":"open","ping_status":"closed","template":"","meta":[],"product_cat":[132],"product_tag":[],"class_list":["post-9404212","product","type-product","status-publish","has-post-thumbnail","hentry","product_cat-banho-maria","product_shipping_class-pph"],"_links":{"self":[{"href":"https:\/\/tpohotelariaecasa.pt\/index.php\/wp-json\/wp\/v2\/product\/9404212"}],"collection":[{"href":"https:\/\/tpohotelariaecasa.pt\/index.php\/wp-json\/wp\/v2\/product"}],"about":[{"href":"https:\/\/tpohotelariaecasa.pt\/index.php\/wp-json\/wp\/v2\/types\/product"}],"replies":[{"embeddable":true,"href":"https:\/\/tpohotelariaecasa.pt\/index.php\/wp-json\/wp\/v2\/comments?post=9404212"}],"wp:featuredmedia":[{"embeddable":true,"href":"https:\/\/tpohotelariaecasa.pt\/index.php\/wp-json\/wp\/v2\/media\/9404211"}],"wp:attachment":[{"href":"https:\/\/tpohotelariaecasa.pt\/index.php\/wp-json\/wp\/v2\/media?parent=9404212"}],"wp:term":[{"taxonomy":"product_cat","embeddable":true,"href":"https:\/\/tpohotelariaecasa.pt\/index.php\/wp-json\/wp\/v2\/product_cat?post=9404212"},{"taxonomy":"product_tag","embeddable":true,"href":"https:\/\/tpohotelariaecasa.pt\/index.php\/wp-json\/wp\/v2\/product_tag?post=9404212"}],"curies":[{"name":"wp","href":"https:\/\/api.w.org\/{rel}","templated":true}]}}