{"id":9404238,"date":"2023-02-08T17:19:49","date_gmt":"2023-02-08T17:19:49","guid":{"rendered":"https:\/\/tpohotelariaecasa.pt\/index.php\/product\/display-aquecido-3-nveis-70-cm-115l-ao-inoxidvel\/"},"modified":"2025-04-03T09:09:36","modified_gmt":"2025-04-03T09:09:36","slug":"display-aquecido-3-nveis-70-cm-115l-ao-inoxidvel","status":"publish","type":"product","link":"https:\/\/tpohotelariaecasa.pt\/index.php\/product\/display-aquecido-3-nveis-70-cm-115l-ao-inoxidvel\/","title":{"rendered":"Display Aquecido &#8211; 3 n\u00edveis &#8211; 70 cm &#8211; 115L &#8211; A\u00e7o Inoxid\u00e1vel"},"content":{"rendered":"<ul>\n<li>Expositor profissional aquecido -3 n\u00edveis &#8211; 70 cm &#8211; 115L<\/li>\n<li>Ideal para sandu\u00edches quentes, aperitivos e snacks<\/li>\n<li>Constru\u00e7\u00e3o em a\u00e7o inoxid\u00e1vel, acabamento cromado<\/li>\n<li>Desenho de vidro quadrado Georgeous<\/li>\n<li>Portas articuladas na frente e nas traseiras<\/li>\n<li>Janelas de vidro em quatro lados<\/li>\n<li>Equipado com 3 prateleiras fixas (cromadas)<\/li>\n<li>Poderoso elemento de aquecimento<\/li>\n<li>Distribui\u00e7\u00e3o eficiente de calor<\/li>\n<li>Equipado com reservat\u00f3rio para humidifica\u00e7\u00e3o<\/li>\n<li>Ilumina\u00e7\u00e3o pr\u00e1tica com LED no interior<\/li>\n<li>Bot\u00e3o anal\u00f3gico para temperatura<\/li>\n<li>Temperatura infinitamente ajust\u00e1vel 30-90 C<\/li>\n<li>Com luz de controlo de temperatura<\/li>\n<li>F\u00e1cil de limpar<\/li>\n<li>Com pernas fixas<\/li>\n<li>Peso l\u00edquido: 20kg<\/li>\n<li>Dimens\u00f5es interiores: W65,6 x D35 x H37,9cm<\/li>\n<li>Dimens\u00f5es exteriores: L70 x D40 x H50cm<\/li>\n<li>230V\/50Hz\/1Fase 800W<\/li>\n<\/ul>\n","protected":false},"excerpt":{"rendered":"<p>Expositor profissional aquecido -3 n\u00edveis &#8211; 70 cm &#8211; 115L Ideal para sandu\u00edches quentes, aperitivos e snacks Constru\u00e7\u00e3o em a\u00e7o inoxid\u00e1vel, acabamento cromado Desenho de vidro quadrado Georgeous Portas articuladas na frente e nas traseiras Janelas de vidro em quatro lados Equipado com 3 prateleiras fixas (cromadas) Poderoso elemento de aquecimento Distribui\u00e7\u00e3o eficiente de calor [&hellip;]<\/p>\n","protected":false},"featured_media":9404237,"comment_status":"open","ping_status":"closed","template":"","meta":[],"product_cat":[137],"product_tag":[],"class_list":["post-9404238","product","type-product","status-publish","has-post-thumbnail","hentry","product_cat-vitrines-quente","product_shipping_class-gph"],"_links":{"self":[{"href":"https:\/\/tpohotelariaecasa.pt\/index.php\/wp-json\/wp\/v2\/product\/9404238"}],"collection":[{"href":"https:\/\/tpohotelariaecasa.pt\/index.php\/wp-json\/wp\/v2\/product"}],"about":[{"href":"https:\/\/tpohotelariaecasa.pt\/index.php\/wp-json\/wp\/v2\/types\/product"}],"replies":[{"embeddable":true,"href":"https:\/\/tpohotelariaecasa.pt\/index.php\/wp-json\/wp\/v2\/comments?post=9404238"}],"wp:featuredmedia":[{"embeddable":true,"href":"https:\/\/tpohotelariaecasa.pt\/index.php\/wp-json\/wp\/v2\/media\/9404237"}],"wp:attachment":[{"href":"https:\/\/tpohotelariaecasa.pt\/index.php\/wp-json\/wp\/v2\/media?parent=9404238"}],"wp:term":[{"taxonomy":"product_cat","embeddable":true,"href":"https:\/\/tpohotelariaecasa.pt\/index.php\/wp-json\/wp\/v2\/product_cat?post=9404238"},{"taxonomy":"product_tag","embeddable":true,"href":"https:\/\/tpohotelariaecasa.pt\/index.php\/wp-json\/wp\/v2\/product_tag?post=9404238"}],"curies":[{"name":"wp","href":"https:\/\/api.w.org\/{rel}","templated":true}]}}