{"id":9410593,"date":"2023-03-09T10:35:08","date_gmt":"2023-03-09T10:35:08","guid":{"rendered":"https:\/\/tpohotelariaecasa.pt\/index.php\/product\/ventoinha-de-mesa-30cm-rowenta-vu-2730-f0\/"},"modified":"2025-01-29T12:11:15","modified_gmt":"2025-01-29T12:11:15","slug":"ventoinha-de-mesa-30cm-rowenta-vu-2730-f0","status":"publish","type":"product","link":"https:\/\/tpohotelariaecasa.pt\/index.php\/product\/ventoinha-de-mesa-30cm-rowenta-vu-2730-f0\/","title":{"rendered":"VENTOINHA DE MESA 30CM ROWENTA &#8211; VU 2730 F0"},"content":{"rendered":"<p>Di\u00e2metro: 30cm<br \/>\n4 velocidades (inclui modo Silent e Boost)<br \/>\nCaudal de ar: 45m3\/min<br \/>\nN\u00edvel de ru\u00eddo min: 38 dB(A)<br \/>\nNova grelha de seguran\u00e7a<\/p>\n","protected":false},"excerpt":{"rendered":"<p>Di\u00e2metro: 30cm 4 velocidades (inclui modo Silent e Boost) Caudal de ar: 45m3\/min N\u00edvel de ru\u00eddo min: 38 dB(A) Nova grelha de seguran\u00e7a<\/p>\n","protected":false},"featured_media":9409924,"comment_status":"open","ping_status":"closed","template":"","meta":[],"product_cat":[516],"product_tag":[],"class_list":["post-9410593","product","type-product","status-publish","has-post-thumbnail","hentry","product_cat-portatil","product_shipping_class-gpolp"],"_links":{"self":[{"href":"https:\/\/tpohotelariaecasa.pt\/index.php\/wp-json\/wp\/v2\/product\/9410593"}],"collection":[{"href":"https:\/\/tpohotelariaecasa.pt\/index.php\/wp-json\/wp\/v2\/product"}],"about":[{"href":"https:\/\/tpohotelariaecasa.pt\/index.php\/wp-json\/wp\/v2\/types\/product"}],"replies":[{"embeddable":true,"href":"https:\/\/tpohotelariaecasa.pt\/index.php\/wp-json\/wp\/v2\/comments?post=9410593"}],"wp:featuredmedia":[{"embeddable":true,"href":"https:\/\/tpohotelariaecasa.pt\/index.php\/wp-json\/wp\/v2\/media\/9409924"}],"wp:attachment":[{"href":"https:\/\/tpohotelariaecasa.pt\/index.php\/wp-json\/wp\/v2\/media?parent=9410593"}],"wp:term":[{"taxonomy":"product_cat","embeddable":true,"href":"https:\/\/tpohotelariaecasa.pt\/index.php\/wp-json\/wp\/v2\/product_cat?post=9410593"},{"taxonomy":"product_tag","embeddable":true,"href":"https:\/\/tpohotelariaecasa.pt\/index.php\/wp-json\/wp\/v2\/product_tag?post=9410593"}],"curies":[{"name":"wp","href":"https:\/\/api.w.org\/{rel}","templated":true}]}}