{"id":9410594,"date":"2023-03-09T10:35:08","date_gmt":"2023-03-09T10:35:08","guid":{"rendered":"https:\/\/tpohotelariaecasa.pt\/index.php\/product\/ventoinha-rowenta-vu-4420-f2\/"},"modified":"2025-01-29T12:12:05","modified_gmt":"2025-01-29T12:12:05","slug":"ventoinha-rowenta-vu-4420-f2","status":"publish","type":"product","link":"https:\/\/tpohotelariaecasa.pt\/index.php\/product\/ventoinha-rowenta-vu-4420-f2\/","title":{"rendered":"VENTOINHA ROWENTA &#8211; VU 4420 F2"},"content":{"rendered":"<p>Tipo Cl\u00e1ssica<br \/>\nModelo P\u00e9<br \/>\nDi\u00e2metro: 40 cm<br \/>\nAltura m\u00e1xima: 1.3 m<br \/>\nFluxo de ar m\u00e1ximo (m3\/min): 55<br \/>\nPot\u00eancia: 60 W<br \/>\nN\u00famero de velocidades: 3<br \/>\nOscila\u00e7\u00e3o<br \/>\nN\u00famero de h\u00e9lices: 3<br \/>\nFun\u00e7\u00e3o antimosquito<br \/>\nPainel de controlo: Mec\u00e2nico<br \/>\nN\u00edvel m\u00ednimo de ru\u00eddo 54 dB(A)<br \/>\nLuz piloto<br \/>\nCor: Preto<\/p>\n","protected":false},"excerpt":{"rendered":"<p>Tipo Cl\u00e1ssica Modelo P\u00e9 Di\u00e2metro: 40 cm Altura m\u00e1xima: 1.3 m Fluxo de ar m\u00e1ximo (m3\/min): 55 Pot\u00eancia: 60 W N\u00famero de velocidades: 3 Oscila\u00e7\u00e3o N\u00famero de h\u00e9lices: 3 Fun\u00e7\u00e3o antimosquito Painel de controlo: Mec\u00e2nico N\u00edvel m\u00ednimo de ru\u00eddo 54 dB(A) Luz piloto Cor: Preto<\/p>\n","protected":false},"featured_media":9409926,"comment_status":"open","ping_status":"closed","template":"","meta":[],"product_cat":[516],"product_tag":[],"class_list":["post-9410594","product","type-product","status-publish","has-post-thumbnail","hentry","product_cat-portatil","product_shipping_class-gpolp"],"_links":{"self":[{"href":"https:\/\/tpohotelariaecasa.pt\/index.php\/wp-json\/wp\/v2\/product\/9410594"}],"collection":[{"href":"https:\/\/tpohotelariaecasa.pt\/index.php\/wp-json\/wp\/v2\/product"}],"about":[{"href":"https:\/\/tpohotelariaecasa.pt\/index.php\/wp-json\/wp\/v2\/types\/product"}],"replies":[{"embeddable":true,"href":"https:\/\/tpohotelariaecasa.pt\/index.php\/wp-json\/wp\/v2\/comments?post=9410594"}],"wp:featuredmedia":[{"embeddable":true,"href":"https:\/\/tpohotelariaecasa.pt\/index.php\/wp-json\/wp\/v2\/media\/9409926"}],"wp:attachment":[{"href":"https:\/\/tpohotelariaecasa.pt\/index.php\/wp-json\/wp\/v2\/media?parent=9410594"}],"wp:term":[{"taxonomy":"product_cat","embeddable":true,"href":"https:\/\/tpohotelariaecasa.pt\/index.php\/wp-json\/wp\/v2\/product_cat?post=9410594"},{"taxonomy":"product_tag","embeddable":true,"href":"https:\/\/tpohotelariaecasa.pt\/index.php\/wp-json\/wp\/v2\/product_tag?post=9410594"}],"curies":[{"name":"wp","href":"https:\/\/api.w.org\/{rel}","templated":true}]}}