{"id":9413077,"date":"2023-03-09T11:15:24","date_gmt":"2023-03-09T11:15:24","guid":{"rendered":"https:\/\/tpohotelariaecasa.pt\/index.php\/product\/unidade-exterior-whirlpool-wa24odu32\/"},"modified":"2025-01-29T12:12:10","modified_gmt":"2025-01-29T12:12:10","slug":"unidade-exterior-whirlpool-wa24odu32","status":"publish","type":"product","link":"https:\/\/tpohotelariaecasa.pt\/index.php\/product\/unidade-exterior-whirlpool-wa24odu32\/","title":{"rendered":"UNIDADE EXTERIOR WHIRLPOOL &#8211; WA24ODU32"},"content":{"rendered":"<p>Capacidade de refrigera\u00e7\u00e3o (BTU\/hr &#8211; W): 24566 &#8211; 7200<br \/>\nSEER \/ EER (W\/W): 6,8 \/ 92<br \/>\nClasse energ\u00e9tica de refrigera\u00e7\u00e3o: A++<br \/>\nConsumo energ\u00e9tico anual Frio (kWh): 371<br \/>\nCapacidade de aquecimento (BTU\/hr -W): 27023 &#8211; 7920<br \/>\nSCOP (W): 4,05<br \/>\nConsumo energ\u00e9tico anual em Calor kWh: 1920<br \/>\nClasse energ\u00e9tica aquecimento: A+<br \/>\nN\u00edvel de ru\u00eddo (Pot\u00eancia Sonora) Un. Exterior dB(A): 55<br \/>\nG\u00e1s refrigerante: R32<br \/>\nDi\u00e2metro tubo l\u00edquido &#8211; G\u00e1s (mm): 3x 1\/4 &#8211; 3x 3\/8<br \/>\nLargura m\u00e1x. tubo de instala\u00e7\u00e3o entre Un. Int e Ext (m): 15<br \/>\nAltura m\u00e1x. tubo de instala\u00e7\u00e3o entre Un. Int. e Ext (m): 5<br \/>\nDimens\u00f5es (LxPxA): 860x670x310mm<br \/>\nN\u00ba M\u00e1ximo de Unidades Interiores: 3<\/p>\n","protected":false},"excerpt":{"rendered":"<p>Capacidade de refrigera\u00e7\u00e3o (BTU\/hr &#8211; W): 24566 &#8211; 7200 SEER \/ EER (W\/W): 6,8 \/ 92 Classe energ\u00e9tica de refrigera\u00e7\u00e3o: A++ Consumo energ\u00e9tico anual Frio (kWh): 371 Capacidade de aquecimento (BTU\/hr -W): 27023 &#8211; 7920 SCOP (W): 4,05 Consumo energ\u00e9tico anual em Calor kWh: 1920 Classe energ\u00e9tica aquecimento: A+ N\u00edvel de ru\u00eddo (Pot\u00eancia Sonora) Un. [&hellip;]<\/p>\n","protected":false},"featured_media":9413076,"comment_status":"open","ping_status":"closed","template":"","meta":[],"product_cat":[514],"product_tag":[],"class_list":["post-9413077","product","type-product","status-publish","has-post-thumbnail","hentry","product_cat-ar-condicionado","product_shipping_class-gpolg"],"_links":{"self":[{"href":"https:\/\/tpohotelariaecasa.pt\/index.php\/wp-json\/wp\/v2\/product\/9413077"}],"collection":[{"href":"https:\/\/tpohotelariaecasa.pt\/index.php\/wp-json\/wp\/v2\/product"}],"about":[{"href":"https:\/\/tpohotelariaecasa.pt\/index.php\/wp-json\/wp\/v2\/types\/product"}],"replies":[{"embeddable":true,"href":"https:\/\/tpohotelariaecasa.pt\/index.php\/wp-json\/wp\/v2\/comments?post=9413077"}],"wp:featuredmedia":[{"embeddable":true,"href":"https:\/\/tpohotelariaecasa.pt\/index.php\/wp-json\/wp\/v2\/media\/9413076"}],"wp:attachment":[{"href":"https:\/\/tpohotelariaecasa.pt\/index.php\/wp-json\/wp\/v2\/media?parent=9413077"}],"wp:term":[{"taxonomy":"product_cat","embeddable":true,"href":"https:\/\/tpohotelariaecasa.pt\/index.php\/wp-json\/wp\/v2\/product_cat?post=9413077"},{"taxonomy":"product_tag","embeddable":true,"href":"https:\/\/tpohotelariaecasa.pt\/index.php\/wp-json\/wp\/v2\/product_tag?post=9413077"}],"curies":[{"name":"wp","href":"https:\/\/api.w.org\/{rel}","templated":true}]}}