{"id":9413483,"date":"2023-03-09T11:23:34","date_gmt":"2023-03-09T11:23:34","guid":{"rendered":"https:\/\/tpohotelariaecasa.pt\/index.php\/product\/ar-condicionado-unidade-interior-lg-cq18\/"},"modified":"2025-01-29T12:09:55","modified_gmt":"2025-01-29T12:09:55","slug":"ar-condicionado-unidade-interior-lg-cq18","status":"publish","type":"product","link":"https:\/\/tpohotelariaecasa.pt\/index.php\/product\/ar-condicionado-unidade-interior-lg-cq18\/","title":{"rendered":"AR CONDICIONADO UNIDADE INTERIOR LG &#8211; CQ18"},"content":{"rendered":"<p>G\u00e1s R410<br \/>\nTipo de Equipamento: Consola<br \/>\nTipo de Produto: Standard<br \/>\nTipo de Unidade: Single A<br \/>\nN\u00edvel de Ru\u00eddo: 35 dB(A)<br \/>\nCapacidade Arrefecimento: 5,0kW<br \/>\nCapacidade Aquecimento: 4,8kW<br \/>\nDimens\u00f5es (LXAXP): 700x600x210mm<br \/>\nDi\u00e2metro da tubagem (Liq.; G\u00e1s) [pol] &#8211; [mm]: [1\/4; 1\/2] &#8211; [6,35; 12,7]<\/p>\n","protected":false},"excerpt":{"rendered":"<p>G\u00e1s R410 Tipo de Equipamento: Consola Tipo de Produto: Standard Tipo de Unidade: Single A N\u00edvel de Ru\u00eddo: 35 dB(A) Capacidade Arrefecimento: 5,0kW Capacidade Aquecimento: 4,8kW Dimens\u00f5es (LXAXP): 700x600x210mm Di\u00e2metro da tubagem (Liq.; G\u00e1s) [pol] &#8211; [mm]: [1\/4; 1\/2] &#8211; [6,35; 12,7]<\/p>\n","protected":false},"featured_media":9413482,"comment_status":"open","ping_status":"closed","template":"","meta":[],"product_cat":[514],"product_tag":[],"class_list":["post-9413483","product","type-product","status-publish","has-post-thumbnail","hentry","product_cat-ar-condicionado"],"_links":{"self":[{"href":"https:\/\/tpohotelariaecasa.pt\/index.php\/wp-json\/wp\/v2\/product\/9413483"}],"collection":[{"href":"https:\/\/tpohotelariaecasa.pt\/index.php\/wp-json\/wp\/v2\/product"}],"about":[{"href":"https:\/\/tpohotelariaecasa.pt\/index.php\/wp-json\/wp\/v2\/types\/product"}],"replies":[{"embeddable":true,"href":"https:\/\/tpohotelariaecasa.pt\/index.php\/wp-json\/wp\/v2\/comments?post=9413483"}],"wp:featuredmedia":[{"embeddable":true,"href":"https:\/\/tpohotelariaecasa.pt\/index.php\/wp-json\/wp\/v2\/media\/9413482"}],"wp:attachment":[{"href":"https:\/\/tpohotelariaecasa.pt\/index.php\/wp-json\/wp\/v2\/media?parent=9413483"}],"wp:term":[{"taxonomy":"product_cat","embeddable":true,"href":"https:\/\/tpohotelariaecasa.pt\/index.php\/wp-json\/wp\/v2\/product_cat?post=9413483"},{"taxonomy":"product_tag","embeddable":true,"href":"https:\/\/tpohotelariaecasa.pt\/index.php\/wp-json\/wp\/v2\/product_tag?post=9413483"}],"curies":[{"name":"wp","href":"https:\/\/api.w.org\/{rel}","templated":true}]}}