{"id":9413489,"date":"2023-03-09T11:23:40","date_gmt":"2023-03-09T11:23:40","guid":{"rendered":"https:\/\/tpohotelariaecasa.pt\/index.php\/product\/ar-condicionado-unidade-interior-cassete-lg-ct18f\/"},"modified":"2025-01-29T12:10:41","modified_gmt":"2025-01-29T12:10:41","slug":"ar-condicionado-unidade-interior-cassete-lg-ct18f","status":"publish","type":"product","link":"https:\/\/tpohotelariaecasa.pt\/index.php\/product\/ar-condicionado-unidade-interior-cassete-lg-ct18f\/","title":{"rendered":"AR CONDICIONADO UNIDADE INTERIOR CASSETE LG &#8211; CT18F"},"content":{"rendered":"<p>G\u00e1s R32<br \/>\nTipo de equipamento: Cassete<br \/>\nTipo de Unidade: Multisplit<br \/>\nCapacidade de arrefecimento: 5,3kW<br \/>\nCapacidade de aquecimento: 5,8kW<br \/>\nDimens\u00f5es (LXAXP): 570x256x570mm<br \/>\nN\u00edvel de ru\u00eddo m\u00ednimo: 36dB(A)<br \/>\nDi\u00e2metro de Tubagem (Liq.; G\u00e1s) [pol.] &#8211; [mm]: [1\/4; 1\/2] &#8211; [6.35; 12.7]<\/p>\n","protected":false},"excerpt":{"rendered":"<p>G\u00e1s R32 Tipo de equipamento: Cassete Tipo de Unidade: Multisplit Capacidade de arrefecimento: 5,3kW Capacidade de aquecimento: 5,8kW Dimens\u00f5es (LXAXP): 570x256x570mm N\u00edvel de ru\u00eddo m\u00ednimo: 36dB(A) Di\u00e2metro de Tubagem (Liq.; G\u00e1s) [pol.] &#8211; [mm]: [1\/4; 1\/2] &#8211; [6.35; 12.7]<\/p>\n","protected":false},"featured_media":9413488,"comment_status":"open","ping_status":"closed","template":"","meta":[],"product_cat":[514],"product_tag":[],"class_list":["post-9413489","product","type-product","status-publish","has-post-thumbnail","hentry","product_cat-ar-condicionado","product_shipping_class-gpolg"],"_links":{"self":[{"href":"https:\/\/tpohotelariaecasa.pt\/index.php\/wp-json\/wp\/v2\/product\/9413489"}],"collection":[{"href":"https:\/\/tpohotelariaecasa.pt\/index.php\/wp-json\/wp\/v2\/product"}],"about":[{"href":"https:\/\/tpohotelariaecasa.pt\/index.php\/wp-json\/wp\/v2\/types\/product"}],"replies":[{"embeddable":true,"href":"https:\/\/tpohotelariaecasa.pt\/index.php\/wp-json\/wp\/v2\/comments?post=9413489"}],"wp:featuredmedia":[{"embeddable":true,"href":"https:\/\/tpohotelariaecasa.pt\/index.php\/wp-json\/wp\/v2\/media\/9413488"}],"wp:attachment":[{"href":"https:\/\/tpohotelariaecasa.pt\/index.php\/wp-json\/wp\/v2\/media?parent=9413489"}],"wp:term":[{"taxonomy":"product_cat","embeddable":true,"href":"https:\/\/tpohotelariaecasa.pt\/index.php\/wp-json\/wp\/v2\/product_cat?post=9413489"},{"taxonomy":"product_tag","embeddable":true,"href":"https:\/\/tpohotelariaecasa.pt\/index.php\/wp-json\/wp\/v2\/product_tag?post=9413489"}],"curies":[{"name":"wp","href":"https:\/\/api.w.org\/{rel}","templated":true}]}}