{"id":9413491,"date":"2023-03-09T11:23:41","date_gmt":"2023-03-09T11:23:41","guid":{"rendered":"https:\/\/tpohotelariaecasa.pt\/index.php\/product\/ar-condicionado-unidade-interior-cassete-lg-ct24f\/"},"modified":"2025-01-29T12:10:28","modified_gmt":"2025-01-29T12:10:28","slug":"ar-condicionado-unidade-interior-cassete-lg-ct24f","status":"publish","type":"product","link":"https:\/\/tpohotelariaecasa.pt\/index.php\/product\/ar-condicionado-unidade-interior-cassete-lg-ct24f\/","title":{"rendered":"AR CONDICIONADO UNIDADE INTERIOR CASSETE LG &#8211; CT24F"},"content":{"rendered":"<p>G\u00e1s R32<br \/>\nTipo de Unidade: Multisplit<br \/>\nCapacidade de arrefecimento: 6,7kW<br \/>\nCapacidade de aquecimento: 7,5kW<br \/>\nDimens\u00f5es (LXAXP): 840x204x840mm<br \/>\nN\u00edvel de ru\u00eddo m\u00ednimo: 34dB(A)<br \/>\nDi\u00e2metro de Tubagem (Liq.; G\u00e1s) [pol.] &#8211; [mm]: [3\/8; 5\/8] &#8211; [9.52; 15.88]<\/p>\n","protected":false},"excerpt":{"rendered":"<p>G\u00e1s R32 Tipo de Unidade: Multisplit Capacidade de arrefecimento: 6,7kW Capacidade de aquecimento: 7,5kW Dimens\u00f5es (LXAXP): 840x204x840mm N\u00edvel de ru\u00eddo m\u00ednimo: 34dB(A) Di\u00e2metro de Tubagem (Liq.; G\u00e1s) [pol.] &#8211; [mm]: [3\/8; 5\/8] &#8211; [9.52; 15.88]<\/p>\n","protected":false},"featured_media":9413490,"comment_status":"open","ping_status":"closed","template":"","meta":[],"product_cat":[514],"product_tag":[],"class_list":["post-9413491","product","type-product","status-publish","has-post-thumbnail","hentry","product_cat-ar-condicionado","product_shipping_class-gpolg"],"_links":{"self":[{"href":"https:\/\/tpohotelariaecasa.pt\/index.php\/wp-json\/wp\/v2\/product\/9413491"}],"collection":[{"href":"https:\/\/tpohotelariaecasa.pt\/index.php\/wp-json\/wp\/v2\/product"}],"about":[{"href":"https:\/\/tpohotelariaecasa.pt\/index.php\/wp-json\/wp\/v2\/types\/product"}],"replies":[{"embeddable":true,"href":"https:\/\/tpohotelariaecasa.pt\/index.php\/wp-json\/wp\/v2\/comments?post=9413491"}],"wp:featuredmedia":[{"embeddable":true,"href":"https:\/\/tpohotelariaecasa.pt\/index.php\/wp-json\/wp\/v2\/media\/9413490"}],"wp:attachment":[{"href":"https:\/\/tpohotelariaecasa.pt\/index.php\/wp-json\/wp\/v2\/media?parent=9413491"}],"wp:term":[{"taxonomy":"product_cat","embeddable":true,"href":"https:\/\/tpohotelariaecasa.pt\/index.php\/wp-json\/wp\/v2\/product_cat?post=9413491"},{"taxonomy":"product_tag","embeddable":true,"href":"https:\/\/tpohotelariaecasa.pt\/index.php\/wp-json\/wp\/v2\/product_tag?post=9413491"}],"curies":[{"name":"wp","href":"https:\/\/api.w.org\/{rel}","templated":true}]}}