{"id":9413499,"date":"2023-03-09T11:23:47","date_gmt":"2023-03-09T11:23:47","guid":{"rendered":"https:\/\/tpohotelariaecasa.pt\/index.php\/product\/ar-condicionado-unidade-interior-lg-dc12rt-nsj\/"},"modified":"2025-01-29T12:09:17","modified_gmt":"2025-01-29T12:09:17","slug":"ar-condicionado-unidade-interior-lg-dc12rt-nsj","status":"publish","type":"product","link":"https:\/\/tpohotelariaecasa.pt\/index.php\/product\/ar-condicionado-unidade-interior-lg-dc12rt-nsj\/","title":{"rendered":"AR CONDICIONADO UNIDADE INTERIOR LG &#8211; DC12RT.NSJ"},"content":{"rendered":"<p>G\u00e1s R32<br \/>\nTipo de equipamento: Mural<br \/>\nTipo de produto: Deluxe<br \/>\nTipo de Unidade: Multisplit<br \/>\nCapacidade de arrefecimento: 3,5kW<br \/>\nCapacidade de aquecimento: 4kW<br \/>\nDimens\u00f5es (LXAXP): 837x308x189mm<br \/>\nN\u00edvel de ru\u00eddo m\u00ednimo: 19dB(A)<br \/>\nDi\u00e2metro de Tubagem (Liq.; G\u00e1s) [pol.] &#8211; [mm]: [1\/4; 3\/8] &#8211; [6.35; 9.52]<\/p>\n","protected":false},"excerpt":{"rendered":"<p>G\u00e1s R32 Tipo de equipamento: Mural Tipo de produto: Deluxe Tipo de Unidade: Multisplit Capacidade de arrefecimento: 3,5kW Capacidade de aquecimento: 4kW Dimens\u00f5es (LXAXP): 837x308x189mm N\u00edvel de ru\u00eddo m\u00ednimo: 19dB(A) Di\u00e2metro de Tubagem (Liq.; G\u00e1s) [pol.] &#8211; [mm]: [1\/4; 3\/8] &#8211; [6.35; 9.52]<\/p>\n","protected":false},"featured_media":9413498,"comment_status":"open","ping_status":"closed","template":"","meta":[],"product_cat":[514],"product_tag":[],"class_list":["post-9413499","product","type-product","status-publish","has-post-thumbnail","hentry","product_cat-ar-condicionado","product_shipping_class-gpolg"],"_links":{"self":[{"href":"https:\/\/tpohotelariaecasa.pt\/index.php\/wp-json\/wp\/v2\/product\/9413499"}],"collection":[{"href":"https:\/\/tpohotelariaecasa.pt\/index.php\/wp-json\/wp\/v2\/product"}],"about":[{"href":"https:\/\/tpohotelariaecasa.pt\/index.php\/wp-json\/wp\/v2\/types\/product"}],"replies":[{"embeddable":true,"href":"https:\/\/tpohotelariaecasa.pt\/index.php\/wp-json\/wp\/v2\/comments?post=9413499"}],"wp:featuredmedia":[{"embeddable":true,"href":"https:\/\/tpohotelariaecasa.pt\/index.php\/wp-json\/wp\/v2\/media\/9413498"}],"wp:attachment":[{"href":"https:\/\/tpohotelariaecasa.pt\/index.php\/wp-json\/wp\/v2\/media?parent=9413499"}],"wp:term":[{"taxonomy":"product_cat","embeddable":true,"href":"https:\/\/tpohotelariaecasa.pt\/index.php\/wp-json\/wp\/v2\/product_cat?post=9413499"},{"taxonomy":"product_tag","embeddable":true,"href":"https:\/\/tpohotelariaecasa.pt\/index.php\/wp-json\/wp\/v2\/product_tag?post=9413499"}],"curies":[{"name":"wp","href":"https:\/\/api.w.org\/{rel}","templated":true}]}}