{"id":9413511,"date":"2023-03-09T11:23:54","date_gmt":"2023-03-09T11:23:54","guid":{"rendered":"https:\/\/tpohotelariaecasa.pt\/index.php\/product\/ar-condicionado-unidade-interior-lg-dm07rp\/"},"modified":"2025-01-29T12:08:53","modified_gmt":"2025-01-29T12:08:53","slug":"ar-condicionado-unidade-interior-lg-dm07rp","status":"publish","type":"product","link":"https:\/\/tpohotelariaecasa.pt\/index.php\/product\/ar-condicionado-unidade-interior-lg-dm07rp\/","title":{"rendered":"AR CONDICIONADO UNIDADE INTERIOR LG &#8211; DM07RP"},"content":{"rendered":"<p>G\u00e1s R32\/R410<br \/>\nSistema MultiSplit<br \/>\nCapacidade de arrefecimento: 2.1kW<br \/>\nDimens\u00f5es (lxaxp): 837x308x189mm<br \/>\nN\u00edvel de ru\u00eddo m\u00ednimo: 26 dB(A)<br \/>\nDi\u00e2metro da tubagem (Liq; G\u00e1s) [pol.] &#8211; [mm]: [1\/4; 3\/8] &#8211; [6.35; 9.52 ]<\/p>\n","protected":false},"excerpt":{"rendered":"<p>G\u00e1s R32\/R410 Sistema MultiSplit Capacidade de arrefecimento: 2.1kW Dimens\u00f5es (lxaxp): 837x308x189mm N\u00edvel de ru\u00eddo m\u00ednimo: 26 dB(A) Di\u00e2metro da tubagem (Liq; G\u00e1s) [pol.] &#8211; [mm]: [1\/4; 3\/8] &#8211; [6.35; 9.52 ]<\/p>\n","protected":false},"featured_media":9413510,"comment_status":"open","ping_status":"closed","template":"","meta":[],"product_cat":[514],"product_tag":[],"class_list":["post-9413511","product","type-product","status-publish","has-post-thumbnail","hentry","product_cat-ar-condicionado"],"_links":{"self":[{"href":"https:\/\/tpohotelariaecasa.pt\/index.php\/wp-json\/wp\/v2\/product\/9413511"}],"collection":[{"href":"https:\/\/tpohotelariaecasa.pt\/index.php\/wp-json\/wp\/v2\/product"}],"about":[{"href":"https:\/\/tpohotelariaecasa.pt\/index.php\/wp-json\/wp\/v2\/types\/product"}],"replies":[{"embeddable":true,"href":"https:\/\/tpohotelariaecasa.pt\/index.php\/wp-json\/wp\/v2\/comments?post=9413511"}],"wp:featuredmedia":[{"embeddable":true,"href":"https:\/\/tpohotelariaecasa.pt\/index.php\/wp-json\/wp\/v2\/media\/9413510"}],"wp:attachment":[{"href":"https:\/\/tpohotelariaecasa.pt\/index.php\/wp-json\/wp\/v2\/media?parent=9413511"}],"wp:term":[{"taxonomy":"product_cat","embeddable":true,"href":"https:\/\/tpohotelariaecasa.pt\/index.php\/wp-json\/wp\/v2\/product_cat?post=9413511"},{"taxonomy":"product_tag","embeddable":true,"href":"https:\/\/tpohotelariaecasa.pt\/index.php\/wp-json\/wp\/v2\/product_tag?post=9413511"}],"curies":[{"name":"wp","href":"https:\/\/api.w.org\/{rel}","templated":true}]}}