{"id":9413543,"date":"2023-03-09T11:24:19","date_gmt":"2023-03-09T11:24:19","guid":{"rendered":"https:\/\/tpohotelariaecasa.pt\/index.php\/product\/ar-condicionado-unidade-interior-cassete-lg-mt09r\/"},"modified":"2025-01-29T12:10:24","modified_gmt":"2025-01-29T12:10:24","slug":"ar-condicionado-unidade-interior-cassete-lg-mt09r","status":"publish","type":"product","link":"https:\/\/tpohotelariaecasa.pt\/index.php\/product\/ar-condicionado-unidade-interior-cassete-lg-mt09r\/","title":{"rendered":"AR CONDICIONADO UNIDADE INTERIOR CASSETE LG &#8211; MT09R"},"content":{"rendered":"<p>G\u00c1S R32<br \/>\nTipo de Equipamento: Cassete 1 via<br \/>\nTipo de Produto: Standard<br \/>\nTipo de Unidade: Multisplit<br \/>\nN\u00edvel de Ru\u00eddo: 32dB(A)<br \/>\nCapacidade Arrefecimento: 2,6kW<br \/>\nCapacidade Aquecimento: 2,9kW<br \/>\nDimens\u00f5es (LXAXP): 860x132x50mm<br \/>\nDi\u00e2metro da tubagem (Liq.; G\u00e1s) [pol] &#8211; [mm]: [1\/4; 3\/8] &#8211; [6,35; 9,52]<\/p>\n","protected":false},"excerpt":{"rendered":"<p>G\u00c1S R32 Tipo de Equipamento: Cassete 1 via Tipo de Produto: Standard Tipo de Unidade: Multisplit N\u00edvel de Ru\u00eddo: 32dB(A) Capacidade Arrefecimento: 2,6kW Capacidade Aquecimento: 2,9kW Dimens\u00f5es (LXAXP): 860x132x50mm Di\u00e2metro da tubagem (Liq.; G\u00e1s) [pol] &#8211; [mm]: [1\/4; 3\/8] &#8211; [6,35; 9,52]<\/p>\n","protected":false},"featured_media":9413542,"comment_status":"open","ping_status":"closed","template":"","meta":[],"product_cat":[514],"product_tag":[],"class_list":["post-9413543","product","type-product","status-publish","has-post-thumbnail","hentry","product_cat-ar-condicionado","product_shipping_class-gpolg"],"_links":{"self":[{"href":"https:\/\/tpohotelariaecasa.pt\/index.php\/wp-json\/wp\/v2\/product\/9413543"}],"collection":[{"href":"https:\/\/tpohotelariaecasa.pt\/index.php\/wp-json\/wp\/v2\/product"}],"about":[{"href":"https:\/\/tpohotelariaecasa.pt\/index.php\/wp-json\/wp\/v2\/types\/product"}],"replies":[{"embeddable":true,"href":"https:\/\/tpohotelariaecasa.pt\/index.php\/wp-json\/wp\/v2\/comments?post=9413543"}],"wp:featuredmedia":[{"embeddable":true,"href":"https:\/\/tpohotelariaecasa.pt\/index.php\/wp-json\/wp\/v2\/media\/9413542"}],"wp:attachment":[{"href":"https:\/\/tpohotelariaecasa.pt\/index.php\/wp-json\/wp\/v2\/media?parent=9413543"}],"wp:term":[{"taxonomy":"product_cat","embeddable":true,"href":"https:\/\/tpohotelariaecasa.pt\/index.php\/wp-json\/wp\/v2\/product_cat?post=9413543"},{"taxonomy":"product_tag","embeddable":true,"href":"https:\/\/tpohotelariaecasa.pt\/index.php\/wp-json\/wp\/v2\/product_tag?post=9413543"}],"curies":[{"name":"wp","href":"https:\/\/api.w.org\/{rel}","templated":true}]}}