{"id":9413549,"date":"2023-03-09T11:24:30","date_gmt":"2023-03-09T11:24:30","guid":{"rendered":"https:\/\/tpohotelariaecasa.pt\/index.php\/product\/ar-condicionado-unidade-exterior-lg-mu2r17\/"},"modified":"2025-01-29T12:11:22","modified_gmt":"2025-01-29T12:11:22","slug":"ar-condicionado-unidade-exterior-lg-mu2r17","status":"publish","type":"product","link":"https:\/\/tpohotelariaecasa.pt\/index.php\/product\/ar-condicionado-unidade-exterior-lg-mu2r17\/","title":{"rendered":"AR CONDICIONADO UNIDADE EXTERIOR LG &#8211; MU2R17"},"content":{"rendered":"<p>G\u00e1s R32<br \/>\nTipo de Unidade: Multi-split exterior<br \/>\nN\u00edvel de ru\u00eddo m\u00ednimo dB(A): 48<br \/>\nN\u00ba M\u00e1ximo de Unidades Interiores: 2<br \/>\nCapacidade de arrfecimento: 4.7kW<br \/>\nCapacidade de combina\u00e7\u00e3o (Min-M\u00e1x)[BTU]: 7000-24000<br \/>\nSEER:<br \/>\n&#8211; Arrefecimento: A++ \/ 7,8<br \/>\nSCOP:<br \/>\n&#8211; Aquecimento: A+ \/ 4,2<br \/>\nDi\u00e2metro de Tubagem (Liq.;G\u00e1s) [pol.] &#8211; [mm]: [1\/4; 3\/8] &#8211; [6,35; 9,52] X 2<br \/>\nDimens\u00f5es (LXAXP): 770x545x288mm<\/p>\n","protected":false},"excerpt":{"rendered":"<p>G\u00e1s R32 Tipo de Unidade: Multi-split exterior N\u00edvel de ru\u00eddo m\u00ednimo dB(A): 48 N\u00ba M\u00e1ximo de Unidades Interiores: 2 Capacidade de arrfecimento: 4.7kW Capacidade de combina\u00e7\u00e3o (Min-M\u00e1x)[BTU]: 7000-24000 SEER: &#8211; Arrefecimento: A++ \/ 7,8 SCOP: &#8211; Aquecimento: A+ \/ 4,2 Di\u00e2metro de Tubagem (Liq.;G\u00e1s) [pol.] &#8211; [mm]: [1\/4; 3\/8] &#8211; [6,35; 9,52] X 2 Dimens\u00f5es [&hellip;]<\/p>\n","protected":false},"featured_media":9413548,"comment_status":"open","ping_status":"closed","template":"","meta":[],"product_cat":[514],"product_tag":[],"class_list":["post-9413549","product","type-product","status-publish","has-post-thumbnail","hentry","product_cat-ar-condicionado"],"_links":{"self":[{"href":"https:\/\/tpohotelariaecasa.pt\/index.php\/wp-json\/wp\/v2\/product\/9413549"}],"collection":[{"href":"https:\/\/tpohotelariaecasa.pt\/index.php\/wp-json\/wp\/v2\/product"}],"about":[{"href":"https:\/\/tpohotelariaecasa.pt\/index.php\/wp-json\/wp\/v2\/types\/product"}],"replies":[{"embeddable":true,"href":"https:\/\/tpohotelariaecasa.pt\/index.php\/wp-json\/wp\/v2\/comments?post=9413549"}],"wp:featuredmedia":[{"embeddable":true,"href":"https:\/\/tpohotelariaecasa.pt\/index.php\/wp-json\/wp\/v2\/media\/9413548"}],"wp:attachment":[{"href":"https:\/\/tpohotelariaecasa.pt\/index.php\/wp-json\/wp\/v2\/media?parent=9413549"}],"wp:term":[{"taxonomy":"product_cat","embeddable":true,"href":"https:\/\/tpohotelariaecasa.pt\/index.php\/wp-json\/wp\/v2\/product_cat?post=9413549"},{"taxonomy":"product_tag","embeddable":true,"href":"https:\/\/tpohotelariaecasa.pt\/index.php\/wp-json\/wp\/v2\/product_tag?post=9413549"}],"curies":[{"name":"wp","href":"https:\/\/api.w.org\/{rel}","templated":true}]}}