{"id":9413553,"date":"2023-03-09T11:24:35","date_gmt":"2023-03-09T11:24:35","guid":{"rendered":"https:\/\/tpohotelariaecasa.pt\/index.php\/product\/ar-condicionado-unidade-exterior-lg-mu3r21\/"},"modified":"2025-01-29T12:12:09","modified_gmt":"2025-01-29T12:12:09","slug":"ar-condicionado-unidade-exterior-lg-mu3r21","status":"publish","type":"product","link":"https:\/\/tpohotelariaecasa.pt\/index.php\/product\/ar-condicionado-unidade-exterior-lg-mu3r21\/","title":{"rendered":"AR CONDICIONADO UNIDADE EXTERIOR LG &#8211; MU3R21"},"content":{"rendered":"<p>G\u00e1s R32<br \/>\nTipo de Unidade: Multi-slip exterior<br \/>\nN\u00edvel de ru\u00eddo m\u00ednimo dB(A): 50<br \/>\nN\u00ba m\u00e1ximo de Unidades Interiores: 3<br \/>\nCapacidade de arrefecimento: 6.2kW<br \/>\nCapacidade de Combina\u00e7\u00e3o (Min-M\u00e1x) [BTU]: 9000~33000<br \/>\nSEER:<br \/>\n&#8211; Arrefecimento: A+++ \/ 8,5<br \/>\nSCOP:<br \/>\n&#8211; Aquecimento: A+ \/ 4,21<br \/>\nDi\u00e2metro de Tubagens (Liq.;G\u00e1s) [pol.] &#8211; [mm]: [1\/4; 3\/8] &#8211; [6,35; 9,52] x3<br \/>\nDimens\u00f5es (LXAXP):  870x655x320<\/p>\n","protected":false},"excerpt":{"rendered":"<p>G\u00e1s R32 Tipo de Unidade: Multi-slip exterior N\u00edvel de ru\u00eddo m\u00ednimo dB(A): 50 N\u00ba m\u00e1ximo de Unidades Interiores: 3 Capacidade de arrefecimento: 6.2kW Capacidade de Combina\u00e7\u00e3o (Min-M\u00e1x) [BTU]: 9000~33000 SEER: &#8211; Arrefecimento: A+++ \/ 8,5 SCOP: &#8211; Aquecimento: A+ \/ 4,21 Di\u00e2metro de Tubagens (Liq.;G\u00e1s) [pol.] &#8211; [mm]: [1\/4; 3\/8] &#8211; [6,35; 9,52] x3 Dimens\u00f5es [&hellip;]<\/p>\n","protected":false},"featured_media":9413552,"comment_status":"open","ping_status":"closed","template":"","meta":[],"product_cat":[514],"product_tag":[],"class_list":["post-9413553","product","type-product","status-publish","has-post-thumbnail","hentry","product_cat-ar-condicionado","product_shipping_class-gpolg"],"_links":{"self":[{"href":"https:\/\/tpohotelariaecasa.pt\/index.php\/wp-json\/wp\/v2\/product\/9413553"}],"collection":[{"href":"https:\/\/tpohotelariaecasa.pt\/index.php\/wp-json\/wp\/v2\/product"}],"about":[{"href":"https:\/\/tpohotelariaecasa.pt\/index.php\/wp-json\/wp\/v2\/types\/product"}],"replies":[{"embeddable":true,"href":"https:\/\/tpohotelariaecasa.pt\/index.php\/wp-json\/wp\/v2\/comments?post=9413553"}],"wp:featuredmedia":[{"embeddable":true,"href":"https:\/\/tpohotelariaecasa.pt\/index.php\/wp-json\/wp\/v2\/media\/9413552"}],"wp:attachment":[{"href":"https:\/\/tpohotelariaecasa.pt\/index.php\/wp-json\/wp\/v2\/media?parent=9413553"}],"wp:term":[{"taxonomy":"product_cat","embeddable":true,"href":"https:\/\/tpohotelariaecasa.pt\/index.php\/wp-json\/wp\/v2\/product_cat?post=9413553"},{"taxonomy":"product_tag","embeddable":true,"href":"https:\/\/tpohotelariaecasa.pt\/index.php\/wp-json\/wp\/v2\/product_tag?post=9413553"}],"curies":[{"name":"wp","href":"https:\/\/api.w.org\/{rel}","templated":true}]}}