{"id":9413555,"date":"2023-03-09T11:24:40","date_gmt":"2023-03-09T11:24:40","guid":{"rendered":"https:\/\/tpohotelariaecasa.pt\/index.php\/product\/ar-condicionado-unidade-exterior-lg-mu4r25\/"},"modified":"2025-01-29T12:12:33","modified_gmt":"2025-01-29T12:12:33","slug":"ar-condicionado-unidade-exterior-lg-mu4r25","status":"publish","type":"product","link":"https:\/\/tpohotelariaecasa.pt\/index.php\/product\/ar-condicionado-unidade-exterior-lg-mu4r25\/","title":{"rendered":"AR CONDICIONADO UNIDADE EXTERIOR LG &#8211; MU4R25"},"content":{"rendered":"<p>G\u00e1s R32<br \/>\nTipo de Unidade: Multi-split exterior<br \/>\nN\u00edvel de ru\u00eddo m\u00ednimo dB(A): 49<br \/>\nN\u00ba M\u00e1ximo de Unidades Interiores: 4<br \/>\nCapacidade de arrfecimento: 7kW<br \/>\nCapacidade de combina\u00e7\u00e3o (Min-M\u00e1x)[BTU]: 12000-39000<br \/>\nSEER:<br \/>\n&#8211; Arrefecimento: A++ \/ 8,2<br \/>\nSCOP:<br \/>\n&#8211; Aquecimento: A+ \/ 4,2<br \/>\nDi\u00e2metro de Tubagem (Liq.;G\u00e1s) [pol.] &#8211; [mm]: [1\/4; 3\/8] &#8211; [6,35; 9,52] x4<br \/>\nDimens\u00f5es (LXAXP): 950x834x330mm<\/p>\n","protected":false},"excerpt":{"rendered":"<p>G\u00e1s R32 Tipo de Unidade: Multi-split exterior N\u00edvel de ru\u00eddo m\u00ednimo dB(A): 49 N\u00ba M\u00e1ximo de Unidades Interiores: 4 Capacidade de arrfecimento: 7kW Capacidade de combina\u00e7\u00e3o (Min-M\u00e1x)[BTU]: 12000-39000 SEER: &#8211; Arrefecimento: A++ \/ 8,2 SCOP: &#8211; Aquecimento: A+ \/ 4,2 Di\u00e2metro de Tubagem (Liq.;G\u00e1s) [pol.] &#8211; [mm]: [1\/4; 3\/8] &#8211; [6,35; 9,52] x4 Dimens\u00f5es (LXAXP): [&hellip;]<\/p>\n","protected":false},"featured_media":9413554,"comment_status":"open","ping_status":"closed","template":"","meta":[],"product_cat":[514],"product_tag":[],"class_list":["post-9413555","product","type-product","status-publish","has-post-thumbnail","hentry","product_cat-ar-condicionado","product_shipping_class-gpolg"],"_links":{"self":[{"href":"https:\/\/tpohotelariaecasa.pt\/index.php\/wp-json\/wp\/v2\/product\/9413555"}],"collection":[{"href":"https:\/\/tpohotelariaecasa.pt\/index.php\/wp-json\/wp\/v2\/product"}],"about":[{"href":"https:\/\/tpohotelariaecasa.pt\/index.php\/wp-json\/wp\/v2\/types\/product"}],"replies":[{"embeddable":true,"href":"https:\/\/tpohotelariaecasa.pt\/index.php\/wp-json\/wp\/v2\/comments?post=9413555"}],"wp:featuredmedia":[{"embeddable":true,"href":"https:\/\/tpohotelariaecasa.pt\/index.php\/wp-json\/wp\/v2\/media\/9413554"}],"wp:attachment":[{"href":"https:\/\/tpohotelariaecasa.pt\/index.php\/wp-json\/wp\/v2\/media?parent=9413555"}],"wp:term":[{"taxonomy":"product_cat","embeddable":true,"href":"https:\/\/tpohotelariaecasa.pt\/index.php\/wp-json\/wp\/v2\/product_cat?post=9413555"},{"taxonomy":"product_tag","embeddable":true,"href":"https:\/\/tpohotelariaecasa.pt\/index.php\/wp-json\/wp\/v2\/product_tag?post=9413555"}],"curies":[{"name":"wp","href":"https:\/\/api.w.org\/{rel}","templated":true}]}}