{"id":9418196,"date":"2023-03-09T12:39:42","date_gmt":"2023-03-09T12:39:42","guid":{"rendered":"https:\/\/tpohotelariaecasa.pt\/index.php\/product\/aquecedor-ceramico-taurus-alpatec-atacama-2001-947-255\/"},"modified":"2025-01-29T12:11:34","modified_gmt":"2025-01-29T12:11:34","slug":"aquecedor-ceramico-taurus-alpatec-atacama-2001-947-255","status":"publish","type":"product","link":"https:\/\/tpohotelariaecasa.pt\/index.php\/product\/aquecedor-ceramico-taurus-alpatec-atacama-2001-947-255\/","title":{"rendered":"AQUECEDOR CER\u00c2MICO TAURUS\/ALPATEC ATACAMA 2001 &#8211; 947.255"},"content":{"rendered":"<p>Pot\u00eancia: 2000W<br \/>\n2 pot\u00eancias de aquecimento: 1200 e 2000W<br \/>\nTerm\u00f3stato ajust\u00e1vel<br \/>\nTecnologia PTC<br \/>\nOscilante<br \/>\nSistema anti-queda<br \/>\nPoder ser usado para uma \u00e1rea de 20m2<\/p>\n","protected":false},"excerpt":{"rendered":"<p>Pot\u00eancia: 2000W 2 pot\u00eancias de aquecimento: 1200 e 2000W Term\u00f3stato ajust\u00e1vel Tecnologia PTC Oscilante Sistema anti-queda Poder ser usado para uma \u00e1rea de 20m2<\/p>\n","protected":false},"featured_media":9418195,"comment_status":"open","ping_status":"closed","template":"","meta":[],"product_cat":[516],"product_tag":[],"class_list":["post-9418196","product","type-product","status-publish","has-post-thumbnail","hentry","product_cat-portatil"],"_links":{"self":[{"href":"https:\/\/tpohotelariaecasa.pt\/index.php\/wp-json\/wp\/v2\/product\/9418196"}],"collection":[{"href":"https:\/\/tpohotelariaecasa.pt\/index.php\/wp-json\/wp\/v2\/product"}],"about":[{"href":"https:\/\/tpohotelariaecasa.pt\/index.php\/wp-json\/wp\/v2\/types\/product"}],"replies":[{"embeddable":true,"href":"https:\/\/tpohotelariaecasa.pt\/index.php\/wp-json\/wp\/v2\/comments?post=9418196"}],"wp:featuredmedia":[{"embeddable":true,"href":"https:\/\/tpohotelariaecasa.pt\/index.php\/wp-json\/wp\/v2\/media\/9418195"}],"wp:attachment":[{"href":"https:\/\/tpohotelariaecasa.pt\/index.php\/wp-json\/wp\/v2\/media?parent=9418196"}],"wp:term":[{"taxonomy":"product_cat","embeddable":true,"href":"https:\/\/tpohotelariaecasa.pt\/index.php\/wp-json\/wp\/v2\/product_cat?post=9418196"},{"taxonomy":"product_tag","embeddable":true,"href":"https:\/\/tpohotelariaecasa.pt\/index.php\/wp-json\/wp\/v2\/product_tag?post=9418196"}],"curies":[{"name":"wp","href":"https:\/\/api.w.org\/{rel}","templated":true}]}}