{"id":9418302,"date":"2023-03-09T12:40:56","date_gmt":"2023-03-09T12:40:56","guid":{"rendered":"https:\/\/tpohotelariaecasa.pt\/index.php\/product\/convector-taurus-alpatec-clima-turbo-2000-947-034\/"},"modified":"2025-01-29T12:11:02","modified_gmt":"2025-01-29T12:11:02","slug":"convector-taurus-alpatec-clima-turbo-2000-947-034","status":"publish","type":"product","link":"https:\/\/tpohotelariaecasa.pt\/index.php\/product\/convector-taurus-alpatec-clima-turbo-2000-947-034\/","title":{"rendered":"CONVECTOR TAURUS\/ALPATEC CLIMA TURBO 2000 &#8211; 947.034"},"content":{"rendered":"<p>Pot\u00eancia 2000W<br \/>\nFun\u00e7\u00e3o Turbo<br \/>\nTermostato regul\u00e1vel<br \/>\n3 posi\u00e7\u00f5es de calor<br \/>\nP\u00e9s base inclu\u00eddos<br \/>\nPega de transporte<\/p>\n","protected":false},"excerpt":{"rendered":"<p>Pot\u00eancia 2000W Fun\u00e7\u00e3o Turbo Termostato regul\u00e1vel 3 posi\u00e7\u00f5es de calor P\u00e9s base inclu\u00eddos Pega de transporte<\/p>\n","protected":false},"featured_media":9418301,"comment_status":"open","ping_status":"closed","template":"","meta":[],"product_cat":[516],"product_tag":[],"class_list":["post-9418302","product","type-product","status-publish","has-post-thumbnail","hentry","product_cat-portatil"],"_links":{"self":[{"href":"https:\/\/tpohotelariaecasa.pt\/index.php\/wp-json\/wp\/v2\/product\/9418302"}],"collection":[{"href":"https:\/\/tpohotelariaecasa.pt\/index.php\/wp-json\/wp\/v2\/product"}],"about":[{"href":"https:\/\/tpohotelariaecasa.pt\/index.php\/wp-json\/wp\/v2\/types\/product"}],"replies":[{"embeddable":true,"href":"https:\/\/tpohotelariaecasa.pt\/index.php\/wp-json\/wp\/v2\/comments?post=9418302"}],"wp:featuredmedia":[{"embeddable":true,"href":"https:\/\/tpohotelariaecasa.pt\/index.php\/wp-json\/wp\/v2\/media\/9418301"}],"wp:attachment":[{"href":"https:\/\/tpohotelariaecasa.pt\/index.php\/wp-json\/wp\/v2\/media?parent=9418302"}],"wp:term":[{"taxonomy":"product_cat","embeddable":true,"href":"https:\/\/tpohotelariaecasa.pt\/index.php\/wp-json\/wp\/v2\/product_cat?post=9418302"},{"taxonomy":"product_tag","embeddable":true,"href":"https:\/\/tpohotelariaecasa.pt\/index.php\/wp-json\/wp\/v2\/product_tag?post=9418302"}],"curies":[{"name":"wp","href":"https:\/\/api.w.org\/{rel}","templated":true}]}}