{"id":9418326,"date":"2023-03-09T12:41:12","date_gmt":"2023-03-09T12:41:12","guid":{"rendered":"https:\/\/tpohotelariaecasa.pt\/index.php\/product\/emissor-termico-taurus-alpatec-malbork-1200-935-049\/"},"modified":"2025-01-29T12:12:45","modified_gmt":"2025-01-29T12:12:45","slug":"emissor-termico-taurus-alpatec-malbork-1200-935-049","status":"publish","type":"product","link":"https:\/\/tpohotelariaecasa.pt\/index.php\/product\/emissor-termico-taurus-alpatec-malbork-1200-935-049\/","title":{"rendered":"EMISSOR T\u00c9RMICO TAURUS\/ALPATEC MALBORK 1200 &#8211; 935.049"},"content":{"rendered":"<p>1200W<br \/>\n2 modos de funcionamento: conforto e econ\u00f3mico<br \/>\nTemperatura ajust\u00e1vel de 10 a 35\u00b0C<br \/>\nSem fluidos: tecnolog\u00eda seca<br \/>\nPrograma\u00e7\u00e3o di\u00e1ria e semanal<br \/>\nIncluem rodas e suporte de parede<br \/>\nSensor de janela aberta: Desliga-se em caso de descida brusca da temperatura dentro da divis\u00e3o<br \/>\nEcr\u00e3o LCD retroiluminado<br \/>\nBloqueio do selector<br \/>\nInterruptor de funcionamento<br \/>\nDimens\u00f5es do produto: 66.5 x 33.5 x 65.5cm<br \/>\nRecomendado para divis\u00f5es at\u00e9 12m2<\/p>\n","protected":false},"excerpt":{"rendered":"<p>1200W 2 modos de funcionamento: conforto e econ\u00f3mico Temperatura ajust\u00e1vel de 10 a 35\u00b0C Sem fluidos: tecnolog\u00eda seca Programa\u00e7\u00e3o di\u00e1ria e semanal Incluem rodas e suporte de parede Sensor de janela aberta: Desliga-se em caso de descida brusca da temperatura dentro da divis\u00e3o Ecr\u00e3o LCD retroiluminado Bloqueio do selector Interruptor de funcionamento Dimens\u00f5es do produto: [&hellip;]<\/p>\n","protected":false},"featured_media":9418325,"comment_status":"open","ping_status":"closed","template":"","meta":[],"product_cat":[516],"product_tag":[],"class_list":["post-9418326","product","type-product","status-publish","has-post-thumbnail","hentry","product_cat-portatil","product_shipping_class-gpolp"],"_links":{"self":[{"href":"https:\/\/tpohotelariaecasa.pt\/index.php\/wp-json\/wp\/v2\/product\/9418326"}],"collection":[{"href":"https:\/\/tpohotelariaecasa.pt\/index.php\/wp-json\/wp\/v2\/product"}],"about":[{"href":"https:\/\/tpohotelariaecasa.pt\/index.php\/wp-json\/wp\/v2\/types\/product"}],"replies":[{"embeddable":true,"href":"https:\/\/tpohotelariaecasa.pt\/index.php\/wp-json\/wp\/v2\/comments?post=9418326"}],"wp:featuredmedia":[{"embeddable":true,"href":"https:\/\/tpohotelariaecasa.pt\/index.php\/wp-json\/wp\/v2\/media\/9418325"}],"wp:attachment":[{"href":"https:\/\/tpohotelariaecasa.pt\/index.php\/wp-json\/wp\/v2\/media?parent=9418326"}],"wp:term":[{"taxonomy":"product_cat","embeddable":true,"href":"https:\/\/tpohotelariaecasa.pt\/index.php\/wp-json\/wp\/v2\/product_cat?post=9418326"},{"taxonomy":"product_tag","embeddable":true,"href":"https:\/\/tpohotelariaecasa.pt\/index.php\/wp-json\/wp\/v2\/product_tag?post=9418326"}],"curies":[{"name":"wp","href":"https:\/\/api.w.org\/{rel}","templated":true}]}}