{"id":9418536,"date":"2023-03-09T12:43:57","date_gmt":"2023-03-09T12:43:57","guid":{"rendered":"https:\/\/tpohotelariaecasa.pt\/index.php\/product\/radiador-quartzo-taurus-alpatec-bagno-2q-930-646\/"},"modified":"2025-01-29T12:10:51","modified_gmt":"2025-01-29T12:10:51","slug":"radiador-quartzo-taurus-alpatec-bagno-2q-930-646","status":"publish","type":"product","link":"https:\/\/tpohotelariaecasa.pt\/index.php\/product\/radiador-quartzo-taurus-alpatec-bagno-2q-930-646\/","title":{"rendered":"RADIADOR QUARTZO TAURUS\/ALPATEC BAGNO 2Q &#8211; 930.646"},"content":{"rendered":"<p>Pot\u00eancia: 1200W<br \/>\nIP 24. Adequado para o banheiro.<br \/>\nDois modos de ativa\u00e7\u00e3o: bot\u00e3o liga \/ desliga e seletor rotativo.<br \/>\nSuporte de parede.<br \/>\n2 resist\u00eancias de quartzo<br \/>\nSilencioso<br \/>\nCalor constante e uniforme.<br \/>\nRecomendado para quem sofre de alergias.<br \/>\nPainel de seguran\u00e7a<br \/>\nRecomendado para \u00e1reas de at\u00e9 10m\u00b2.<br \/>\nTamanho: 61 x 9 x 16 cm.<\/p>\n","protected":false},"excerpt":{"rendered":"<p>Pot\u00eancia: 1200W IP 24. Adequado para o banheiro. Dois modos de ativa\u00e7\u00e3o: bot\u00e3o liga \/ desliga e seletor rotativo. Suporte de parede. 2 resist\u00eancias de quartzo Silencioso Calor constante e uniforme. Recomendado para quem sofre de alergias. Painel de seguran\u00e7a Recomendado para \u00e1reas de at\u00e9 10m\u00b2. Tamanho: 61 x 9 x 16 cm.<\/p>\n","protected":false},"featured_media":9418535,"comment_status":"open","ping_status":"closed","template":"","meta":[],"product_cat":[516],"product_tag":[],"class_list":["post-9418536","product","type-product","status-publish","has-post-thumbnail","hentry","product_cat-portatil"],"_links":{"self":[{"href":"https:\/\/tpohotelariaecasa.pt\/index.php\/wp-json\/wp\/v2\/product\/9418536"}],"collection":[{"href":"https:\/\/tpohotelariaecasa.pt\/index.php\/wp-json\/wp\/v2\/product"}],"about":[{"href":"https:\/\/tpohotelariaecasa.pt\/index.php\/wp-json\/wp\/v2\/types\/product"}],"replies":[{"embeddable":true,"href":"https:\/\/tpohotelariaecasa.pt\/index.php\/wp-json\/wp\/v2\/comments?post=9418536"}],"wp:featuredmedia":[{"embeddable":true,"href":"https:\/\/tpohotelariaecasa.pt\/index.php\/wp-json\/wp\/v2\/media\/9418535"}],"wp:attachment":[{"href":"https:\/\/tpohotelariaecasa.pt\/index.php\/wp-json\/wp\/v2\/media?parent=9418536"}],"wp:term":[{"taxonomy":"product_cat","embeddable":true,"href":"https:\/\/tpohotelariaecasa.pt\/index.php\/wp-json\/wp\/v2\/product_cat?post=9418536"},{"taxonomy":"product_tag","embeddable":true,"href":"https:\/\/tpohotelariaecasa.pt\/index.php\/wp-json\/wp\/v2\/product_tag?post=9418536"}],"curies":[{"name":"wp","href":"https:\/\/api.w.org\/{rel}","templated":true}]}}