{"id":9418540,"date":"2023-03-09T12:44:01","date_gmt":"2023-03-09T12:44:01","guid":{"rendered":"https:\/\/tpohotelariaecasa.pt\/index.php\/product\/aquecedor-a-oleo-taurus-alpatec-agadir-1500-935-028\/"},"modified":"2025-01-29T12:11:47","modified_gmt":"2025-01-29T12:11:47","slug":"aquecedor-a-oleo-taurus-alpatec-agadir-1500-935-028","status":"publish","type":"product","link":"https:\/\/tpohotelariaecasa.pt\/index.php\/product\/aquecedor-a-oleo-taurus-alpatec-agadir-1500-935-028\/","title":{"rendered":"AQUECEDOR A \u00d3LEO TAURUS\/ALPATEC AGADIR 1500 &#8211; 935.028"},"content":{"rendered":"<p>1500W<br \/>\n3 n\u00edveis de pot\u00eancia.<br \/>\nEcr\u00e3 digital com seletor de pot\u00eancia e temporizador 24h.<br \/>\nSeleciona a temperatura desejada.<br \/>\nFuncionamento em modo econ\u00f3mico.<br \/>\nTemperatura regul\u00e1vel entre 5 a 35\u00b0C.<br \/>\nDimens\u00f5es 330X280X630mm<\/p>\n","protected":false},"excerpt":{"rendered":"<p>1500W 3 n\u00edveis de pot\u00eancia. Ecr\u00e3 digital com seletor de pot\u00eancia e temporizador 24h. Seleciona a temperatura desejada. Funcionamento em modo econ\u00f3mico. Temperatura regul\u00e1vel entre 5 a 35\u00b0C. Dimens\u00f5es 330X280X630mm<\/p>\n","protected":false},"featured_media":9418539,"comment_status":"open","ping_status":"closed","template":"","meta":[],"product_cat":[516],"product_tag":[],"class_list":["post-9418540","product","type-product","status-publish","has-post-thumbnail","hentry","product_cat-portatil","product_shipping_class-gpolp"],"_links":{"self":[{"href":"https:\/\/tpohotelariaecasa.pt\/index.php\/wp-json\/wp\/v2\/product\/9418540"}],"collection":[{"href":"https:\/\/tpohotelariaecasa.pt\/index.php\/wp-json\/wp\/v2\/product"}],"about":[{"href":"https:\/\/tpohotelariaecasa.pt\/index.php\/wp-json\/wp\/v2\/types\/product"}],"replies":[{"embeddable":true,"href":"https:\/\/tpohotelariaecasa.pt\/index.php\/wp-json\/wp\/v2\/comments?post=9418540"}],"wp:featuredmedia":[{"embeddable":true,"href":"https:\/\/tpohotelariaecasa.pt\/index.php\/wp-json\/wp\/v2\/media\/9418539"}],"wp:attachment":[{"href":"https:\/\/tpohotelariaecasa.pt\/index.php\/wp-json\/wp\/v2\/media?parent=9418540"}],"wp:term":[{"taxonomy":"product_cat","embeddable":true,"href":"https:\/\/tpohotelariaecasa.pt\/index.php\/wp-json\/wp\/v2\/product_cat?post=9418540"},{"taxonomy":"product_tag","embeddable":true,"href":"https:\/\/tpohotelariaecasa.pt\/index.php\/wp-json\/wp\/v2\/product_tag?post=9418540"}],"curies":[{"name":"wp","href":"https:\/\/api.w.org\/{rel}","templated":true}]}}