{"id":9418558,"date":"2023-03-09T12:44:16","date_gmt":"2023-03-09T12:44:16","guid":{"rendered":"https:\/\/tpohotelariaecasa.pt\/index.php\/product\/radiador-eletrico-taurus-alpatec-paradiso-ceramic-1500-935-082\/"},"modified":"2025-01-29T12:13:04","modified_gmt":"2025-01-29T12:13:04","slug":"radiador-eletrico-taurus-alpatec-paradiso-ceramic-1500-935-082","status":"publish","type":"product","link":"https:\/\/tpohotelariaecasa.pt\/index.php\/product\/radiador-eletrico-taurus-alpatec-paradiso-ceramic-1500-935-082\/","title":{"rendered":"RADIADOR EL\u00c9TRICO TAURUS\/ALPATEC PARADISO CERAMIC 1500 &#8211; 935.082"},"content":{"rendered":"<p>Pot\u00eancia: 1500W<br \/>\nN\u00facleo de pedra refrat\u00e1rio<br \/>\nModos de funcionamento: 6<br \/>\nCorpo de alum\u00ednio<br \/>\nFaixa de temperatura: 10\u00baC-35\u00baC<br \/>\nPrograma\u00e7\u00e3o: Di\u00e1ria e semanal<br \/>\nVisor LCD com ilumina\u00e7\u00e3o<br \/>\nBloqueio do teclado<br \/>\nProtetor t\u00e9rmico de seguran\u00e7a<br \/>\nSensor \u0093Janela aberta\u0093<br \/>\nTamanho com rodas: 64x10x58cm<br \/>\nSuporte de parede<br \/>\nPara superf\u00edcies at\u00e9: 15m2<br \/>\nInclui acess\u00f3rios para montagem na parede<br \/>\nClasse II<br \/>\nCorpo de alum\u00ednio<\/p>\n","protected":false},"excerpt":{"rendered":"<p>Pot\u00eancia: 1500W N\u00facleo de pedra refrat\u00e1rio Modos de funcionamento: 6 Corpo de alum\u00ednio Faixa de temperatura: 10\u00baC-35\u00baC Programa\u00e7\u00e3o: Di\u00e1ria e semanal Visor LCD com ilumina\u00e7\u00e3o Bloqueio do teclado Protetor t\u00e9rmico de seguran\u00e7a Sensor \u0093Janela aberta\u0093 Tamanho com rodas: 64x10x58cm Suporte de parede Para superf\u00edcies at\u00e9: 15m2 Inclui acess\u00f3rios para montagem na parede Classe II Corpo [&hellip;]<\/p>\n","protected":false},"featured_media":9418557,"comment_status":"open","ping_status":"closed","template":"","meta":[],"product_cat":[516],"product_tag":[],"class_list":["post-9418558","product","type-product","status-publish","has-post-thumbnail","hentry","product_cat-portatil","product_shipping_class-gpolg"],"_links":{"self":[{"href":"https:\/\/tpohotelariaecasa.pt\/index.php\/wp-json\/wp\/v2\/product\/9418558"}],"collection":[{"href":"https:\/\/tpohotelariaecasa.pt\/index.php\/wp-json\/wp\/v2\/product"}],"about":[{"href":"https:\/\/tpohotelariaecasa.pt\/index.php\/wp-json\/wp\/v2\/types\/product"}],"replies":[{"embeddable":true,"href":"https:\/\/tpohotelariaecasa.pt\/index.php\/wp-json\/wp\/v2\/comments?post=9418558"}],"wp:featuredmedia":[{"embeddable":true,"href":"https:\/\/tpohotelariaecasa.pt\/index.php\/wp-json\/wp\/v2\/media\/9418557"}],"wp:attachment":[{"href":"https:\/\/tpohotelariaecasa.pt\/index.php\/wp-json\/wp\/v2\/media?parent=9418558"}],"wp:term":[{"taxonomy":"product_cat","embeddable":true,"href":"https:\/\/tpohotelariaecasa.pt\/index.php\/wp-json\/wp\/v2\/product_cat?post=9418558"},{"taxonomy":"product_tag","embeddable":true,"href":"https:\/\/tpohotelariaecasa.pt\/index.php\/wp-json\/wp\/v2\/product_tag?post=9418558"}],"curies":[{"name":"wp","href":"https:\/\/api.w.org\/{rel}","templated":true}]}}