{"id":9419262,"date":"2023-03-09T12:54:11","date_gmt":"2023-03-09T12:54:11","guid":{"rendered":"https:\/\/tpohotelariaecasa.pt\/index.php\/product\/aquecedor-a-oleo-delonghi-trrs0920c-2000w\/"},"modified":"2025-01-29T12:12:23","modified_gmt":"2025-01-29T12:12:23","slug":"aquecedor-a-oleo-delonghi-trrs0920c-2000w","status":"publish","type":"product","link":"https:\/\/tpohotelariaecasa.pt\/index.php\/product\/aquecedor-a-oleo-delonghi-trrs0920c-2000w\/","title":{"rendered":"AQUECEDOR A \u00d3LEO DELONGHI &#8211; TRRS0920C &#8211; 2000W"},"content":{"rendered":"<p>Dimens\u00f5es (lxpxa cm): 16 x 47,2 x 65<br \/>\nVoltagem\/Frequ\u00eancia (V~Hz): 230~50<br \/>\nCor: Branco<br \/>\nN\u00famero de elementos: 9<br \/>\nPara divis\u00f5es at\u00e9 (m\u00b3): 60<br \/>\nPot\u00eancia de aquecimento &#8211; M\u00e1x (W): 2000<br \/>\nPot\u00eancia de aquecimento &#8211; Med (W): 1100<br \/>\nPot\u00eancia de aquecimento &#8211; M\u00edn (W): 900<br \/>\nTerm\u00f3stato de seguran\u00e7a (\u00b0C)<br \/>\nArmazenagem do cabo<br \/>\nPega para transporte<br \/>\nRodas pr\u00e9-montadas<br \/>\nTerm\u00f3stato de seguran\u00e7a<br \/>\nIndicador luminoso de controlo<\/p>\n","protected":false},"excerpt":{"rendered":"<p>Dimens\u00f5es (lxpxa cm): 16 x 47,2 x 65 Voltagem\/Frequ\u00eancia (V~Hz): 230~50 Cor: Branco N\u00famero de elementos: 9 Para divis\u00f5es at\u00e9 (m\u00b3): 60 Pot\u00eancia de aquecimento &#8211; M\u00e1x (W): 2000 Pot\u00eancia de aquecimento &#8211; Med (W): 1100 Pot\u00eancia de aquecimento &#8211; M\u00edn (W): 900 Term\u00f3stato de seguran\u00e7a (\u00b0C) Armazenagem do cabo Pega para transporte Rodas pr\u00e9-montadas [&hellip;]<\/p>\n","protected":false},"featured_media":9419261,"comment_status":"open","ping_status":"closed","template":"","meta":[],"product_cat":[516],"product_tag":[],"class_list":["post-9419262","product","type-product","status-publish","has-post-thumbnail","hentry","product_cat-portatil"],"_links":{"self":[{"href":"https:\/\/tpohotelariaecasa.pt\/index.php\/wp-json\/wp\/v2\/product\/9419262"}],"collection":[{"href":"https:\/\/tpohotelariaecasa.pt\/index.php\/wp-json\/wp\/v2\/product"}],"about":[{"href":"https:\/\/tpohotelariaecasa.pt\/index.php\/wp-json\/wp\/v2\/types\/product"}],"replies":[{"embeddable":true,"href":"https:\/\/tpohotelariaecasa.pt\/index.php\/wp-json\/wp\/v2\/comments?post=9419262"}],"wp:featuredmedia":[{"embeddable":true,"href":"https:\/\/tpohotelariaecasa.pt\/index.php\/wp-json\/wp\/v2\/media\/9419261"}],"wp:attachment":[{"href":"https:\/\/tpohotelariaecasa.pt\/index.php\/wp-json\/wp\/v2\/media?parent=9419262"}],"wp:term":[{"taxonomy":"product_cat","embeddable":true,"href":"https:\/\/tpohotelariaecasa.pt\/index.php\/wp-json\/wp\/v2\/product_cat?post=9419262"},{"taxonomy":"product_tag","embeddable":true,"href":"https:\/\/tpohotelariaecasa.pt\/index.php\/wp-json\/wp\/v2\/product_tag?post=9419262"}],"curies":[{"name":"wp","href":"https:\/\/api.w.org\/{rel}","templated":true}]}}