{"id":9419264,"date":"2023-03-09T12:54:12","date_gmt":"2023-03-09T12:54:12","guid":{"rendered":"https:\/\/tpohotelariaecasa.pt\/index.php\/product\/aquecedor-a-oleo-delonghi-trrs1225c-2500w\/"},"modified":"2025-01-29T12:12:40","modified_gmt":"2025-01-29T12:12:40","slug":"aquecedor-a-oleo-delonghi-trrs1225c-2500w","status":"publish","type":"product","link":"https:\/\/tpohotelariaecasa.pt\/index.php\/product\/aquecedor-a-oleo-delonghi-trrs1225c-2500w\/","title":{"rendered":"AQUECEDOR A \u00d3LEO DELONGHI &#8211; TRRS1225C &#8211; 2500W"},"content":{"rendered":"<p>Dimens\u00f5es (lxpxa cm): 16,0 x 59,2 x 65,0<br \/>\nVoltagem\/Frequ\u00eancia (V~Hz): 230~50<br \/>\nCor: Branco<br \/>\nN\u00famero de elementos: 12<br \/>\nPara divis\u00f5es at\u00e9 (m\u00b3): 75<br \/>\nPot\u00eancia de aquecimento &#8211; M\u00e1x (W): 2500<br \/>\nPot\u00eancia de aquecimento &#8211; Med (W): 1400<br \/>\nPot\u00eancia de aquecimento &#8211; M\u00edn (W): 1100<br \/>\nTerm\u00f3stato de seguran\u00e7a (\u00b0C)<br \/>\nFun\u00e7\u00e3o anti-gelo<br \/>\nPega para transporte<br \/>\nTerm\u00f3stato de seguran\u00e7a<\/p>\n","protected":false},"excerpt":{"rendered":"<p>Dimens\u00f5es (lxpxa cm): 16,0 x 59,2 x 65,0 Voltagem\/Frequ\u00eancia (V~Hz): 230~50 Cor: Branco N\u00famero de elementos: 12 Para divis\u00f5es at\u00e9 (m\u00b3): 75 Pot\u00eancia de aquecimento &#8211; M\u00e1x (W): 2500 Pot\u00eancia de aquecimento &#8211; Med (W): 1400 Pot\u00eancia de aquecimento &#8211; M\u00edn (W): 1100 Term\u00f3stato de seguran\u00e7a (\u00b0C) Fun\u00e7\u00e3o anti-gelo Pega para transporte Term\u00f3stato de seguran\u00e7a<\/p>\n","protected":false},"featured_media":9419263,"comment_status":"open","ping_status":"closed","template":"","meta":[],"product_cat":[516],"product_tag":[],"class_list":["post-9419264","product","type-product","status-publish","has-post-thumbnail","hentry","product_cat-portatil"],"_links":{"self":[{"href":"https:\/\/tpohotelariaecasa.pt\/index.php\/wp-json\/wp\/v2\/product\/9419264"}],"collection":[{"href":"https:\/\/tpohotelariaecasa.pt\/index.php\/wp-json\/wp\/v2\/product"}],"about":[{"href":"https:\/\/tpohotelariaecasa.pt\/index.php\/wp-json\/wp\/v2\/types\/product"}],"replies":[{"embeddable":true,"href":"https:\/\/tpohotelariaecasa.pt\/index.php\/wp-json\/wp\/v2\/comments?post=9419264"}],"wp:featuredmedia":[{"embeddable":true,"href":"https:\/\/tpohotelariaecasa.pt\/index.php\/wp-json\/wp\/v2\/media\/9419263"}],"wp:attachment":[{"href":"https:\/\/tpohotelariaecasa.pt\/index.php\/wp-json\/wp\/v2\/media?parent=9419264"}],"wp:term":[{"taxonomy":"product_cat","embeddable":true,"href":"https:\/\/tpohotelariaecasa.pt\/index.php\/wp-json\/wp\/v2\/product_cat?post=9419264"},{"taxonomy":"product_tag","embeddable":true,"href":"https:\/\/tpohotelariaecasa.pt\/index.php\/wp-json\/wp\/v2\/product_tag?post=9419264"}],"curies":[{"name":"wp","href":"https:\/\/api.w.org\/{rel}","templated":true}]}}