{"id":9419669,"date":"2023-03-09T13:00:13","date_gmt":"2023-03-09T13:00:13","guid":{"rendered":"https:\/\/tpohotelariaecasa.pt\/index.php\/product\/emissor-termico-digital-orbegozo-rrd-500\/"},"modified":"2025-01-29T12:11:23","modified_gmt":"2025-01-29T12:11:23","slug":"emissor-termico-digital-orbegozo-rrd-500","status":"publish","type":"product","link":"https:\/\/tpohotelariaecasa.pt\/index.php\/product\/emissor-termico-digital-orbegozo-rrd-500\/","title":{"rendered":"EMISSOR T\u00c9RMICO DIGITAL ORBEGOZO &#8211; RRD 500"},"content":{"rendered":"<p>Sem \u00f3leo<br \/>\nEcol\u00f3gico<br \/>\nF\u00e1cil instala\u00e7\u00e3o<br \/>\nProgramav\u00e9l<br \/>\nCoupo em alum\u00ednio<br \/>\nBot\u00e3o de desconex\u00e3o total<br \/>\nComando \u00e0 dist\u00e2ncia<br \/>\n3 elementos<br \/>\n500W<\/p>\n","protected":false},"excerpt":{"rendered":"<p>Sem \u00f3leo Ecol\u00f3gico F\u00e1cil instala\u00e7\u00e3o Programav\u00e9l Coupo em alum\u00ednio Bot\u00e3o de desconex\u00e3o total Comando \u00e0 dist\u00e2ncia 3 elementos 500W<\/p>\n","protected":false},"featured_media":9419668,"comment_status":"open","ping_status":"closed","template":"","meta":[],"product_cat":[516],"product_tag":[],"class_list":["post-9419669","product","type-product","status-publish","has-post-thumbnail","hentry","product_cat-portatil"],"_links":{"self":[{"href":"https:\/\/tpohotelariaecasa.pt\/index.php\/wp-json\/wp\/v2\/product\/9419669"}],"collection":[{"href":"https:\/\/tpohotelariaecasa.pt\/index.php\/wp-json\/wp\/v2\/product"}],"about":[{"href":"https:\/\/tpohotelariaecasa.pt\/index.php\/wp-json\/wp\/v2\/types\/product"}],"replies":[{"embeddable":true,"href":"https:\/\/tpohotelariaecasa.pt\/index.php\/wp-json\/wp\/v2\/comments?post=9419669"}],"wp:featuredmedia":[{"embeddable":true,"href":"https:\/\/tpohotelariaecasa.pt\/index.php\/wp-json\/wp\/v2\/media\/9419668"}],"wp:attachment":[{"href":"https:\/\/tpohotelariaecasa.pt\/index.php\/wp-json\/wp\/v2\/media?parent=9419669"}],"wp:term":[{"taxonomy":"product_cat","embeddable":true,"href":"https:\/\/tpohotelariaecasa.pt\/index.php\/wp-json\/wp\/v2\/product_cat?post=9419669"},{"taxonomy":"product_tag","embeddable":true,"href":"https:\/\/tpohotelariaecasa.pt\/index.php\/wp-json\/wp\/v2\/product_tag?post=9419669"}],"curies":[{"name":"wp","href":"https:\/\/api.w.org\/{rel}","templated":true}]}}