{"id":9432135,"date":"2023-06-27T14:11:05","date_gmt":"2023-06-27T14:11:05","guid":{"rendered":"https:\/\/tpohotelariaecasa.pt\/?post_type=product&#038;p=9432135"},"modified":"2025-04-03T09:09:41","modified_gmt":"2025-04-03T09:09:41","slug":"bancada-de-trabalho-em-aco-inoxidavel-deluxe-600-x-600-mm-com-backsplash","status":"publish","type":"product","link":"https:\/\/tpohotelariaecasa.pt\/index.php\/product\/bancada-de-trabalho-em-aco-inoxidavel-deluxe-600-x-600-mm-com-backsplash\/","title":{"rendered":"Bancada de trabalho em a\u00e7o inoxid\u00e1vel &#8216;Deluxe&#8217; 600 x 600 mm com backsplash"},"content":{"rendered":"<ul>\n<li>Folha de trabalho com bordas dobradas<\/li>\n<li>Os cantos s\u00e3o soldados e polidos<\/li>\n<li>Bons acabamentos, sem arestas vivas<\/li>\n<li>Ficha de trabalho refor\u00e7ada por duas pontes<\/li>\n<li>Capacidade de transporte de 150-200 kg<\/li>\n<li>P\u00e9s e prateleira inferior em a\u00e7o inoxid\u00e1vel<\/li>\n<li>Prateleira n\u00e3o ajust\u00e1vel em altura<\/li>\n<li>P\u00e9s ajust\u00e1veis em altura<\/li>\n<li>Fornecido numa embalagem plana &#8216;<\/li>\n<li>Instala\u00e7\u00e3o muito f\u00e1cil (10 minutos)<\/li>\n<li>As ferramentas est\u00e3o inclu\u00eddas como padr\u00e3o<\/li>\n<li>P\u00e9s quadrados de 40 x 40 mm<\/li>\n<li>Altura m\u00e1xima de 850-900 mm<\/li>\n<li>Sem aresta elevada na parte de tr\u00e1s<\/li>\n<li>Com 10cm de margem elevada na parte de tr\u00e1s (backsplash)<\/li>\n<li>Dimens\u00f5es da bancada 600 x 600 mm<\/li>\n<\/ul>\n","protected":false},"excerpt":{"rendered":"<p>Bancada em a\u00e7o inoxid\u00e1vel com backsplash, p\u00e9s quadrados de dimens\u00f5es 4 x 4(cm), com altura regul\u00e1vel entre 85 e 90cm e com capacidade de carga entre 150 a 200kg na prateleira de cima. Dimens\u00f5es conforme t\u00edtulo do produto.<\/p>\n","protected":false},"featured_media":9432138,"comment_status":"open","ping_status":"closed","template":"","meta":[],"product_cat":[103],"product_tag":[],"class_list":["post-9432135","product","type-product","status-publish","has-post-thumbnail","hentry","product_cat-bancada-de-trabalho","product_shipping_class-pph"],"_links":{"self":[{"href":"https:\/\/tpohotelariaecasa.pt\/index.php\/wp-json\/wp\/v2\/product\/9432135"}],"collection":[{"href":"https:\/\/tpohotelariaecasa.pt\/index.php\/wp-json\/wp\/v2\/product"}],"about":[{"href":"https:\/\/tpohotelariaecasa.pt\/index.php\/wp-json\/wp\/v2\/types\/product"}],"replies":[{"embeddable":true,"href":"https:\/\/tpohotelariaecasa.pt\/index.php\/wp-json\/wp\/v2\/comments?post=9432135"}],"wp:featuredmedia":[{"embeddable":true,"href":"https:\/\/tpohotelariaecasa.pt\/index.php\/wp-json\/wp\/v2\/media\/9432138"}],"wp:attachment":[{"href":"https:\/\/tpohotelariaecasa.pt\/index.php\/wp-json\/wp\/v2\/media?parent=9432135"}],"wp:term":[{"taxonomy":"product_cat","embeddable":true,"href":"https:\/\/tpohotelariaecasa.pt\/index.php\/wp-json\/wp\/v2\/product_cat?post=9432135"},{"taxonomy":"product_tag","embeddable":true,"href":"https:\/\/tpohotelariaecasa.pt\/index.php\/wp-json\/wp\/v2\/product_tag?post=9432135"}],"curies":[{"name":"wp","href":"https:\/\/api.w.org\/{rel}","templated":true}]}}