{"id":9432141,"date":"2023-06-27T14:39:19","date_gmt":"2023-06-27T14:39:19","guid":{"rendered":"https:\/\/tpohotelariaecasa.pt\/?post_type=product&#038;p=9432141"},"modified":"2025-04-03T09:09:36","modified_gmt":"2025-04-03T09:09:36","slug":"mesa-para-maquina-mesa-movel-de-aco-inoxidavel-60-x-60-cm","status":"publish","type":"product","link":"https:\/\/tpohotelariaecasa.pt\/index.php\/product\/mesa-para-maquina-mesa-movel-de-aco-inoxidavel-60-x-60-cm\/","title":{"rendered":"Mesa para m\u00e1quina \/ mesa m\u00f3vel de a\u00e7o inoxid\u00e1vel 60 x 60 cm"},"content":{"rendered":"<ul>\n<li>Mesa M\u00f3vel de A\u00e7o Inoxid\u00e1vel<\/li>\n<li>Capacidade de transporte de 120 kg<\/li>\n<li>Peso l\u00edquido: 25 kg<\/li>\n<li>Dimens\u00f5es: L600 x D600 x H700 mm<\/li>\n<\/ul>\n","protected":false},"excerpt":{"rendered":"<p>Mesa M\u00f3vel de A\u00e7o Inoxid\u00e1vel<br \/>\nCapacidade de transporte de 120 kg<br \/>\nPeso l\u00edquido: 25 kg<br \/>\nDimens\u00f5es: L600 x D600 x H700 mm<br \/>\nPeso l\u00edquido: 25kg<br \/>\nCapacidade de base: 120kg<br \/>\nDimens\u00f5es: B60 x D60 x H70cm<\/p>\n","protected":false},"featured_media":0,"comment_status":"open","ping_status":"closed","template":"","meta":[],"product_cat":[108],"product_tag":[],"class_list":["post-9432141","product","type-product","status-publish","hentry","product_cat-bancada-lava-loua","product_shipping_class-gph"],"_links":{"self":[{"href":"https:\/\/tpohotelariaecasa.pt\/index.php\/wp-json\/wp\/v2\/product\/9432141"}],"collection":[{"href":"https:\/\/tpohotelariaecasa.pt\/index.php\/wp-json\/wp\/v2\/product"}],"about":[{"href":"https:\/\/tpohotelariaecasa.pt\/index.php\/wp-json\/wp\/v2\/types\/product"}],"replies":[{"embeddable":true,"href":"https:\/\/tpohotelariaecasa.pt\/index.php\/wp-json\/wp\/v2\/comments?post=9432141"}],"wp:attachment":[{"href":"https:\/\/tpohotelariaecasa.pt\/index.php\/wp-json\/wp\/v2\/media?parent=9432141"}],"wp:term":[{"taxonomy":"product_cat","embeddable":true,"href":"https:\/\/tpohotelariaecasa.pt\/index.php\/wp-json\/wp\/v2\/product_cat?post=9432141"},{"taxonomy":"product_tag","embeddable":true,"href":"https:\/\/tpohotelariaecasa.pt\/index.php\/wp-json\/wp\/v2\/product_tag?post=9432141"}],"curies":[{"name":"wp","href":"https:\/\/api.w.org\/{rel}","templated":true}]}}