{"id":9432143,"date":"2023-06-27T14:52:59","date_gmt":"2023-06-27T14:52:59","guid":{"rendered":"https:\/\/tpohotelariaecasa.pt\/?post_type=product&#038;p=9432143"},"modified":"2025-04-03T09:09:38","modified_gmt":"2025-04-03T09:09:38","slug":"maquina-de-cubo-de-gelo-m-ice-80","status":"publish","type":"product","link":"https:\/\/tpohotelariaecasa.pt\/index.php\/product\/maquina-de-cubo-de-gelo-m-ice-80\/","title":{"rendered":"M\u00e1quina de Cubo de Gelo 80 kg"},"content":{"rendered":"<p><strong>Caracter\u00edsticas<\/strong><\/p>\n<ul>\n<li>M\u00e1quina de gelo arrefecida a ar<\/li>\n<li>Vem com uma v\u00e1lvula de \u00e1gua<\/li>\n<li>Produz cubos de gelo com balas<\/li>\n<li>Painel de controlo de f\u00e1cil utiliza\u00e7\u00e3o<\/li>\n<li>Luzes indicadoras de n\u00edvel de armazenamento completo e de n\u00edvel de \u00e1gua baixo<\/li>\n<\/ul>\n<p><strong>Especifica\u00e7\u00f5es do produto<\/strong><\/p>\n<ul>\n<li>Peso l\u00edquido: 45 kg<\/li>\n<li>Capacidade de produ\u00e7\u00e3o: 80 kg em 24 horas<\/li>\n<li>Capacidade de armazenamento: 25kg<\/li>\n<li>Dimens\u00f5es: L50 x P61,2 x A91cm<\/li>\n<li>Dimens\u00f5es dos cubos de gelo: aprox. \u00d82-3 x H3-4cm<\/li>\n<li>Refrigerante: R290<\/li>\n<li>230V \/ 50Hz \/ 1 Fase 440W<\/li>\n<\/ul>\n","protected":false},"excerpt":{"rendered":"<p>Peso l\u00edquido: 45 kg<br \/>\nCapacidade de produ\u00e7\u00e3o: 80 kg em 24 horas<br \/>\nCapacidade de armazenamento: 25kg<br \/>\nDimens\u00f5es: L50 x P61,2 x A91cm<br \/>\nDimens\u00f5es dos cubos de gelo: aprox. \u00d82-3 x H3-4cm<br \/>\nRefrigerante: R290<br \/>\n230V \/ 50Hz \/ 1 Fase 440W<\/p>\n","protected":false},"featured_media":9432148,"comment_status":"open","ping_status":"closed","template":"","meta":[],"product_cat":[792,68],"product_tag":[],"class_list":["post-9432143","product","type-product","status-publish","has-post-thumbnail","hentry","product_cat-mais-vendidos","product_cat-mquinas-de-gelo","product_shipping_class-gph"],"_links":{"self":[{"href":"https:\/\/tpohotelariaecasa.pt\/index.php\/wp-json\/wp\/v2\/product\/9432143"}],"collection":[{"href":"https:\/\/tpohotelariaecasa.pt\/index.php\/wp-json\/wp\/v2\/product"}],"about":[{"href":"https:\/\/tpohotelariaecasa.pt\/index.php\/wp-json\/wp\/v2\/types\/product"}],"replies":[{"embeddable":true,"href":"https:\/\/tpohotelariaecasa.pt\/index.php\/wp-json\/wp\/v2\/comments?post=9432143"}],"wp:featuredmedia":[{"embeddable":true,"href":"https:\/\/tpohotelariaecasa.pt\/index.php\/wp-json\/wp\/v2\/media\/9432148"}],"wp:attachment":[{"href":"https:\/\/tpohotelariaecasa.pt\/index.php\/wp-json\/wp\/v2\/media?parent=9432143"}],"wp:term":[{"taxonomy":"product_cat","embeddable":true,"href":"https:\/\/tpohotelariaecasa.pt\/index.php\/wp-json\/wp\/v2\/product_cat?post=9432143"},{"taxonomy":"product_tag","embeddable":true,"href":"https:\/\/tpohotelariaecasa.pt\/index.php\/wp-json\/wp\/v2\/product_tag?post=9432143"}],"curies":[{"name":"wp","href":"https:\/\/api.w.org\/{rel}","templated":true}]}}