{"id":9432146,"date":"2023-06-27T14:53:58","date_gmt":"2023-06-27T14:53:58","guid":{"rendered":"https:\/\/tpohotelariaecasa.pt\/?post_type=product&#038;p=9432146"},"modified":"2025-04-03T09:09:46","modified_gmt":"2025-04-03T09:09:46","slug":"maquina-de-cubo-de-gelo-m-ice-15","status":"publish","type":"product","link":"https:\/\/tpohotelariaecasa.pt\/index.php\/product\/maquina-de-cubo-de-gelo-m-ice-15\/","title":{"rendered":"M\u00e1quina de Cubo de Gelo 15 kg"},"content":{"rendered":"<p><strong>Caracter\u00edsticas<\/strong><\/p>\n<ul>\n<li>M\u00e1quina de gelo arrefecida a ar<\/li>\n<li>Inclui uma v\u00e1lvula de \u00e1gua<\/li>\n<li>Modelo compacto de mesa<\/li>\n<li>Faz cubos de gelo com balas<\/li>\n<li>Painel de controlo de f\u00e1cil utiliza\u00e7\u00e3o<\/li>\n<\/ul>\n<p><strong>Especifica\u00e7\u00f5es do produto<\/strong><\/p>\n<ul>\n<li>Peso l\u00edquido: 11 kg<\/li>\n<li>Dep\u00f3sito de \u00e1gua: 2,2L<\/li>\n<li>Capacidade de produ\u00e7\u00e3o: 15 kg em 24 horas<\/li>\n<li>Capacidade de armazenamento: 1kg<\/li>\n<li>Dimens\u00f5es: L27,5 x P37 x A33,5cm<\/li>\n<li>Dimens\u00f5es dos cubos de gelo: aprox. \u00f8 2-3 x H3-4cm<\/li>\n<li>Pot\u00eancia: 230V \/ 50Hz \/ 1 Fase 180W<\/li>\n<\/ul>\n","protected":false},"excerpt":{"rendered":"<p>M\u00e1quina de fazer cubos de gelo compactos<br \/>\nCaixa pl\u00e1stica e porta<br \/>\nModelo de mesa semi-profissional<br \/>\n2.2L Tanque de \u00e1gua<br \/>\n1 kg de capacidade de armazenamento para gelo<br \/>\nC\u00e2mara interior feita de ABS<br \/>\nBom isolamento e higiene<br \/>\nProtec\u00e7\u00e3o contra sobrecarga<br \/>\nEquipado com v\u00e1lvula de \u00e1gua<br \/>\nRefrigerado a ar por tr\u00e1s<br \/>\nDiferentes tamanhos de cubos de gelo<br \/>\nSistema de arrefecimento eficiente com R134a<br \/>\nInstala\u00e7\u00e3o r\u00e1pida e f\u00e1cil<br \/>\nFica em quatro p\u00e9s ajust\u00e1veis<br \/>\nF\u00e1cil de limpar<br \/>\nPeso l\u00edquido: 11kg<br \/>\nDimens\u00f5es do cubo de gelo: Aprox. \u00f82-3 x H3-4cm<br \/>\nDimens\u00f5es da m\u00e1quina: B27,5 x D37 x H33,5cm<br \/>\nCapacidade de produ\u00e7\u00e3o: 15kg em 24 horas<br \/>\nPot\u00eancia: 230V\/50Hz\/1Fase 180W<\/p>\n","protected":false},"featured_media":9432151,"comment_status":"open","ping_status":"closed","template":"","meta":[],"product_cat":[792,68],"product_tag":[],"class_list":["post-9432146","product","type-product","status-publish","has-post-thumbnail","hentry","product_cat-mais-vendidos","product_cat-mquinas-de-gelo","product_shipping_class-pph"],"_links":{"self":[{"href":"https:\/\/tpohotelariaecasa.pt\/index.php\/wp-json\/wp\/v2\/product\/9432146"}],"collection":[{"href":"https:\/\/tpohotelariaecasa.pt\/index.php\/wp-json\/wp\/v2\/product"}],"about":[{"href":"https:\/\/tpohotelariaecasa.pt\/index.php\/wp-json\/wp\/v2\/types\/product"}],"replies":[{"embeddable":true,"href":"https:\/\/tpohotelariaecasa.pt\/index.php\/wp-json\/wp\/v2\/comments?post=9432146"}],"wp:featuredmedia":[{"embeddable":true,"href":"https:\/\/tpohotelariaecasa.pt\/index.php\/wp-json\/wp\/v2\/media\/9432151"}],"wp:attachment":[{"href":"https:\/\/tpohotelariaecasa.pt\/index.php\/wp-json\/wp\/v2\/media?parent=9432146"}],"wp:term":[{"taxonomy":"product_cat","embeddable":true,"href":"https:\/\/tpohotelariaecasa.pt\/index.php\/wp-json\/wp\/v2\/product_cat?post=9432146"},{"taxonomy":"product_tag","embeddable":true,"href":"https:\/\/tpohotelariaecasa.pt\/index.php\/wp-json\/wp\/v2\/product_tag?post=9432146"}],"curies":[{"name":"wp","href":"https:\/\/api.w.org\/{rel}","templated":true}]}}