{"id":9432152,"date":"2023-06-27T15:06:53","date_gmt":"2023-06-27T15:06:53","guid":{"rendered":"https:\/\/tpohotelariaecasa.pt\/?post_type=product&#038;p=9432152"},"modified":"2025-04-03T09:09:38","modified_gmt":"2025-04-03T09:09:38","slug":"display-multi-deck-refrigerado-deluxe-220l","status":"publish","type":"product","link":"https:\/\/tpohotelariaecasa.pt\/index.php\/product\/display-multi-deck-refrigerado-deluxe-220l\/","title":{"rendered":"Display Multi-Deck Refrigerado Deluxe 220L"},"content":{"rendered":"<ul>\n<li>Vitrina grande expositor aberto e refrigerado 220L<\/li>\n<li>Desenho de luxo com acabamento bonito<\/li>\n<li>Vidro curvo com a\u00e7o cromado<\/li>\n<li>Janelas de vidro em dois lados (vidros duplos)<\/li>\n<li>Equipado com tr\u00eas prateleiras revestidas<\/li>\n<li>Prateleiras com titulares de cart\u00f5es<\/li>\n<li>Sistema de arrefecimento com ventilador<\/li>\n<li>Ciclo de arrefecimento \u00fanico para reduzir a forma\u00e7\u00e3o de gelo<\/li>\n<li>Ilumina\u00e7\u00e3o LED no interior<\/li>\n<li>Refrigerante R290 \/ CFC livre<\/li>\n<li>Controlador digital de temperatura<\/li>\n<li>Temperatura 2 \u00b0 a + 10 \u00b0 graus Celsius<\/li>\n<li>Modelo de piso m\u00f3vel<\/li>\n<li>Equipado com 2 rodas com trav\u00f5es<\/li>\n<li>Completo com pega \/ p\u00e1ra-choques<\/li>\n<li>Apresenta\u00e7\u00e3o de produtos de luxo de v\u00e1rios andares<\/li>\n<li>Peso l\u00edquido: 106kg<\/li>\n<li>Dimens\u00f5es da prateleira: L46 x D28cm<\/li>\n<li>Dimens\u00f5es da vitrina refrigerada aberta: B49,4 x D60 x H174cm<\/li>\n<li>Pot\u00eancia: 230V \/ 50Hz \/ 1Fase 1340W<\/li>\n<\/ul>\n","protected":false},"excerpt":{"rendered":"<p>Vitrina grande expositor aberto e refrigerado 220L<br \/>\nDesenho de luxo com acabamento bonito<br \/>\nVidro curvo com a\u00e7o cromado<br \/>\nJanelas de vidro em dois lados (vidros duplos)<br \/>\nEquipado com tr\u00eas prateleiras revestidas<br \/>\nPrateleiras com titulares de cart\u00f5es<br \/>\nSistema de arrefecimento com ventilador<br \/>\nCiclo de arrefecimento \u00fanico para reduzir a forma\u00e7\u00e3o de gelo<br \/>\nIlumina\u00e7\u00e3o LED no interior<br \/>\nRefrigerante R290 \/ CFC livre<br \/>\nControlador digital de temperatura<br \/>\nTemperatura 2 \u00b0 a + 10 \u00b0 graus Celsius<br \/>\nModelo de piso m\u00f3vel<br \/>\nEquipado com 2 rodas com trav\u00f5es<br \/>\nCompleto com pega \/ p\u00e1ra-choques<br \/>\nApresenta\u00e7\u00e3o de produtos de luxo de v\u00e1rios andares<br \/>\nPeso l\u00edquido: 106kg<br \/>\nDimens\u00f5es da prateleira: L46 x D28cm<br \/>\nDimens\u00f5es da vitrina refrigerada aberta: B49,4 x D60 x H174cm<br \/>\nPot\u00eancia: 230V \/ 50Hz \/ 1Fase 1340W<\/p>\n","protected":false},"featured_media":9432153,"comment_status":"open","ping_status":"closed","template":"","meta":[],"product_cat":[81],"product_tag":[],"class_list":["post-9432152","product","type-product","status-publish","has-post-thumbnail","hentry","product_cat-vitrine-refrigerada","product_shipping_class-gph"],"_links":{"self":[{"href":"https:\/\/tpohotelariaecasa.pt\/index.php\/wp-json\/wp\/v2\/product\/9432152"}],"collection":[{"href":"https:\/\/tpohotelariaecasa.pt\/index.php\/wp-json\/wp\/v2\/product"}],"about":[{"href":"https:\/\/tpohotelariaecasa.pt\/index.php\/wp-json\/wp\/v2\/types\/product"}],"replies":[{"embeddable":true,"href":"https:\/\/tpohotelariaecasa.pt\/index.php\/wp-json\/wp\/v2\/comments?post=9432152"}],"wp:featuredmedia":[{"embeddable":true,"href":"https:\/\/tpohotelariaecasa.pt\/index.php\/wp-json\/wp\/v2\/media\/9432153"}],"wp:attachment":[{"href":"https:\/\/tpohotelariaecasa.pt\/index.php\/wp-json\/wp\/v2\/media?parent=9432152"}],"wp:term":[{"taxonomy":"product_cat","embeddable":true,"href":"https:\/\/tpohotelariaecasa.pt\/index.php\/wp-json\/wp\/v2\/product_cat?post=9432152"},{"taxonomy":"product_tag","embeddable":true,"href":"https:\/\/tpohotelariaecasa.pt\/index.php\/wp-json\/wp\/v2\/product_tag?post=9432152"}],"curies":[{"name":"wp","href":"https:\/\/api.w.org\/{rel}","templated":true}]}}